{"id":7098,"date":"2017-08-02T15:12:41","date_gmt":"2017-08-02T13:12:41","guid":{"rendered":"http:\/\/relaunch.sportpaint.de\/imprint\/"},"modified":"2025-12-01T18:32:46","modified_gmt":"2025-12-01T17:32:46","slug":"imprint","status":"publish","type":"page","link":"https:\/\/www.sportpaint.de\/en\/imprint\/","title":{"rendered":"Imprint"},"content":{"rendered":"<p><strong>sportpaint Werbeball BedruckungsGmbH &amp; Co. KG<\/strong><br \/>\nAm Vo\u00dfberg 21<br \/>\nD-23758 Oldenburg i.H.<\/p>\n<p>Tel: +49 (0)4361\/5553975<br \/>\nE-Mail: <a href=\"mailto:info@sportpaint.de\">info@sportpaint.de<\/a><\/p>\n<p>CEO: Oliver Huxholl<\/p>\n<p>Online-Streitbeilegung gem\u00e4\u00df Art. 14 Abs. 1 ODR-VO: Die Europ\u00e4ische Kommission stellt eine Plattform zur Online-Streitbeilegung (OS) bereit, die Sie unter https:\/\/ec.europa.eu\/consumers\/odr finden.[\/vc_column_text][\/vc_column][\/vc_row]<\/p>\n","protected":false},"excerpt":{"rendered":"<p>sportpaint Werbeball BedruckungsGmbH &amp; Co. KG Am Vo\u00dfberg 21 D-23758 Oldenburg i.H. Tel: +49 (0)4361\/5553975 E-Mail: info@sportpaint.de CEO: Oliver Huxholl Online-Streitbeilegung gem\u00e4\u00df Art. 14 Abs. 1 ODR-VO: Die Europ\u00e4ische Kommission stellt eine Plattform zur Online-Streitbeilegung (OS) bereit, die Sie unter https:\/\/ec.europa.eu\/consumers\/odr finden.[\/vc_column_text][\/vc_column][\/vc_row]<\/p>\n","protected":false},"author":1,"featured_media":0,"parent":0,"menu_order":0,"comment_status":"closed","ping_status":"closed","template":"","meta":{"footnotes":""},"class_list":["post-7098","page","type-page","status-publish","hentry"],"_links":{"self":[{"href":"https:\/\/www.sportpaint.de\/en\/wp-json\/wp\/v2\/pages\/7098","targetHints":{"allow":["GET"]}}],"collection":[{"href":"https:\/\/www.sportpaint.de\/en\/wp-json\/wp\/v2\/pages"}],"about":[{"href":"https:\/\/www.sportpaint.de\/en\/wp-json\/wp\/v2\/types\/page"}],"author":[{"embeddable":true,"href":"https:\/\/www.sportpaint.de\/en\/wp-json\/wp\/v2\/users\/1"}],"replies":[{"embeddable":true,"href":"https:\/\/www.sportpaint.de\/en\/wp-json\/wp\/v2\/comments?post=7098"}],"version-history":[{"count":4,"href":"https:\/\/www.sportpaint.de\/en\/wp-json\/wp\/v2\/pages\/7098\/revisions"}],"predecessor-version":[{"id":10380,"href":"https:\/\/www.sportpaint.de\/en\/wp-json\/wp\/v2\/pages\/7098\/revisions\/10380"}],"wp:attachment":[{"href":"https:\/\/www.sportpaint.de\/en\/wp-json\/wp\/v2\/media?parent=7098"}],"curies":[{"name":"wp","href":"https:\/\/api.w.org\/{rel}","templated":true}]}}