{"id":8975,"date":"2019-05-17T01:39:33","date_gmt":"2019-05-16T23:39:33","guid":{"rendered":"https:\/\/www.sportpaint.de\/?post_type=product&#038;p=8975"},"modified":"2025-06-18T19:07:35","modified_gmt":"2025-06-18T17:07:35","slug":"pvc-plastikbaelle","status":"publish","type":"product","link":"https:\/\/www.sportpaint.de\/de\/produkt\/pvc-plastikbaelle\/","title":{"rendered":"PVC-Plastikb\u00e4lle"},"content":{"rendered":"<h4 style=\"color: #000000;\"><strong>Weitere Beispiele:<\/strong><\/h4>\n<p>&nbsp;<\/p>\n<!-- meta slider -->\n<div style=\"width: 100%; margin: 0 auto;\" class=\"metaslider metaslider-flex metaslider-8998 ml-slider ml-slider-lightbox-1-13-4 no-active-lightbox nav-hidden\">\n    <style type=\"text\/css\" id=\"metaslider-css-8998\">\n        #metaslider_8998.flexslider .slides li {margin-right: 10px !important;}\n    <\/style>\n    <div id=\"metaslider_container_8998\">\n        <div id=\"metaslider_8998\" class=\"flexslider\">\n            <ul class=\"slides\">\n            <\/ul>\n        <\/div>\n        \n    <\/div>\n    <script type=\"text\/javascript\">\n        var metaslider_8998 = function($) {\n            $('#metaslider_8998').flexslider({ \n                slideshowSpeed:3000,\n                animation:'slide',\n                controlNav:false,\n                directionNav:true,\n                pauseOnHover:true,\n                direction:'horizontal',\n                reverse:false,\n                animationSpeed:600,\n                prevText:\"&lt;\",\n                nextText:\"&gt;\",\n                easing:\"linear\",\n                slideshow:true,\n                itemWidth:270,\n                minItems:1,\n                itemMargin:10\n            });\n        };\n        var timer_metaslider_8998 = function() {\n            var slider = !window.jQuery ? window.setTimeout(timer_metaslider_8998, 100) : !jQuery.isReady ? window.setTimeout(timer_metaslider_8998, 1) : metaslider_8998(window.jQuery);\n        };\n        timer_metaslider_8998();\n    <\/script>\n<\/div>\n<!--\/\/ meta slider-->\n","protected":false},"excerpt":{"rendered":"<p class=\"\" data-start=\"93\" data-end=\"349\"><strong data-start=\"93\" data-end=\"137\">PVC-Plastikb\u00e4lle \u2013 Vielseitig einsetzbar<\/strong><br data-start=\"137\" data-end=\"140\" \/>Unsere PVC-Plastikb\u00e4lle eignen sich perfekt f\u00fcr zahlreiche Anwendungen. Sie sind in vielen verschiedenen Standardfarben und Gr\u00f6\u00dfen erh\u00e4ltlich, sodass Sie den idealen Ball f\u00fcr Ihre Bed\u00fcrfnisse ausw\u00e4hlen k\u00f6nnen.<\/p>\n<ul data-start=\"371\" data-end=\"568\">\n<li class=\"\" data-start=\"371\" data-end=\"431\">\n<p class=\"\" data-start=\"373\" data-end=\"431\"><strong data-start=\"373\" data-end=\"386\">Material:<\/strong> PVC-Plastik<\/p>\n<\/li>\n<li class=\"\" data-start=\"432\" data-end=\"490\">\n<p class=\"\" data-start=\"434\" data-end=\"490\"><strong data-start=\"434\" data-end=\"456\">Verf\u00fcgbare Farben:<\/strong> Viele verschiedene Standardfarben<\/p>\n<\/li>\n<li class=\"\" data-start=\"491\" data-end=\"568\">\n<p class=\"\" data-start=\"493\" data-end=\"568\"><strong data-start=\"493\" data-end=\"515\">Verf\u00fcgbare Gr\u00f6\u00dfen:<\/strong> Verschiedene Gr\u00f6\u00dfen f\u00fcr unterschiedliche Anwendungen<\/p>\n<\/li>\n<\/ul>\n<p class=\"\" data-start=\"570\" data-end=\"648\">Erh\u00e4ltlich ab 3.000 St\u00fcck.<br data-start=\"597\" data-end=\"600\" \/>Details zu den Lieferzeiten finden Sie <a href=\"https:\/\/www.sportpaint.de\/faq\/\"><strong>hier<\/strong><\/a>.<\/p>\n","protected":false},"featured_media":8980,"comment_status":"open","ping_status":"closed","template":"","meta":[],"product_brand":[],"product_cat":[512],"product_tag":[],"class_list":{"0":"post-8975","1":"product","2":"type-product","3":"status-publish","4":"has-post-thumbnail","6":"product_cat-pvc-plastikbaelle","8":"first","9":"instock","10":"featured","11":"shipping-taxable","12":"purchasable","13":"product-type-variable"},"_links":{"self":[{"href":"https:\/\/www.sportpaint.de\/de\/wp-json\/wp\/v2\/product\/8975","targetHints":{"allow":["GET"]}}],"collection":[{"href":"https:\/\/www.sportpaint.de\/de\/wp-json\/wp\/v2\/product"}],"about":[{"href":"https:\/\/www.sportpaint.de\/de\/wp-json\/wp\/v2\/types\/product"}],"replies":[{"embeddable":true,"href":"https:\/\/www.sportpaint.de\/de\/wp-json\/wp\/v2\/comments?post=8975"}],"wp:featuredmedia":[{"embeddable":true,"href":"https:\/\/www.sportpaint.de\/de\/wp-json\/wp\/v2\/media\/8980"}],"wp:attachment":[{"href":"https:\/\/www.sportpaint.de\/de\/wp-json\/wp\/v2\/media?parent=8975"}],"wp:term":[{"taxonomy":"product_brand","embeddable":true,"href":"https:\/\/www.sportpaint.de\/de\/wp-json\/wp\/v2\/product_brand?post=8975"},{"taxonomy":"product_cat","embeddable":true,"href":"https:\/\/www.sportpaint.de\/de\/wp-json\/wp\/v2\/product_cat?post=8975"},{"taxonomy":"product_tag","embeddable":true,"href":"https:\/\/www.sportpaint.de\/de\/wp-json\/wp\/v2\/product_tag?post=8975"}],"curies":[{"name":"wp","href":"https:\/\/api.w.org\/{rel}","templated":true}]}}