{"id":8232,"date":"2017-10-12T22:25:55","date_gmt":"2017-10-12T20:25:55","guid":{"rendered":"https:\/\/www.sportpaint.de\/?post_type=product&#038;p=8232"},"modified":"2025-05-14T11:40:21","modified_gmt":"2025-05-14T09:40:21","slug":"ballsack-1","status":"publish","type":"product","link":"https:\/\/www.sportpaint.de\/de\/produkt\/ballsack-1\/","title":{"rendered":"Ballsack"},"content":{"rendered":"","protected":false},"excerpt":{"rendered":"<p class=\"\" data-start=\"77\" data-end=\"539\">Unser <strong data-start=\"168\" data-end=\"185\">Balltragesack<\/strong> aus hochwertigem, festem <strong data-start=\"211\" data-end=\"225\">Nylonstoff<\/strong> bietet Platz f\u00fcr <strong data-start=\"243\" data-end=\"262\">ca. 12 Fu\u00dfb\u00e4lle<\/strong> der Gr\u00f6\u00dfe 5 oder <strong data-start=\"280\" data-end=\"296\">18 Handb\u00e4lle<\/strong> der Gr\u00f6\u00dfe III. Der Sack ist mit einem praktischen <strong data-start=\"347\" data-end=\"360\">Tragegurt<\/strong> ausgestattet, sodass der Transport Ihrer B\u00e4lle bequem und einfach wird. Er ist in <strong data-start=\"443\" data-end=\"485\" data-is-only-node=\"\">vielen verschiedenen Farben erh\u00e4ltlich<\/strong> und l\u00e4sst sich nach Wunsch <strong data-start=\"513\" data-end=\"538\">individuell bedrucken<\/strong>.<\/p>\n<ul data-start=\"561\" data-end=\"847\">\n<li class=\"\" data-start=\"561\" data-end=\"610\">\n<p class=\"\" data-start=\"563\" data-end=\"610\"><strong data-start=\"563\" data-end=\"576\">Material:<\/strong> Hochwertiger, fester Nylonstoff<\/p>\n<\/li>\n<li class=\"\" data-start=\"611\" data-end=\"685\">\n<p class=\"\" data-start=\"613\" data-end=\"685\"><strong data-start=\"613\" data-end=\"627\">Kapazit\u00e4t:<\/strong> F\u00fcr ca. 12 Fu\u00dfb\u00e4lle Gr\u00f6\u00dfe 5 oder 18 Handb\u00e4lle Gr\u00f6\u00dfe III<\/p>\n<\/li>\n<li class=\"\" data-start=\"686\" data-end=\"744\">\n<p class=\"\" data-start=\"688\" data-end=\"744\"><strong data-start=\"688\" data-end=\"704\">Ausstattung:<\/strong> Mit Tragegurt f\u00fcr einfachen Transport<\/p>\n<\/li>\n<li class=\"\" data-start=\"745\" data-end=\"797\">\n<p class=\"\" data-start=\"747\" data-end=\"797\"><strong data-start=\"747\" data-end=\"758\">Farben:<\/strong> Viele verschiedene Farben erh\u00e4ltlich<\/p>\n<\/li>\n<li class=\"\" data-start=\"798\" data-end=\"847\">\n<p class=\"\" data-start=\"800\" data-end=\"847\"><strong data-start=\"800\" data-end=\"810\">Druck:<\/strong> Individueller Aufdruck nach Wunsch<\/p>\n<\/li>\n<\/ul>\n<p class=\"\" data-start=\"849\" data-end=\"923\">Mengen auf Anfrage.<br data-start=\"872\" data-end=\"875\" \/>Details zu den Lieferzeiten finden Sie <a href=\"https:\/\/www.sportpaint.de\/faq\/\"><strong>hier<\/strong><\/a>.<\/p>\n","protected":false},"featured_media":8236,"comment_status":"open","ping_status":"closed","template":"","meta":[],"product_brand":[],"product_cat":[451],"product_tag":[],"class_list":{"0":"post-8232","1":"product","2":"type-product","3":"status-publish","4":"has-post-thumbnail","6":"product_cat-sporttaschen","8":"first","9":"instock","10":"shipping-taxable","11":"purchasable","12":"product-type-variable"},"_links":{"self":[{"href":"https:\/\/www.sportpaint.de\/de\/wp-json\/wp\/v2\/product\/8232","targetHints":{"allow":["GET"]}}],"collection":[{"href":"https:\/\/www.sportpaint.de\/de\/wp-json\/wp\/v2\/product"}],"about":[{"href":"https:\/\/www.sportpaint.de\/de\/wp-json\/wp\/v2\/types\/product"}],"replies":[{"embeddable":true,"href":"https:\/\/www.sportpaint.de\/de\/wp-json\/wp\/v2\/comments?post=8232"}],"wp:featuredmedia":[{"embeddable":true,"href":"https:\/\/www.sportpaint.de\/de\/wp-json\/wp\/v2\/media\/8236"}],"wp:attachment":[{"href":"https:\/\/www.sportpaint.de\/de\/wp-json\/wp\/v2\/media?parent=8232"}],"wp:term":[{"taxonomy":"product_brand","embeddable":true,"href":"https:\/\/www.sportpaint.de\/de\/wp-json\/wp\/v2\/product_brand?post=8232"},{"taxonomy":"product_cat","embeddable":true,"href":"https:\/\/www.sportpaint.de\/de\/wp-json\/wp\/v2\/product_cat?post=8232"},{"taxonomy":"product_tag","embeddable":true,"href":"https:\/\/www.sportpaint.de\/de\/wp-json\/wp\/v2\/product_tag?post=8232"}],"curies":[{"name":"wp","href":"https:\/\/api.w.org\/{rel}","templated":true}]}}