{"id":5594,"date":"2016-12-06T23:32:37","date_gmt":"2016-12-06T22:32:37","guid":{"rendered":"http:\/\/relaunch.sportpaint.de\/produkt\/neutraler-pu-schaumstoff-fussball\/"},"modified":"2025-05-14T11:33:38","modified_gmt":"2025-05-14T09:33:38","slug":"soft-schaumstoffbaelle","status":"publish","type":"product","link":"https:\/\/www.sportpaint.de\/de\/produkt\/soft-schaumstoffbaelle\/","title":{"rendered":"Antistress- \/ PU-Schaumstoffb\u00e4lle"},"content":{"rendered":"<h4 style=\"color: #000000;\"><strong>Weitere Beispiele:<\/strong><\/h4>\n<!-- meta slider -->\n<div style=\"width: 100%; margin: 0 auto;\" class=\"metaslider metaslider-flex metaslider-6823 ml-slider ml-slider-lightbox-1-13-4 no-active-lightbox nav-hidden\">\n    <style type=\"text\/css\" id=\"metaslider-css-6823\">\n        #metaslider_6823.flexslider .slides li {margin-right: 10px !important;}\n    <\/style>\n    <div id=\"metaslider_container_6823\">\n        <div id=\"metaslider_6823\" class=\"flexslider\">\n            <ul class=\"slides\">\n                <li style=\"display: none; float: left; width: 100%;\"><a href=\"https:\/\/www.sportpaint.de\/wp-content\/uploads\/2017\/03\/PU-Schaumstoff-Rugby-003.jpg\" target=\"_self\"><img loading=\"lazy\" decoding=\"async\" src=\"https:\/\/www.sportpaint.de\/wp-content\/uploads\/2017\/03\/PU-Schaumstoff-Rugby-003-270x270.jpg\" height=\"270\" width=\"270\" alt=\"\" class=\"slider-6823 slide-6826\" \/><\/a><\/li>\n                <li style=\"display: none; float: left; width: 100%;\"><a href=\"https:\/\/www.sportpaint.de\/wp-content\/uploads\/2017\/03\/PU-Schaumstoff-Rugby-001.jpg\" target=\"_self\"><img loading=\"lazy\" decoding=\"async\" src=\"https:\/\/www.sportpaint.de\/wp-content\/uploads\/2017\/03\/PU-Schaumstoff-Rugby-001-270x270.jpg\" height=\"270\" width=\"270\" alt=\"\" class=\"slider-6823 slide-6824\" \/><\/a><\/li>\n                <li style=\"display: none; float: left; width: 100%;\"><a href=\"https:\/\/www.sportpaint.de\/wp-content\/uploads\/2017\/03\/PU-Schaumstoff-Rugby-002.jpg\" target=\"_self\"><img loading=\"lazy\" decoding=\"async\" src=\"https:\/\/www.sportpaint.de\/wp-content\/uploads\/2017\/03\/PU-Schaumstoff-Rugby-002-270x270.jpg\" height=\"270\" width=\"270\" alt=\"\" class=\"slider-6823 slide-6825\" \/><\/a><\/li>\n                <li style=\"display: none; float: left; width: 100%;\"><a href=\"https:\/\/www.sportpaint.de\/wp-content\/uploads\/2016\/12\/Unbeschichteter-PU-Soft-Schaumstoffball-V-003.jpg\" target=\"_self\"><img loading=\"lazy\" decoding=\"async\" src=\"https:\/\/www.sportpaint.de\/wp-content\/uploads\/2016\/12\/Unbeschichteter-PU-Soft-Schaumstoffball-V-003-270x270.jpg\" height=\"270\" width=\"270\" alt=\"\" class=\"slider-6823 slide-6435\" \/><\/a><\/li>\n                <li style=\"display: none; float: left; width: 100%;\"><a href=\"https:\/\/www.sportpaint.de\/wp-content\/uploads\/2016\/12\/Unbeschichteter-PU-Soft-Schaumstoffball-V-002.jpg\" target=\"_self\"><img loading=\"lazy\" decoding=\"async\" src=\"https:\/\/www.sportpaint.de\/wp-content\/uploads\/2016\/12\/Unbeschichteter-PU-Soft-Schaumstoffball-V-002-270x270.jpg\" height=\"270\" width=\"270\" alt=\"\" class=\"slider-6823 slide-6433\" \/><\/a><\/li>\n                <li style=\"display: none; float: left; width: 100%;\"><a href=\"https:\/\/www.sportpaint.de\/wp-content\/uploads\/2016\/12\/Unbeschichteter-PU-Soft-Schaumstoffball-V-001.jpg\" target=\"_self\"><img loading=\"lazy\" decoding=\"async\" src=\"https:\/\/www.sportpaint.de\/wp-content\/uploads\/2016\/12\/Unbeschichteter-PU-Soft-Schaumstoffball-V-001-270x270.jpg\" height=\"270\" width=\"270\" alt=\"\" class=\"slider-6823 slide-6431\" \/><\/a><\/li>\n                <li style=\"display: none; float: left; width: 100%;\"><a href=\"https:\/\/www.sportpaint.de\/wp-content\/uploads\/2016\/12\/Unbeschichteter-PU-Soft-Schaumstoffball-IV-003.jpg\" target=\"_self\"><img loading=\"lazy\" decoding=\"async\" src=\"https:\/\/www.sportpaint.de\/wp-content\/uploads\/2016\/12\/Unbeschichteter-PU-Soft-Schaumstoffball-IV-003-270x270.jpg\" height=\"270\" width=\"270\" alt=\"\" class=\"slider-6823 slide-6429\" \/><\/a><\/li>\n                <li style=\"display: none; float: left; width: 100%;\"><a href=\"https:\/\/www.sportpaint.de\/wp-content\/uploads\/2016\/12\/Unbeschichteter-PU-Soft-Schaumstoffball-IV-002.jpg\" target=\"_self\"><img loading=\"lazy\" decoding=\"async\" src=\"https:\/\/www.sportpaint.de\/wp-content\/uploads\/2016\/12\/Unbeschichteter-PU-Soft-Schaumstoffball-IV-002-270x270.jpg\" height=\"270\" width=\"270\" alt=\"\" class=\"slider-6823 slide-6427\" \/><\/a><\/li>\n                <li style=\"display: none; float: left; width: 100%;\"><a href=\"https:\/\/www.sportpaint.de\/wp-content\/uploads\/2016\/12\/Unbeschichteter-PU-Soft-Schaumstoffball-IV-001.jpg\" target=\"_self\"><img loading=\"lazy\" decoding=\"async\" src=\"https:\/\/www.sportpaint.de\/wp-content\/uploads\/2016\/12\/Unbeschichteter-PU-Soft-Schaumstoffball-IV-001-270x270.jpg\" height=\"270\" width=\"270\" alt=\"\" class=\"slider-6823 slide-6425\" \/><\/a><\/li>\n                <li style=\"display: none; float: left; width: 100%;\"><a href=\"https:\/\/www.sportpaint.de\/wp-content\/uploads\/2016\/12\/Unbeschichteter-PU-Soft-Schaumstoffball-III-003.jpg\" target=\"_self\"><img loading=\"lazy\" decoding=\"async\" src=\"https:\/\/www.sportpaint.de\/wp-content\/uploads\/2016\/12\/Unbeschichteter-PU-Soft-Schaumstoffball-III-003-270x270.jpg\" height=\"270\" width=\"270\" alt=\"\" class=\"slider-6823 slide-6423\" \/><\/a><\/li>\n                <li style=\"display: none; float: left; width: 100%;\"><a href=\"https:\/\/www.sportpaint.de\/wp-content\/uploads\/2016\/12\/Unbeschichteter-PU-Soft-Schaumstoffball-III-002.jpg\" target=\"_self\"><img loading=\"lazy\" decoding=\"async\" src=\"https:\/\/www.sportpaint.de\/wp-content\/uploads\/2016\/12\/Unbeschichteter-PU-Soft-Schaumstoffball-III-002-270x270.jpg\" height=\"270\" width=\"270\" alt=\"\" class=\"slider-6823 slide-6421\" \/><\/a><\/li>\n                <li style=\"display: none; float: left; width: 100%;\"><a href=\"https:\/\/www.sportpaint.de\/wp-content\/uploads\/2016\/12\/Unbeschichteter-PU-Soft-Schaumstoffball-III-001.jpg\" target=\"_self\"><img loading=\"lazy\" decoding=\"async\" src=\"https:\/\/www.sportpaint.de\/wp-content\/uploads\/2016\/12\/Unbeschichteter-PU-Soft-Schaumstoffball-III-001-270x270.jpg\" height=\"270\" width=\"270\" alt=\"\" class=\"slider-6823 slide-6419\" \/><\/a><\/li>\n                <li style=\"display: none; float: left; width: 100%;\"><a href=\"https:\/\/www.sportpaint.de\/wp-content\/uploads\/2016\/12\/Unbeschichteter-PU-Soft-Schaumstoffball-II-003.jpg\" target=\"_self\"><img loading=\"lazy\" decoding=\"async\" src=\"https:\/\/www.sportpaint.de\/wp-content\/uploads\/2016\/12\/Unbeschichteter-PU-Soft-Schaumstoffball-II-003-270x270.jpg\" height=\"270\" width=\"270\" alt=\"\" class=\"slider-6823 slide-6417\" \/><\/a><\/li>\n                <li style=\"display: none; float: left; width: 100%;\"><a href=\"https:\/\/www.sportpaint.de\/wp-content\/uploads\/2016\/12\/Unbeschichteter-PU-Soft-Schaumstoffball-II-002.jpg\" target=\"_self\"><img loading=\"lazy\" decoding=\"async\" src=\"https:\/\/www.sportpaint.de\/wp-content\/uploads\/2016\/12\/Unbeschichteter-PU-Soft-Schaumstoffball-II-002-270x270.jpg\" height=\"270\" width=\"270\" alt=\"\" class=\"slider-6823 slide-6415\" \/><\/a><\/li>\n                <li style=\"display: none; float: left; width: 100%;\"><a href=\"https:\/\/www.sportpaint.de\/wp-content\/uploads\/2016\/12\/Unbeschichteter-PU-Soft-Schaumstoffball-II-001.jpg\" target=\"_self\"><img loading=\"lazy\" decoding=\"async\" src=\"https:\/\/www.sportpaint.de\/wp-content\/uploads\/2016\/12\/Unbeschichteter-PU-Soft-Schaumstoffball-II-001-270x270.jpg\" height=\"270\" width=\"270\" alt=\"\" class=\"slider-6823 slide-6413\" \/><\/a><\/li>\n                <li style=\"display: none; float: left; width: 100%;\"><a href=\"https:\/\/www.sportpaint.de\/wp-content\/uploads\/2016\/12\/Unbeschichteter-PU-Soft-Schaumstoffball-003.jpg\" target=\"_self\"><img loading=\"lazy\" decoding=\"async\" src=\"https:\/\/www.sportpaint.de\/wp-content\/uploads\/2016\/12\/Unbeschichteter-PU-Soft-Schaumstoffball-003-270x270.jpg\" height=\"270\" width=\"270\" alt=\"\" class=\"slider-6823 slide-6411\" \/><\/a><\/li>\n                <li style=\"display: none; float: left; width: 100%;\"><a href=\"https:\/\/www.sportpaint.de\/wp-content\/uploads\/2016\/12\/Unbeschichteter-PU-Soft-Schaumstoffball-002.jpg\" target=\"_self\"><img loading=\"lazy\" decoding=\"async\" src=\"https:\/\/www.sportpaint.de\/wp-content\/uploads\/2016\/12\/Unbeschichteter-PU-Soft-Schaumstoffball-002-270x270.jpg\" height=\"270\" width=\"270\" alt=\"\" class=\"slider-6823 slide-6409\" \/><\/a><\/li>\n                <li style=\"display: none; float: left; width: 100%;\"><a href=\"https:\/\/www.sportpaint.de\/wp-content\/uploads\/2016\/12\/Unbeschichteter-PU-Soft-Schaumstoffball-001.jpg\" target=\"_self\"><img loading=\"lazy\" decoding=\"async\" src=\"https:\/\/www.sportpaint.de\/wp-content\/uploads\/2016\/12\/Unbeschichteter-PU-Soft-Schaumstoffball-001-270x270.jpg\" height=\"270\" width=\"270\" alt=\"\" class=\"slider-6823 slide-6407\" \/><\/a><\/li>\n                <li style=\"display: none; float: left; width: 100%;\"><a href=\"https:\/\/www.sportpaint.de\/wp-content\/uploads\/2016\/12\/Unbeschichteter-PU-Soft-Schaumstoff-Rugby-003.jpg\" target=\"_self\"><img loading=\"lazy\" decoding=\"async\" src=\"https:\/\/www.sportpaint.de\/wp-content\/uploads\/2016\/12\/Unbeschichteter-PU-Soft-Schaumstoff-Rugby-003-270x270.jpg\" height=\"270\" width=\"270\" alt=\"\" class=\"slider-6823 slide-6405\" \/><\/a><\/li>\n                <li style=\"display: none; float: left; width: 100%;\"><a href=\"https:\/\/www.sportpaint.de\/wp-content\/uploads\/2016\/12\/Unbeschichteter-PU-Soft-Schaumstoff-Rugby-002.jpg\" target=\"_self\"><img loading=\"lazy\" decoding=\"async\" src=\"https:\/\/www.sportpaint.de\/wp-content\/uploads\/2016\/12\/Unbeschichteter-PU-Soft-Schaumstoff-Rugby-002-270x270.jpg\" height=\"270\" width=\"270\" alt=\"\" class=\"slider-6823 slide-6403\" \/><\/a><\/li>\n                <li style=\"display: none; float: left; width: 100%;\"><a href=\"https:\/\/www.sportpaint.de\/wp-content\/uploads\/2016\/12\/Unbeschichteter-PU-Soft-Schaumstoff-Rugby-001.jpg\" target=\"_self\"><img loading=\"lazy\" decoding=\"async\" src=\"https:\/\/www.sportpaint.de\/wp-content\/uploads\/2016\/12\/Unbeschichteter-PU-Soft-Schaumstoff-Rugby-001-270x270.jpg\" height=\"270\" width=\"270\" alt=\"\" class=\"slider-6823 slide-6401\" \/><\/a><\/li>\n                <li style=\"display: none; float: left; width: 100%;\"><a href=\"https:\/\/www.sportpaint.de\/wp-content\/uploads\/2016\/12\/Unbeschichteter-PU-Soft-Schaumstoff-American-Football-003.jpg\" target=\"_self\"><img loading=\"lazy\" decoding=\"async\" src=\"https:\/\/www.sportpaint.de\/wp-content\/uploads\/2016\/12\/Unbeschichteter-PU-Soft-Schaumstoff-American-Football-003-270x270.jpg\" height=\"270\" width=\"270\" alt=\"\" class=\"slider-6823 slide-6399\" \/><\/a><\/li>\n                <li style=\"display: none; float: left; width: 100%;\"><a href=\"https:\/\/www.sportpaint.de\/wp-content\/uploads\/2016\/12\/Unbeschichteter-PU-Soft-Schaumstoff-American-Football-002.jpg\" target=\"_self\"><img loading=\"lazy\" decoding=\"async\" src=\"https:\/\/www.sportpaint.de\/wp-content\/uploads\/2016\/12\/Unbeschichteter-PU-Soft-Schaumstoff-American-Football-002-270x270.jpg\" height=\"270\" width=\"270\" alt=\"\" class=\"slider-6823 slide-6397\" \/><\/a><\/li>\n                <li style=\"display: none; float: left; width: 100%;\"><a href=\"https:\/\/www.sportpaint.de\/wp-content\/uploads\/2016\/12\/Unbeschichteter-PU-Soft-Schaumstoff-American-Football-001.jpg\" target=\"_self\"><img loading=\"lazy\" decoding=\"async\" src=\"https:\/\/www.sportpaint.de\/wp-content\/uploads\/2016\/12\/Unbeschichteter-PU-Soft-Schaumstoff-American-Football-001-270x270.jpg\" height=\"270\" width=\"270\" alt=\"\" class=\"slider-6823 slide-6395\" \/><\/a><\/li>\n                <li style=\"display: none; float: left; width: 100%;\"><a href=\"https:\/\/www.sportpaint.de\/wp-content\/uploads\/2016\/12\/Schaumstoffball-Miniball-003.jpg\" target=\"_self\"><img loading=\"lazy\" decoding=\"async\" src=\"https:\/\/www.sportpaint.de\/wp-content\/uploads\/2016\/12\/Schaumstoffball-Miniball-003-270x270.jpg\" height=\"270\" width=\"270\" alt=\"\" class=\"slider-6823 slide-6393\" \/><\/a><\/li>\n                <li style=\"display: none; float: left; width: 100%;\"><a href=\"https:\/\/www.sportpaint.de\/wp-content\/uploads\/2016\/12\/Schaumstoffball-Miniball-002.jpg\" target=\"_self\"><img loading=\"lazy\" decoding=\"async\" src=\"https:\/\/www.sportpaint.de\/wp-content\/uploads\/2016\/12\/Schaumstoffball-Miniball-002-270x270.jpg\" height=\"270\" width=\"270\" alt=\"\" class=\"slider-6823 slide-6391\" \/><\/a><\/li>\n                <li style=\"display: none; float: left; width: 100%;\"><a href=\"https:\/\/www.sportpaint.de\/wp-content\/uploads\/2016\/12\/Schaumstoffball-Miniball-001.jpg\" target=\"_self\"><img loading=\"lazy\" decoding=\"async\" src=\"https:\/\/www.sportpaint.de\/wp-content\/uploads\/2016\/12\/Schaumstoffball-Miniball-001-270x270.jpg\" height=\"270\" width=\"270\" alt=\"\" class=\"slider-6823 slide-6389\" \/><\/a><\/li>\n                <li style=\"display: none; float: left; width: 100%;\"><a href=\"https:\/\/www.sportpaint.de\/wp-content\/uploads\/2016\/12\/PU-Schaumstoff-Volleyball-003.jpg\" target=\"_self\"><img loading=\"lazy\" decoding=\"async\" src=\"https:\/\/www.sportpaint.de\/wp-content\/uploads\/2016\/12\/PU-Schaumstoff-Volleyball-003-270x270.jpg\" height=\"270\" width=\"270\" alt=\"\" class=\"slider-6823 slide-6387\" \/><\/a><\/li>\n                <li style=\"display: none; float: left; width: 100%;\"><a href=\"https:\/\/www.sportpaint.de\/wp-content\/uploads\/2016\/12\/PU-Schaumstoff-Volleyball-002.jpg\" target=\"_self\"><img loading=\"lazy\" decoding=\"async\" src=\"https:\/\/www.sportpaint.de\/wp-content\/uploads\/2016\/12\/PU-Schaumstoff-Volleyball-002-270x270.jpg\" height=\"270\" width=\"270\" alt=\"\" class=\"slider-6823 slide-6385\" \/><\/a><\/li>\n                <li style=\"display: none; float: left; width: 100%;\"><a href=\"https:\/\/www.sportpaint.de\/wp-content\/uploads\/2016\/12\/PU-Schaumstoff-Volleyball-001.jpg\" target=\"_self\"><img loading=\"lazy\" decoding=\"async\" src=\"https:\/\/www.sportpaint.de\/wp-content\/uploads\/2016\/12\/PU-Schaumstoff-Volleyball-001-270x270.jpg\" height=\"270\" width=\"270\" alt=\"\" class=\"slider-6823 slide-6383\" \/><\/a><\/li>\n                <li style=\"display: none; float: left; width: 100%;\"><a href=\"https:\/\/www.sportpaint.de\/wp-content\/uploads\/2016\/12\/PU-Schaumstoff-Fussball-003.jpg\" target=\"_self\"><img loading=\"lazy\" decoding=\"async\" src=\"https:\/\/www.sportpaint.de\/wp-content\/uploads\/2016\/12\/PU-Schaumstoff-Fussball-003-270x270.jpg\" height=\"270\" width=\"270\" alt=\"\" class=\"slider-6823 slide-6381\" \/><\/a><\/li>\n                <li style=\"display: none; float: left; width: 100%;\"><a href=\"https:\/\/www.sportpaint.de\/wp-content\/uploads\/2016\/12\/PU-Schaumstoff-Fussball-002.jpg\" target=\"_self\"><img loading=\"lazy\" decoding=\"async\" src=\"https:\/\/www.sportpaint.de\/wp-content\/uploads\/2016\/12\/PU-Schaumstoff-Fussball-002-270x270.jpg\" height=\"270\" width=\"270\" alt=\"\" class=\"slider-6823 slide-6379\" \/><\/a><\/li>\n                <li style=\"display: none; float: left; width: 100%;\"><a href=\"https:\/\/www.sportpaint.de\/wp-content\/uploads\/2016\/12\/PU-Schaumstoff-Fussball-001.jpg\" target=\"_self\"><img loading=\"lazy\" decoding=\"async\" src=\"https:\/\/www.sportpaint.de\/wp-content\/uploads\/2016\/12\/PU-Schaumstoff-Fussball-001-270x270.jpg\" height=\"270\" width=\"270\" alt=\"\" class=\"slider-6823 slide-6377\" \/><\/a><\/li>\n            <\/ul>\n        <\/div>\n        \n    <\/div>\n    <script type=\"text\/javascript\">\n        var metaslider_6823 = function($) {\n            $('#metaslider_6823').flexslider({ \n                slideshowSpeed:3000,\n                animation:'slide',\n                controlNav:false,\n                directionNav:true,\n                pauseOnHover:true,\n                direction:'horizontal',\n                reverse:false,\n                animationSpeed:600,\n                prevText:\"&lt;\",\n                nextText:\"&gt;\",\n                easing:\"linear\",\n                slideshow:true,\n                itemWidth:270,\n                minItems:1,\n                itemMargin:10\n            });\n        };\n        var timer_metaslider_6823 = function() {\n            var slider = !window.jQuery ? window.setTimeout(timer_metaslider_6823, 100) : !jQuery.isReady ? window.setTimeout(timer_metaslider_6823, 1) : metaslider_6823(window.jQuery);\n        };\n        timer_metaslider_6823();\n    <\/script>\n<\/div>\n<!--\/\/ meta slider-->\n","protected":false},"excerpt":{"rendered":"<p class=\"\" data-start=\"94\" data-end=\"382\"><strong data-start=\"94\" data-end=\"171\">Antistress- und PU-Schaumstoffb\u00e4lle \u2013 vielseitig, hygienisch, individuell<\/strong><br data-start=\"171\" data-end=\"174\" \/>Unsere <strong data-start=\"181\" data-end=\"218\">Antistress- \/ PU-Schaumstoffb\u00e4lle<\/strong> verf\u00fcgen \u00fcber eine geschlossene Oberfl\u00e4chenstruktur, sind angenehm weich, gut springend sowie <strong data-start=\"313\" data-end=\"344\">abwasch- und desinfizierbar<\/strong> \u2013 ideal f\u00fcr den vielseitigen Einsatz.<\/p>\n<p class=\"\" data-start=\"384\" data-end=\"617\">Ob <strong data-start=\"387\" data-end=\"458\">Fu\u00dfball, Volleyball, American Football, Rugby, Tennisball, Golfball<\/strong> oder andere Sportarten \u2013 die B\u00e4lle sind in verschiedenen Formen und <strong data-start=\"527\" data-end=\"549\">Gr\u00f6\u00dfen auf Anfrage<\/strong> erh\u00e4ltlich und k\u00f6nnen individuell an Ihre W\u00fcnsche angepasst werden.<\/p>\n<ul data-start=\"639\" data-end=\"824\">\n<li class=\"\" data-start=\"639\" data-end=\"691\">\n<p class=\"\" data-start=\"641\" data-end=\"691\">Material: PU-Schaum mit geschlossener Oberfl\u00e4che<\/p>\n<\/li>\n<li class=\"\" data-start=\"692\" data-end=\"720\">\n<p class=\"\" data-start=\"694\" data-end=\"720\">Gute Sprungeigenschaften<\/p>\n<\/li>\n<li class=\"\" data-start=\"721\" data-end=\"752\">\n<p class=\"\" data-start=\"723\" data-end=\"752\">Abwasch- und desinfizierbar<\/p>\n<\/li>\n<li class=\"\" data-start=\"753\" data-end=\"791\">\n<p class=\"\" data-start=\"755\" data-end=\"791\">F\u00fcr viele Ballsportarten verf\u00fcgbar<\/p>\n<\/li>\n<li class=\"\" data-start=\"792\" data-end=\"824\">\n<p class=\"\" data-start=\"794\" data-end=\"824\">Gr\u00f6\u00dfen individuell auf Anfrage<\/p>\n<\/li>\n<\/ul>\n<p class=\"\" data-start=\"826\" data-end=\"900\">Mengen auf Anfrage.<br data-start=\"849\" data-end=\"852\" \/>Details zu den Lieferzeiten finden Sie <a href=\"https:\/\/www.sportpaint.de\/faq\/\"><strong>hier<\/strong><\/a>.<\/p>\n","protected":false},"featured_media":6415,"comment_status":"open","ping_status":"closed","template":"","meta":[],"product_brand":[],"product_cat":[319],"product_tag":[],"class_list":{"0":"post-5594","1":"product","2":"type-product","3":"status-publish","4":"has-post-thumbnail","6":"product_cat-soft-und-squeezebaelle","8":"first","9":"instock","10":"featured","11":"shipping-taxable","12":"purchasable","13":"product-type-variable"},"_links":{"self":[{"href":"https:\/\/www.sportpaint.de\/de\/wp-json\/wp\/v2\/product\/5594","targetHints":{"allow":["GET"]}}],"collection":[{"href":"https:\/\/www.sportpaint.de\/de\/wp-json\/wp\/v2\/product"}],"about":[{"href":"https:\/\/www.sportpaint.de\/de\/wp-json\/wp\/v2\/types\/product"}],"replies":[{"embeddable":true,"href":"https:\/\/www.sportpaint.de\/de\/wp-json\/wp\/v2\/comments?post=5594"}],"wp:featuredmedia":[{"embeddable":true,"href":"https:\/\/www.sportpaint.de\/de\/wp-json\/wp\/v2\/media\/6415"}],"wp:attachment":[{"href":"https:\/\/www.sportpaint.de\/de\/wp-json\/wp\/v2\/media?parent=5594"}],"wp:term":[{"taxonomy":"product_brand","embeddable":true,"href":"https:\/\/www.sportpaint.de\/de\/wp-json\/wp\/v2\/product_brand?post=5594"},{"taxonomy":"product_cat","embeddable":true,"href":"https:\/\/www.sportpaint.de\/de\/wp-json\/wp\/v2\/product_cat?post=5594"},{"taxonomy":"product_tag","embeddable":true,"href":"https:\/\/www.sportpaint.de\/de\/wp-json\/wp\/v2\/product_tag?post=5594"}],"curies":[{"name":"wp","href":"https:\/\/api.w.org\/{rel}","templated":true}]}}