{"id":5532,"date":"2016-12-06T21:23:33","date_gmt":"2016-12-06T20:23:33","guid":{"rendered":"http:\/\/relaunch.sportpaint.de\/produkt\/fussball-fbp\/"},"modified":"2025-05-14T11:20:48","modified_gmt":"2025-05-14T09:20:48","slug":"nostalgie-ball","status":"publish","type":"product","link":"https:\/\/www.sportpaint.de\/de\/produkt\/nostalgie-ball\/","title":{"rendered":"Nostalgie Ball"},"content":{"rendered":"<h4 style=\"color: #000000;\"><strong>Weitere Beispiele:<\/strong><\/h4>\n<p>&nbsp;<\/p>\n<!-- meta slider -->\n<div style=\"width: 100%; margin: 0 auto;\" class=\"metaslider metaslider-flex metaslider-6036 ml-slider ml-slider-lightbox-1-13-4 no-active-lightbox nav-hidden\">\n    <style type=\"text\/css\" id=\"metaslider-css-6036\">\n        #metaslider_6036.flexslider .slides li {margin-right: 10px !important;}\n    <\/style>\n    <div id=\"metaslider_container_6036\">\n        <div id=\"metaslider_6036\" class=\"flexslider\">\n            <ul class=\"slides\">\n                <li style=\"display: none; float: left; width: 100%;\"><a href=\"https:\/\/www.sportpaint.de\/wp-content\/uploads\/2016\/12\/Nostalgieball_001.jpg\" target=\"_self\"><img loading=\"lazy\" decoding=\"async\" src=\"https:\/\/www.sportpaint.de\/wp-content\/uploads\/2016\/12\/Nostalgieball_001-270x270.jpg\" height=\"270\" width=\"270\" alt=\"\" class=\"slider-6036 slide-6031\" \/><\/a><\/li>\n                <li style=\"display: none; float: left; width: 100%;\"><a href=\"https:\/\/www.sportpaint.de\/wp-content\/uploads\/2016\/12\/Nostalgieball_002.jpg\" target=\"_self\"><img loading=\"lazy\" decoding=\"async\" src=\"https:\/\/www.sportpaint.de\/wp-content\/uploads\/2016\/12\/Nostalgieball_002-270x270.jpg\" height=\"270\" width=\"270\" alt=\"\" class=\"slider-6036 slide-6033\" \/><\/a><\/li>\n            <\/ul>\n        <\/div>\n        \n    <\/div>\n    <script type=\"text\/javascript\">\n        var metaslider_6036 = function($) {\n            $('#metaslider_6036').flexslider({ \n                slideshowSpeed:3000,\n                animation:'slide',\n                controlNav:false,\n                directionNav:true,\n                pauseOnHover:true,\n                direction:'horizontal',\n                reverse:false,\n                animationSpeed:600,\n                prevText:\"&lt;\",\n                nextText:\"&gt;\",\n                easing:\"linear\",\n                slideshow:true,\n                itemWidth:270,\n                minItems:1,\n                itemMargin:10\n            });\n        };\n        var timer_metaslider_6036 = function() {\n            var slider = !window.jQuery ? window.setTimeout(timer_metaslider_6036, 100) : !jQuery.isReady ? window.setTimeout(timer_metaslider_6036, 1) : metaslider_6036(window.jQuery);\n        };\n        timer_metaslider_6036();\n    <\/script>\n<\/div>\n<!--\/\/ meta slider-->\n","protected":false},"excerpt":{"rendered":"<p class=\"\" data-start=\"105\" data-end=\"149\"><strong data-start=\"105\" data-end=\"149\">Nostalgie Ball \u2013 Fu\u00dfball im Retro-Design<\/strong><\/p>\n<p class=\"\" data-start=\"151\" data-end=\"532\">Ein Ball wie aus einer anderen Zeit \u2013 der Nostalgie Ball bringt den klassischen Look vergangener Fu\u00dfball-\u00c4ren zur\u00fcck auf den Platz. Mit seinem zeitlosen Leder-Look, den ikonischen N\u00e4hten und dem authentischen Design ist er ein echtes Highlight f\u00fcr Fu\u00dfballliebhaber und Retro-Fans \u2013 dieser Ball vereint Tradition und Stil in Perfektion.<\/p>\n<p data-start=\"151\" data-end=\"532\">Erh\u00e4ltlich ab 50 St\u00fcck.<br data-start=\"775\" data-end=\"778\" \/>Details zu den Lieferzeiten finden Sie <a href=\"https:\/\/www.sportpaint.de\/faq\/\"><strong>hier<\/strong><\/a>.<\/p>\n","protected":false},"featured_media":6031,"comment_status":"open","ping_status":"closed","template":"","meta":[],"product_brand":[],"product_cat":[321],"product_tag":[],"class_list":{"0":"post-5532","1":"product","2":"type-product","3":"status-publish","4":"has-post-thumbnail","6":"product_cat-fussbaelle","8":"first","9":"instock","10":"featured","11":"shipping-taxable","12":"purchasable","13":"product-type-variable"},"_links":{"self":[{"href":"https:\/\/www.sportpaint.de\/de\/wp-json\/wp\/v2\/product\/5532","targetHints":{"allow":["GET"]}}],"collection":[{"href":"https:\/\/www.sportpaint.de\/de\/wp-json\/wp\/v2\/product"}],"about":[{"href":"https:\/\/www.sportpaint.de\/de\/wp-json\/wp\/v2\/types\/product"}],"replies":[{"embeddable":true,"href":"https:\/\/www.sportpaint.de\/de\/wp-json\/wp\/v2\/comments?post=5532"}],"wp:featuredmedia":[{"embeddable":true,"href":"https:\/\/www.sportpaint.de\/de\/wp-json\/wp\/v2\/media\/6031"}],"wp:attachment":[{"href":"https:\/\/www.sportpaint.de\/de\/wp-json\/wp\/v2\/media?parent=5532"}],"wp:term":[{"taxonomy":"product_brand","embeddable":true,"href":"https:\/\/www.sportpaint.de\/de\/wp-json\/wp\/v2\/product_brand?post=5532"},{"taxonomy":"product_cat","embeddable":true,"href":"https:\/\/www.sportpaint.de\/de\/wp-json\/wp\/v2\/product_cat?post=5532"},{"taxonomy":"product_tag","embeddable":true,"href":"https:\/\/www.sportpaint.de\/de\/wp-json\/wp\/v2\/product_tag?post=5532"}],"curies":[{"name":"wp","href":"https:\/\/api.w.org\/{rel}","templated":true}]}}