{"id":5520,"date":"2016-12-06T21:03:28","date_gmt":"2016-12-06T20:03:28","guid":{"rendered":"http:\/\/relaunch.sportpaint.de\/produkt\/neutrale-pu-minibaelle-im-set\/"},"modified":"2025-05-14T11:26:00","modified_gmt":"2025-05-14T09:26:00","slug":"30-panel-miniball","status":"publish","type":"product","link":"https:\/\/www.sportpaint.de\/de\/produkt\/30-panel-miniball\/","title":{"rendered":"30 Panel \u2013 Miniball"},"content":{"rendered":"<h4 style=\"color: #000000;\"><strong>Weitere Beispiele:<\/strong><\/h4>\n<p>&nbsp;<\/p>\n<!-- meta slider -->\n<div style=\"width: 100%; margin: 0 auto;\" class=\"metaslider metaslider-flex metaslider-6573 ml-slider ml-slider-lightbox-1-13-4 no-active-lightbox nav-hidden\">\n    <style type=\"text\/css\" id=\"metaslider-css-6573\">\n        #metaslider_6573.flexslider .slides li {margin-right: 10px !important;}\n    <\/style>\n    <div id=\"metaslider_container_6573\">\n        <div id=\"metaslider_6573\" class=\"flexslider\">\n            <ul class=\"slides\">\n                <li style=\"display: none; float: left; width: 100%;\"><a href=\"https:\/\/www.sportpaint.de\/wp-content\/uploads\/2016\/12\/30-Panel-Miniball-013.jpg\" target=\"_self\"><img loading=\"lazy\" decoding=\"async\" src=\"https:\/\/www.sportpaint.de\/wp-content\/uploads\/2016\/12\/30-Panel-Miniball-013-270x270.jpg\" height=\"270\" width=\"270\" alt=\"\" class=\"slider-6573 slide-6578\" \/><\/a><\/li>\n                <li style=\"display: none; float: left; width: 100%;\"><a href=\"https:\/\/www.sportpaint.de\/wp-content\/uploads\/2016\/12\/30-Panel-Miniball-014.jpg\" target=\"_self\"><img loading=\"lazy\" decoding=\"async\" src=\"https:\/\/www.sportpaint.de\/wp-content\/uploads\/2016\/12\/30-Panel-Miniball-014-270x270.jpg\" height=\"270\" width=\"270\" alt=\"\" class=\"slider-6573 slide-6580\" \/><\/a><\/li>\n                <li style=\"display: none; float: left; width: 100%;\"><a href=\"https:\/\/www.sportpaint.de\/wp-content\/uploads\/2016\/12\/30-Panel-Miniball-012.jpg\" target=\"_self\"><img loading=\"lazy\" decoding=\"async\" src=\"https:\/\/www.sportpaint.de\/wp-content\/uploads\/2016\/12\/30-Panel-Miniball-012-270x270.jpg\" height=\"270\" width=\"270\" alt=\"\" class=\"slider-6573 slide-6576\" \/><\/a><\/li>\n                <li style=\"display: none; float: left; width: 100%;\"><a href=\"https:\/\/www.sportpaint.de\/wp-content\/uploads\/2016\/12\/30-Panel-Miniball-011.jpg\" target=\"_self\"><img loading=\"lazy\" decoding=\"async\" src=\"https:\/\/www.sportpaint.de\/wp-content\/uploads\/2016\/12\/30-Panel-Miniball-011-270x270.jpg\" height=\"270\" width=\"270\" alt=\"\" class=\"slider-6573 slide-6574\" \/><\/a><\/li>\n                <li style=\"display: none; float: left; width: 100%;\"><a href=\"https:\/\/www.sportpaint.de\/wp-content\/uploads\/2016\/12\/30-Panel-Miniball-008.jpg\" target=\"_self\"><img loading=\"lazy\" decoding=\"async\" src=\"https:\/\/www.sportpaint.de\/wp-content\/uploads\/2016\/12\/30-Panel-Miniball-008-270x270.jpg\" height=\"270\" width=\"270\" alt=\"\" class=\"slider-6573 slide-6567\" \/><\/a><\/li>\n                <li style=\"display: none; float: left; width: 100%;\"><a href=\"https:\/\/www.sportpaint.de\/wp-content\/uploads\/2016\/12\/30-Panel-Miniball-006.jpg\" target=\"_self\"><img loading=\"lazy\" decoding=\"async\" src=\"https:\/\/www.sportpaint.de\/wp-content\/uploads\/2016\/12\/30-Panel-Miniball-006-270x270.jpg\" height=\"270\" width=\"270\" alt=\"\" class=\"slider-6573 slide-6563\" \/><\/a><\/li>\n                <li style=\"display: none; float: left; width: 100%;\"><a href=\"https:\/\/www.sportpaint.de\/wp-content\/uploads\/2016\/12\/30-Panel-Miniball-005.jpg\" target=\"_self\"><img loading=\"lazy\" decoding=\"async\" src=\"https:\/\/www.sportpaint.de\/wp-content\/uploads\/2016\/12\/30-Panel-Miniball-005-270x270.jpg\" height=\"270\" width=\"270\" alt=\"\" class=\"slider-6573 slide-6561\" \/><\/a><\/li>\n                <li style=\"display: none; float: left; width: 100%;\"><a href=\"https:\/\/www.sportpaint.de\/wp-content\/uploads\/2016\/12\/30-Panel-Miniball-002.jpg\" target=\"_self\"><img loading=\"lazy\" decoding=\"async\" src=\"https:\/\/www.sportpaint.de\/wp-content\/uploads\/2016\/12\/30-Panel-Miniball-002-270x270.jpg\" height=\"270\" width=\"270\" alt=\"\" class=\"slider-6573 slide-6555\" \/><\/a><\/li>\n                <li style=\"display: none; float: left; width: 100%;\"><a href=\"https:\/\/www.sportpaint.de\/wp-content\/uploads\/2016\/12\/30-Panel-Miniball-001.jpg\" target=\"_self\"><img loading=\"lazy\" decoding=\"async\" src=\"https:\/\/www.sportpaint.de\/wp-content\/uploads\/2016\/12\/30-Panel-Miniball-001-270x270.jpg\" height=\"270\" width=\"270\" alt=\"\" class=\"slider-6573 slide-6553\" \/><\/a><\/li>\n            <\/ul>\n        <\/div>\n        \n    <\/div>\n    <script type=\"text\/javascript\">\n        var metaslider_6573 = function($) {\n            $('#metaslider_6573').flexslider({ \n                slideshowSpeed:3000,\n                animation:'slide',\n                controlNav:false,\n                directionNav:true,\n                pauseOnHover:true,\n                direction:'horizontal',\n                reverse:false,\n                animationSpeed:600,\n                prevText:\"&lt;\",\n                nextText:\"&gt;\",\n                easing:\"linear\",\n                slideshow:true,\n                itemWidth:270,\n                minItems:1,\n                itemMargin:10\n            });\n        };\n        var timer_metaslider_6573 = function() {\n            var slider = !window.jQuery ? window.setTimeout(timer_metaslider_6573, 100) : !jQuery.isReady ? window.setTimeout(timer_metaslider_6573, 1) : metaslider_6573(window.jQuery);\n        };\n        timer_metaslider_6573();\n    <\/script>\n<\/div>\n<!--\/\/ meta slider-->\n","protected":false},"excerpt":{"rendered":"<p class=\"\" data-start=\"92\" data-end=\"563\"><strong data-start=\"92\" data-end=\"129\">Optimale Werbefl\u00e4che f\u00fcr Ihr Logo<\/strong><br data-start=\"129\" data-end=\"132\" \/>Dieser Ball kann mit zwei oder vier Doppelpanelen gefertigt werden und bietet Ihnen dadurch eine ununterbrochene Werbefl\u00e4che ohne st\u00f6rende N\u00e4hte. Alle unsere B\u00e4lle lassen sich nach Ihren W\u00fcnschen gestalten, sodass Ihr Logo perfekt zur Geltung kommt.<br data-start=\"381\" data-end=\"384\" \/>Nachfolgend finden Sie einige Designbeispiele als Inspiration. Gern erstellen wir auch ma\u00dfgeschneiderte Designvorschl\u00e4ge, die Ihr Logo und Ihre Markenbotschaft ideal pr\u00e4sentieren.<\/p>\n<ul data-start=\"585\" data-end=\"826\">\n<li class=\"\" data-start=\"585\" data-end=\"633\">\n<p class=\"\" data-start=\"587\" data-end=\"633\"><strong data-start=\"587\" data-end=\"604\">30 Panel Ball<\/strong> f\u00fcr gro\u00dffl\u00e4chige Werbedrucke<\/p>\n<\/li>\n<li class=\"\" data-start=\"634\" data-end=\"704\">\n<p class=\"\" data-start=\"636\" data-end=\"704\"><strong>Erm\u00f6glicht Drucke auf einer optimalen Fl\u00e4che<\/strong> ohne st\u00f6rende N\u00e4hte<\/p>\n<\/li>\n<li class=\"\" data-start=\"690\" data-end=\"776\">\n<p class=\"\" data-start=\"692\" data-end=\"776\"><strong data-start=\"692\" data-end=\"713\">Materialqualit\u00e4t:<\/strong> PU\/PVC Gemisch oder PU<\/p>\n<\/li>\n<li class=\"\" data-start=\"705\" data-end=\"826\">\n<p class=\"\" data-start=\"707\" data-end=\"729\"><strong data-start=\"707\" data-end=\"728\">Verf\u00fcgbare Gr\u00f6\u00dfen<\/strong>:<\/p>\n<ul data-start=\"732\" data-end=\"826\">\n<li class=\"\" data-start=\"732\" data-end=\"776\">\n<p class=\"\" data-start=\"734\" data-end=\"776\">Umfang: ca. 43 cm | Durchmesser: ca. 14 cm<\/p>\n<\/li>\n<li class=\"\" data-start=\"779\" data-end=\"826\">\n<p class=\"\" data-start=\"781\" data-end=\"826\">Umfang: ca. 51 cm | Durchmesser: ca. 16-17 cm<\/p>\n<\/li>\n<\/ul>\n<\/li>\n<\/ul>\n<p class=\"\" data-start=\"828\" data-end=\"907\">Erh\u00e4ltlich ab 100 St\u00fcck.<br data-start=\"856\" data-end=\"859\" \/>Details zu den Lieferzeiten finden Sie <a href=\"https:\/\/www.sportpaint.de\/faq\/\"><strong>hier<\/strong><\/a>.<\/p>\n","protected":false},"featured_media":7712,"comment_status":"open","ping_status":"closed","template":"","meta":[],"product_brand":[],"product_cat":[325],"product_tag":[],"class_list":{"0":"post-5520","1":"product","2":"type-product","3":"status-publish","4":"has-post-thumbnail","6":"product_cat-minibaelle","8":"first","9":"instock","10":"featured","11":"shipping-taxable","12":"purchasable","13":"product-type-variable"},"_links":{"self":[{"href":"https:\/\/www.sportpaint.de\/de\/wp-json\/wp\/v2\/product\/5520","targetHints":{"allow":["GET"]}}],"collection":[{"href":"https:\/\/www.sportpaint.de\/de\/wp-json\/wp\/v2\/product"}],"about":[{"href":"https:\/\/www.sportpaint.de\/de\/wp-json\/wp\/v2\/types\/product"}],"replies":[{"embeddable":true,"href":"https:\/\/www.sportpaint.de\/de\/wp-json\/wp\/v2\/comments?post=5520"}],"wp:featuredmedia":[{"embeddable":true,"href":"https:\/\/www.sportpaint.de\/de\/wp-json\/wp\/v2\/media\/7712"}],"wp:attachment":[{"href":"https:\/\/www.sportpaint.de\/de\/wp-json\/wp\/v2\/media?parent=5520"}],"wp:term":[{"taxonomy":"product_brand","embeddable":true,"href":"https:\/\/www.sportpaint.de\/de\/wp-json\/wp\/v2\/product_brand?post=5520"},{"taxonomy":"product_cat","embeddable":true,"href":"https:\/\/www.sportpaint.de\/de\/wp-json\/wp\/v2\/product_cat?post=5520"},{"taxonomy":"product_tag","embeddable":true,"href":"https:\/\/www.sportpaint.de\/de\/wp-json\/wp\/v2\/product_tag?post=5520"}],"curies":[{"name":"wp","href":"https:\/\/api.w.org\/{rel}","templated":true}]}}