{"id":5470,"date":"2016-12-05T22:58:34","date_gmt":"2016-12-05T21:58:34","guid":{"rendered":"http:\/\/relaunch.sportpaint.de\/produkt\/mini-volleyball\/"},"modified":"2025-05-14T10:13:14","modified_gmt":"2025-05-14T08:13:14","slug":"mini-volleyball","status":"publish","type":"product","link":"https:\/\/www.sportpaint.de\/de\/produkt\/mini-volleyball\/","title":{"rendered":"Mini-Volleyball"},"content":{"rendered":"<h4 style=\"color: #000000;\"><strong>Weitere Beispiele:<\/strong><\/h4>\n<p>&nbsp;<\/p>\n<!-- meta slider -->\n<div style=\"width: 100%; margin: 0 auto;\" class=\"metaslider metaslider-flex metaslider-6833 ml-slider ml-slider-lightbox-1-13-4 no-active-lightbox nav-hidden\">\n    <style type=\"text\/css\" id=\"metaslider-css-6833\">\n        #metaslider_6833.flexslider .slides li {margin-right: 10px !important;}\n    <\/style>\n    <div id=\"metaslider_container_6833\">\n        <div id=\"metaslider_6833\" class=\"flexslider\">\n            <ul class=\"slides\">\n            <\/ul>\n        <\/div>\n        \n    <\/div>\n    <script type=\"text\/javascript\">\n        var metaslider_6833 = function($) {\n            $('#metaslider_6833').flexslider({ \n                slideshowSpeed:3000,\n                animation:'slide',\n                controlNav:false,\n                directionNav:true,\n                pauseOnHover:true,\n                direction:'horizontal',\n                reverse:false,\n                animationSpeed:600,\n                prevText:\"&lt;\",\n                nextText:\"&gt;\",\n                easing:\"linear\",\n                slideshow:true,\n                itemWidth:270,\n                minItems:1,\n                itemMargin:10\n            });\n        };\n        var timer_metaslider_6833 = function() {\n            var slider = !window.jQuery ? window.setTimeout(timer_metaslider_6833, 100) : !jQuery.isReady ? window.setTimeout(timer_metaslider_6833, 1) : metaslider_6833(window.jQuery);\n        };\n        timer_metaslider_6833();\n    <\/script>\n<\/div>\n<!--\/\/ meta slider-->\n","protected":false},"excerpt":{"rendered":"<p class=\"\" data-start=\"92\" data-end=\"467\"><strong data-start=\"92\" data-end=\"167\">Mini Promotion Volleyball \u2013 Weiches, strukturiertes synthetisches Leder<\/strong><br data-start=\"167\" data-end=\"170\" \/>Dieser Mini-Volleyball aus hochwertigem, sehr weichem und strukturiertem synthetischen Leder bietet ein angenehmes Gef\u00fchl und hervorragenden Griff. Viele verschiedene Farbkombinationen sind verf\u00fcgbar, sodass der Ball perfekt auf Ihre individuellen W\u00fcnsche und Anforderungen abgestimmt werden kann.<\/p>\n<ul data-start=\"489\" data-end=\"688\">\n<li class=\"\" data-start=\"629\" data-end=\"688\">\n<p class=\"\" data-start=\"631\" data-end=\"688\"><strong data-start=\"631\" data-end=\"641\">Gr\u00f6\u00dfe:<\/strong> Umfang ca. 51-52 cm | Durchmesser ca. 16-17 cm<\/p>\n<\/li>\n<\/ul>\n<p class=\"\" data-start=\"690\" data-end=\"769\">Erh\u00e4ltlich ab 100 St\u00fcck.<br data-start=\"718\" data-end=\"721\" \/>Details zu den Lieferzeiten finden Sie <a href=\"https:\/\/www.sportpaint.de\/faq\/\"><strong>hier<\/strong><\/a>.<\/p>\n","protected":false},"featured_media":10088,"comment_status":"open","ping_status":"closed","template":"","meta":[],"product_brand":[],"product_cat":[325,330],"product_tag":[],"class_list":{"0":"post-5470","1":"product","2":"type-product","3":"status-publish","4":"has-post-thumbnail","6":"product_cat-minibaelle","7":"product_cat-volleybaelle","9":"first","10":"instock","11":"featured","12":"shipping-taxable","13":"purchasable","14":"product-type-variable"},"_links":{"self":[{"href":"https:\/\/www.sportpaint.de\/de\/wp-json\/wp\/v2\/product\/5470","targetHints":{"allow":["GET"]}}],"collection":[{"href":"https:\/\/www.sportpaint.de\/de\/wp-json\/wp\/v2\/product"}],"about":[{"href":"https:\/\/www.sportpaint.de\/de\/wp-json\/wp\/v2\/types\/product"}],"replies":[{"embeddable":true,"href":"https:\/\/www.sportpaint.de\/de\/wp-json\/wp\/v2\/comments?post=5470"}],"wp:featuredmedia":[{"embeddable":true,"href":"https:\/\/www.sportpaint.de\/de\/wp-json\/wp\/v2\/media\/10088"}],"wp:attachment":[{"href":"https:\/\/www.sportpaint.de\/de\/wp-json\/wp\/v2\/media?parent=5470"}],"wp:term":[{"taxonomy":"product_brand","embeddable":true,"href":"https:\/\/www.sportpaint.de\/de\/wp-json\/wp\/v2\/product_brand?post=5470"},{"taxonomy":"product_cat","embeddable":true,"href":"https:\/\/www.sportpaint.de\/de\/wp-json\/wp\/v2\/product_cat?post=5470"},{"taxonomy":"product_tag","embeddable":true,"href":"https:\/\/www.sportpaint.de\/de\/wp-json\/wp\/v2\/product_tag?post=5470"}],"curies":[{"name":"wp","href":"https:\/\/api.w.org\/{rel}","templated":true}]}}