{"id":5363,"date":"2016-11-22T22:54:24","date_gmt":"2016-11-22T21:54:24","guid":{"rendered":"http:\/\/relaunch.sportpaint.de\/produkt\/fussball-neoprenball\/"},"modified":"2025-05-14T11:31:48","modified_gmt":"2025-05-14T09:31:48","slug":"neoprenball","status":"publish","type":"product","link":"https:\/\/www.sportpaint.de\/de\/produkt\/neoprenball\/","title":{"rendered":"Neoprenball"},"content":{"rendered":"<h4 style=\"color: #000000;\"><strong>Weitere Beispiele:<\/strong><\/h4>\n<p>&nbsp;<\/p>\n<!-- meta slider -->\n<div style=\"width: 100%; margin: 0 auto;\" class=\"metaslider metaslider-flex metaslider-9036 ml-slider ml-slider-lightbox-1-13-4 no-active-lightbox nav-hidden\">\n    <style type=\"text\/css\" id=\"metaslider-css-9036\">\n        #metaslider_9036.flexslider .slides li {margin-right: 10px !important;}\n    <\/style>\n    <div id=\"metaslider_container_9036\">\n        <div id=\"metaslider_9036\" class=\"flexslider\">\n            <ul class=\"slides\">\n            <\/ul>\n        <\/div>\n        \n    <\/div>\n    <script type=\"text\/javascript\">\n        var metaslider_9036 = function($) {\n            $('#metaslider_9036').flexslider({ \n                slideshowSpeed:3000,\n                animation:'slide',\n                controlNav:false,\n                directionNav:true,\n                pauseOnHover:true,\n                direction:'horizontal',\n                reverse:false,\n                animationSpeed:600,\n                prevText:\"&lt;\",\n                nextText:\"&gt;\",\n                easing:\"linear\",\n                slideshow:true,\n                itemWidth:270,\n                minItems:1,\n                itemMargin:10\n            });\n        };\n        var timer_metaslider_9036 = function() {\n            var slider = !window.jQuery ? window.setTimeout(timer_metaslider_9036, 100) : !jQuery.isReady ? window.setTimeout(timer_metaslider_9036, 1) : metaslider_9036(window.jQuery);\n        };\n        timer_metaslider_9036();\n    <\/script>\n<\/div>\n<!--\/\/ meta slider-->\n","protected":false},"excerpt":{"rendered":"<p class=\"\" data-start=\"111\" data-end=\"364\"><strong data-start=\"111\" data-end=\"176\">Maschinen-gen\u00e4hter, wasserfester Ball mit Soft Fabric \u00dcberzug<\/strong><br data-start=\"176\" data-end=\"179\" \/>Dieser Ball mit <strong data-start=\"195\" data-end=\"251\">maschinen-gen\u00e4htem, wasserfestem Soft Fabric \u00dcberzug<\/strong> ist extrem weich und sorgt f\u00fcr hervorragende Sprungeigenschaften. Ideal f\u00fcr sportliche Aktivit\u00e4ten und Freizeit.<\/p>\n<ul data-start=\"386\" data-end=\"737\">\n<li class=\"\" data-start=\"386\" data-end=\"462\">\n<p class=\"\" data-start=\"388\" data-end=\"462\"><strong data-start=\"388\" data-end=\"401\">Material:<\/strong> Maschinen-gen\u00e4hter Ball mit wasserfestem Soft Fabric \u00dcberzug<\/p>\n<\/li>\n<li class=\"\" data-start=\"463\" data-end=\"519\">\n<p class=\"\" data-start=\"465\" data-end=\"519\"><strong data-start=\"465\" data-end=\"483\">Eigenschaften:<\/strong> Extrem weich und sehr gut springend<\/p>\n<\/li>\n<li class=\"\" data-start=\"520\" data-end=\"589\">\n<p class=\"\" data-start=\"522\" data-end=\"589\"><strong data-start=\"522\" data-end=\"544\">Verf\u00fcgbare Farben:<\/strong> Viele verschiedene Standardfarben erh\u00e4ltlich<\/p>\n<\/li>\n<li class=\"\" data-start=\"590\" data-end=\"737\">\n<p class=\"\" data-start=\"592\" data-end=\"604\"><strong data-start=\"592\" data-end=\"602\">Gr\u00f6\u00dfe:<\/strong><\/p>\n<ul data-start=\"607\" data-end=\"737\">\n<li class=\"\" data-start=\"607\" data-end=\"711\">\n<p class=\"\" data-start=\"609\" data-end=\"623\"><strong data-start=\"609\" data-end=\"621\">Gr\u00f6\u00dfe 5:<\/strong><\/p>\n<ul data-start=\"628\" data-end=\"711\">\n<li class=\"\" data-start=\"628\" data-end=\"649\">\n<p class=\"\" data-start=\"630\" data-end=\"649\">Umfang: ca. 63 cm<\/p>\n<\/li>\n<li class=\"\" data-start=\"654\" data-end=\"680\">\n<p class=\"\" data-start=\"656\" data-end=\"680\">Durchmesser: ca. 20 cm<\/p>\n<\/li>\n<li class=\"\" data-start=\"685\" data-end=\"711\">\n<p class=\"\" data-start=\"687\" data-end=\"711\">Gewicht: ca. 120-130 g<\/p>\n<\/li>\n<\/ul>\n<\/li>\n<li class=\"\" data-start=\"714\" data-end=\"737\">\n<p class=\"\" data-start=\"716\" data-end=\"737\">Oder als <strong data-start=\"725\" data-end=\"737\">Miniball<\/strong><\/p>\n<\/li>\n<\/ul>\n<\/li>\n<\/ul>\n<p class=\"\" data-start=\"739\" data-end=\"817\">Erh\u00e4ltlich ab 50 St\u00fcck.<br data-start=\"766\" data-end=\"769\" \/>Details zu den Lieferzeiten finden Sie <a href=\"https:\/\/www.sportpaint.de\/faq\/\"><strong>hier<\/strong><\/a>.<\/p>\n","protected":false},"featured_media":6359,"comment_status":"open","ping_status":"closed","template":"","meta":[],"product_brand":[],"product_cat":[511],"product_tag":[],"class_list":{"0":"post-5363","1":"product","2":"type-product","3":"status-publish","4":"has-post-thumbnail","6":"product_cat-neoprenbaelle","8":"first","9":"instock","10":"featured","11":"shipping-taxable","12":"purchasable","13":"product-type-variable"},"_links":{"self":[{"href":"https:\/\/www.sportpaint.de\/de\/wp-json\/wp\/v2\/product\/5363","targetHints":{"allow":["GET"]}}],"collection":[{"href":"https:\/\/www.sportpaint.de\/de\/wp-json\/wp\/v2\/product"}],"about":[{"href":"https:\/\/www.sportpaint.de\/de\/wp-json\/wp\/v2\/types\/product"}],"replies":[{"embeddable":true,"href":"https:\/\/www.sportpaint.de\/de\/wp-json\/wp\/v2\/comments?post=5363"}],"wp:featuredmedia":[{"embeddable":true,"href":"https:\/\/www.sportpaint.de\/de\/wp-json\/wp\/v2\/media\/6359"}],"wp:attachment":[{"href":"https:\/\/www.sportpaint.de\/de\/wp-json\/wp\/v2\/media?parent=5363"}],"wp:term":[{"taxonomy":"product_brand","embeddable":true,"href":"https:\/\/www.sportpaint.de\/de\/wp-json\/wp\/v2\/product_brand?post=5363"},{"taxonomy":"product_cat","embeddable":true,"href":"https:\/\/www.sportpaint.de\/de\/wp-json\/wp\/v2\/product_cat?post=5363"},{"taxonomy":"product_tag","embeddable":true,"href":"https:\/\/www.sportpaint.de\/de\/wp-json\/wp\/v2\/product_tag?post=5363"}],"curies":[{"name":"wp","href":"https:\/\/api.w.org\/{rel}","templated":true}]}}