{"id":5359,"date":"2016-11-22T22:52:29","date_gmt":"2016-11-22T21:52:29","guid":{"rendered":"http:\/\/relaunch.sportpaint.de\/produkt\/handball\/"},"modified":"2025-05-14T11:29:51","modified_gmt":"2025-05-14T09:29:51","slug":"handball","status":"publish","type":"product","link":"https:\/\/www.sportpaint.de\/de\/produkt\/handball\/","title":{"rendered":"Handball"},"content":{"rendered":"<h4 style=\"color: #000000;\"><strong>Weitere Beispiele:<\/strong><\/h4>\n<p>&nbsp;<\/p>\n<!-- meta slider -->\n<div style=\"width: 100%; margin: 0 auto;\" class=\"metaslider metaslider-flex metaslider-6197 ml-slider ml-slider-lightbox-1-13-4 no-active-lightbox nav-hidden\">\n    <style type=\"text\/css\" id=\"metaslider-css-6197\">\n        #metaslider_6197.flexslider .slides li {margin-right: 10px !important;}\n    <\/style>\n    <div id=\"metaslider_container_6197\">\n        <div id=\"metaslider_6197\" class=\"flexslider\">\n            <ul class=\"slides\">\n                <li style=\"display: none; float: left; width: 100%;\"><a href=\"https:\/\/www.sportpaint.de\/wp-content\/uploads\/2016\/11\/Handball_003.jpg\" target=\"_self\"><img loading=\"lazy\" decoding=\"async\" src=\"https:\/\/www.sportpaint.de\/wp-content\/uploads\/2016\/11\/Handball_003-270x270.jpg\" height=\"270\" width=\"270\" alt=\"\" class=\"slider-6197 slide-6204\" \/><\/a><\/li>\n                <li style=\"display: none; float: left; width: 100%;\"><a href=\"https:\/\/www.sportpaint.de\/wp-content\/uploads\/2016\/11\/Handball_005.jpg\" target=\"_self\"><img loading=\"lazy\" decoding=\"async\" src=\"https:\/\/www.sportpaint.de\/wp-content\/uploads\/2016\/11\/Handball_005-270x270.jpg\" height=\"270\" width=\"270\" alt=\"\" class=\"slider-6197 slide-6208\" \/><\/a><\/li>\n                <li style=\"display: none; float: left; width: 100%;\"><a href=\"https:\/\/www.sportpaint.de\/wp-content\/uploads\/2016\/11\/Handball_018.jpg\" target=\"_self\"><img loading=\"lazy\" decoding=\"async\" src=\"https:\/\/www.sportpaint.de\/wp-content\/uploads\/2016\/11\/Handball_018-270x270.jpg\" height=\"270\" width=\"270\" alt=\"\" class=\"slider-6197 slide-6234\" \/><\/a><\/li>\n                <li style=\"display: none; float: left; width: 100%;\"><a href=\"https:\/\/www.sportpaint.de\/wp-content\/uploads\/2016\/11\/Handball_017.jpg\" target=\"_self\"><img loading=\"lazy\" decoding=\"async\" src=\"https:\/\/www.sportpaint.de\/wp-content\/uploads\/2016\/11\/Handball_017-270x270.jpg\" height=\"270\" width=\"270\" alt=\"\" class=\"slider-6197 slide-6232\" \/><\/a><\/li>\n                <li style=\"display: none; float: left; width: 100%;\"><a href=\"https:\/\/www.sportpaint.de\/wp-content\/uploads\/2016\/11\/Handball_016.jpg\" target=\"_self\"><img loading=\"lazy\" decoding=\"async\" src=\"https:\/\/www.sportpaint.de\/wp-content\/uploads\/2016\/11\/Handball_016-270x270.jpg\" height=\"270\" width=\"270\" alt=\"\" class=\"slider-6197 slide-6230\" \/><\/a><\/li>\n                <li style=\"display: none; float: left; width: 100%;\"><a href=\"https:\/\/www.sportpaint.de\/wp-content\/uploads\/2016\/11\/Handball_014.jpg\" target=\"_self\"><img loading=\"lazy\" decoding=\"async\" src=\"https:\/\/www.sportpaint.de\/wp-content\/uploads\/2016\/11\/Handball_014-270x270.jpg\" height=\"270\" width=\"270\" alt=\"\" class=\"slider-6197 slide-6226\" \/><\/a><\/li>\n                <li style=\"display: none; float: left; width: 100%;\"><a href=\"https:\/\/www.sportpaint.de\/wp-content\/uploads\/2016\/11\/Handball_012.jpg\" target=\"_self\"><img loading=\"lazy\" decoding=\"async\" src=\"https:\/\/www.sportpaint.de\/wp-content\/uploads\/2016\/11\/Handball_012-270x270.jpg\" height=\"270\" width=\"270\" alt=\"\" class=\"slider-6197 slide-6222\" \/><\/a><\/li>\n                <li style=\"display: none; float: left; width: 100%;\"><a href=\"https:\/\/www.sportpaint.de\/wp-content\/uploads\/2016\/11\/Handball_011.jpg\" target=\"_self\"><img loading=\"lazy\" decoding=\"async\" src=\"https:\/\/www.sportpaint.de\/wp-content\/uploads\/2016\/11\/Handball_011-270x270.jpg\" height=\"270\" width=\"270\" alt=\"\" class=\"slider-6197 slide-6220\" \/><\/a><\/li>\n                <li style=\"display: none; float: left; width: 100%;\"><a href=\"https:\/\/www.sportpaint.de\/wp-content\/uploads\/2016\/11\/Handball_010.jpg\" target=\"_self\"><img loading=\"lazy\" decoding=\"async\" src=\"https:\/\/www.sportpaint.de\/wp-content\/uploads\/2016\/11\/Handball_010-270x270.jpg\" height=\"270\" width=\"270\" alt=\"\" class=\"slider-6197 slide-6218\" \/><\/a><\/li>\n                <li style=\"display: none; float: left; width: 100%;\"><a href=\"https:\/\/www.sportpaint.de\/wp-content\/uploads\/2016\/11\/Handball_009.jpg\" target=\"_self\"><img loading=\"lazy\" decoding=\"async\" src=\"https:\/\/www.sportpaint.de\/wp-content\/uploads\/2016\/11\/Handball_009-270x270.jpg\" height=\"270\" width=\"270\" alt=\"\" class=\"slider-6197 slide-6216\" \/><\/a><\/li>\n                <li style=\"display: none; float: left; width: 100%;\"><a href=\"https:\/\/www.sportpaint.de\/wp-content\/uploads\/2016\/11\/Handball_008.jpg\" target=\"_self\"><img loading=\"lazy\" decoding=\"async\" src=\"https:\/\/www.sportpaint.de\/wp-content\/uploads\/2016\/11\/Handball_008-270x270.jpg\" height=\"270\" width=\"270\" alt=\"\" class=\"slider-6197 slide-6214\" \/><\/a><\/li>\n                <li style=\"display: none; float: left; width: 100%;\"><a href=\"https:\/\/www.sportpaint.de\/wp-content\/uploads\/2016\/11\/Handball_007.jpg\" target=\"_self\"><img loading=\"lazy\" decoding=\"async\" src=\"https:\/\/www.sportpaint.de\/wp-content\/uploads\/2016\/11\/Handball_007-270x270.jpg\" height=\"270\" width=\"270\" alt=\"\" class=\"slider-6197 slide-6212\" \/><\/a><\/li>\n                <li style=\"display: none; float: left; width: 100%;\"><a href=\"https:\/\/www.sportpaint.de\/wp-content\/uploads\/2016\/11\/Handball_006.jpg\" target=\"_self\"><img loading=\"lazy\" decoding=\"async\" src=\"https:\/\/www.sportpaint.de\/wp-content\/uploads\/2016\/11\/Handball_006-270x270.jpg\" height=\"270\" width=\"270\" alt=\"\" class=\"slider-6197 slide-6210\" \/><\/a><\/li>\n                <li style=\"display: none; float: left; width: 100%;\"><a href=\"https:\/\/www.sportpaint.de\/wp-content\/uploads\/2016\/11\/Handball_004.jpg\" target=\"_self\"><img loading=\"lazy\" decoding=\"async\" src=\"https:\/\/www.sportpaint.de\/wp-content\/uploads\/2016\/11\/Handball_004-270x270.jpg\" height=\"270\" width=\"270\" alt=\"\" class=\"slider-6197 slide-6206\" \/><\/a><\/li>\n            <\/ul>\n        <\/div>\n        \n    <\/div>\n    <script type=\"text\/javascript\">\n        var metaslider_6197 = function($) {\n            $('#metaslider_6197').flexslider({ \n                slideshowSpeed:3000,\n                animation:'slide',\n                controlNav:false,\n                directionNav:true,\n                pauseOnHover:true,\n                direction:'horizontal',\n                reverse:false,\n                animationSpeed:600,\n                prevText:\"&lt;\",\n                nextText:\"&gt;\",\n                easing:\"linear\",\n                slideshow:true,\n                itemWidth:270,\n                minItems:1,\n                itemMargin:10\n            });\n        };\n        var timer_metaslider_6197 = function() {\n            var slider = !window.jQuery ? window.setTimeout(timer_metaslider_6197, 100) : !jQuery.isReady ? window.setTimeout(timer_metaslider_6197, 1) : metaslider_6197(window.jQuery);\n        };\n        timer_metaslider_6197();\n    <\/script>\n<\/div>\n<!--\/\/ meta slider-->\n","protected":false},"excerpt":{"rendered":"<p class=\"\" data-start=\"81\" data-end=\"410\"><strong data-start=\"81\" data-end=\"148\">Handb\u00e4lle aus hochwertigem PU-Material f\u00fcr optimale Performance<\/strong><br data-start=\"148\" data-end=\"151\" \/>Alle unsere Handb\u00e4lle bestehen aus <strong data-start=\"186\" data-end=\"214\">hochwertigem PU-Material<\/strong> und bieten mit ihrem <strong data-start=\"236\" data-end=\"251\">X-trem Grip<\/strong> hervorragende Eigenschaften f\u00fcr den Handballsport. Zus\u00e4tzlich bieten wir eine Variante speziell als Werbeball an, die sich ideal f\u00fcr Marketingzwecke eignet.<\/p>\n<p class=\"\" data-start=\"412\" data-end=\"636\">Mit unserem Handball und Ihrem Design k\u00f6nnen Sie <strong data-start=\"461\" data-end=\"492\">personalisierte Werbemittel<\/strong> entwickeln, die genau Ihren W\u00fcnschen entsprechen. Dank unserer gro\u00dfen Auswahl an Farben und Designs wird Ihr Handball garantiert zum Highlight!<\/p>\n<p class=\"\" data-start=\"638\" data-end=\"716\">Erh\u00e4ltlich ab 50 St\u00fcck.<br data-start=\"665\" data-end=\"668\" \/>Details zu den Lieferzeiten finden Sie <a href=\"https:\/\/www.sportpaint.de\/faq\/\"><strong>hier<\/strong><\/a>.<\/p>\n","protected":false},"featured_media":7833,"comment_status":"open","ping_status":"closed","template":"","meta":[],"product_brand":[],"product_cat":[322],"product_tag":[],"class_list":{"0":"post-5359","1":"product","2":"type-product","3":"status-publish","4":"has-post-thumbnail","6":"product_cat-handball","8":"first","9":"instock","10":"featured","11":"shipping-taxable","12":"purchasable","13":"product-type-variable"},"_links":{"self":[{"href":"https:\/\/www.sportpaint.de\/de\/wp-json\/wp\/v2\/product\/5359","targetHints":{"allow":["GET"]}}],"collection":[{"href":"https:\/\/www.sportpaint.de\/de\/wp-json\/wp\/v2\/product"}],"about":[{"href":"https:\/\/www.sportpaint.de\/de\/wp-json\/wp\/v2\/types\/product"}],"replies":[{"embeddable":true,"href":"https:\/\/www.sportpaint.de\/de\/wp-json\/wp\/v2\/comments?post=5359"}],"wp:featuredmedia":[{"embeddable":true,"href":"https:\/\/www.sportpaint.de\/de\/wp-json\/wp\/v2\/media\/7833"}],"wp:attachment":[{"href":"https:\/\/www.sportpaint.de\/de\/wp-json\/wp\/v2\/media?parent=5359"}],"wp:term":[{"taxonomy":"product_brand","embeddable":true,"href":"https:\/\/www.sportpaint.de\/de\/wp-json\/wp\/v2\/product_brand?post=5359"},{"taxonomy":"product_cat","embeddable":true,"href":"https:\/\/www.sportpaint.de\/de\/wp-json\/wp\/v2\/product_cat?post=5359"},{"taxonomy":"product_tag","embeddable":true,"href":"https:\/\/www.sportpaint.de\/de\/wp-json\/wp\/v2\/product_tag?post=5359"}],"curies":[{"name":"wp","href":"https:\/\/api.w.org\/{rel}","templated":true}]}}