{"id":5355,"date":"2016-11-22T22:50:57","date_gmt":"2016-11-22T21:50:57","guid":{"rendered":"http:\/\/relaunch.sportpaint.de\/produkt\/volleyball\/"},"modified":"2025-05-14T11:30:41","modified_gmt":"2025-05-14T09:30:41","slug":"volleyball","status":"publish","type":"product","link":"https:\/\/www.sportpaint.de\/de\/produkt\/volleyball\/","title":{"rendered":"Volleyball"},"content":{"rendered":"<h4 style=\"color: #000000;\"><strong>Weitere Beispiele:<\/strong><\/h4>\n<p>&nbsp;<\/p>\n<!-- meta slider -->\n<div style=\"width: 100%; margin: 0 auto;\" class=\"metaslider metaslider-flex metaslider-6311 ml-slider ml-slider-lightbox-1-13-4 no-active-lightbox nav-hidden\">\n    <style type=\"text\/css\" id=\"metaslider-css-6311\">\n        #metaslider_6311.flexslider .slides li {margin-right: 10px !important;}\n    <\/style>\n    <div id=\"metaslider_container_6311\">\n        <div id=\"metaslider_6311\" class=\"flexslider\">\n            <ul class=\"slides\">\n                <li style=\"display: none; float: left; width: 100%;\"><a href=\"https:\/\/www.sportpaint.de\/wp-content\/uploads\/2016\/11\/Volleyball-024.jpg\" target=\"_self\"><img loading=\"lazy\" decoding=\"async\" src=\"https:\/\/www.sportpaint.de\/wp-content\/uploads\/2016\/11\/Volleyball-024-270x270.jpg\" height=\"270\" width=\"270\" alt=\"\" class=\"slider-6311 slide-6294\" \/><\/a><\/li>\n                <li style=\"display: none; float: left; width: 100%;\"><a href=\"https:\/\/www.sportpaint.de\/wp-content\/uploads\/2016\/11\/Volleyball-003.jpg\" target=\"_self\"><img loading=\"lazy\" decoding=\"async\" src=\"https:\/\/www.sportpaint.de\/wp-content\/uploads\/2016\/11\/Volleyball-003-270x270.jpg\" height=\"270\" width=\"270\" alt=\"\" class=\"slider-6311 slide-6252\" \/><\/a><\/li>\n                <li style=\"display: none; float: left; width: 100%;\"><a href=\"https:\/\/www.sportpaint.de\/wp-content\/uploads\/2016\/11\/Volleyball-029.jpg\" target=\"_self\"><img loading=\"lazy\" decoding=\"async\" src=\"https:\/\/www.sportpaint.de\/wp-content\/uploads\/2016\/11\/Volleyball-029-270x270.jpg\" height=\"270\" width=\"270\" alt=\"\" class=\"slider-6311 slide-6304\" \/><\/a><\/li>\n                <li style=\"display: none; float: left; width: 100%;\"><a href=\"https:\/\/www.sportpaint.de\/wp-content\/uploads\/2016\/11\/Volleyball-015.jpg\" target=\"_self\"><img loading=\"lazy\" decoding=\"async\" src=\"https:\/\/www.sportpaint.de\/wp-content\/uploads\/2016\/11\/Volleyball-015-270x270.jpg\" height=\"270\" width=\"270\" alt=\"\" class=\"slider-6311 slide-6276\" \/><\/a><\/li>\n                <li style=\"display: none; float: left; width: 100%;\"><a href=\"https:\/\/www.sportpaint.de\/wp-content\/uploads\/2016\/11\/Volleyball-010.jpg\" target=\"_self\"><img loading=\"lazy\" decoding=\"async\" src=\"https:\/\/www.sportpaint.de\/wp-content\/uploads\/2016\/11\/Volleyball-010-270x270.jpg\" height=\"270\" width=\"270\" alt=\"\" class=\"slider-6311 slide-6266\" \/><\/a><\/li>\n                <li style=\"display: none; float: left; width: 100%;\"><a href=\"https:\/\/www.sportpaint.de\/wp-content\/uploads\/2016\/11\/Volleyball-028.jpg\" target=\"_self\"><img loading=\"lazy\" decoding=\"async\" src=\"https:\/\/www.sportpaint.de\/wp-content\/uploads\/2016\/11\/Volleyball-028-270x270.jpg\" height=\"270\" width=\"270\" alt=\"\" class=\"slider-6311 slide-6302\" \/><\/a><\/li>\n                <li style=\"display: none; float: left; width: 100%;\"><a href=\"https:\/\/www.sportpaint.de\/wp-content\/uploads\/2016\/11\/Volleyball-006.jpg\" target=\"_self\"><img loading=\"lazy\" decoding=\"async\" src=\"https:\/\/www.sportpaint.de\/wp-content\/uploads\/2016\/11\/Volleyball-006-270x270.jpg\" height=\"270\" width=\"270\" alt=\"\" class=\"slider-6311 slide-6258\" \/><\/a><\/li>\n                <li style=\"display: none; float: left; width: 100%;\"><a href=\"https:\/\/www.sportpaint.de\/wp-content\/uploads\/2016\/11\/Volleyball-027.jpg\" target=\"_self\"><img loading=\"lazy\" decoding=\"async\" src=\"https:\/\/www.sportpaint.de\/wp-content\/uploads\/2016\/11\/Volleyball-027-270x270.jpg\" height=\"270\" width=\"270\" alt=\"\" class=\"slider-6311 slide-6300\" \/><\/a><\/li>\n                <li style=\"display: none; float: left; width: 100%;\"><a href=\"https:\/\/www.sportpaint.de\/wp-content\/uploads\/2016\/11\/Volleyball-026.jpg\" target=\"_self\"><img loading=\"lazy\" decoding=\"async\" src=\"https:\/\/www.sportpaint.de\/wp-content\/uploads\/2016\/11\/Volleyball-026-270x270.jpg\" height=\"270\" width=\"270\" alt=\"\" class=\"slider-6311 slide-6298\" \/><\/a><\/li>\n                <li style=\"display: none; float: left; width: 100%;\"><a href=\"https:\/\/www.sportpaint.de\/wp-content\/uploads\/2016\/11\/Volleyball-025.jpg\" target=\"_self\"><img loading=\"lazy\" decoding=\"async\" src=\"https:\/\/www.sportpaint.de\/wp-content\/uploads\/2016\/11\/Volleyball-025-270x270.jpg\" height=\"270\" width=\"270\" alt=\"\" class=\"slider-6311 slide-6296\" \/><\/a><\/li>\n                <li style=\"display: none; float: left; width: 100%;\"><a href=\"https:\/\/www.sportpaint.de\/wp-content\/uploads\/2016\/11\/Volleyball-023.jpg\" target=\"_self\"><img loading=\"lazy\" decoding=\"async\" src=\"https:\/\/www.sportpaint.de\/wp-content\/uploads\/2016\/11\/Volleyball-023-270x270.jpg\" height=\"270\" width=\"270\" alt=\"\" class=\"slider-6311 slide-6292\" \/><\/a><\/li>\n                <li style=\"display: none; float: left; width: 100%;\"><a href=\"https:\/\/www.sportpaint.de\/wp-content\/uploads\/2016\/11\/Volleyball-021.jpg\" target=\"_self\"><img loading=\"lazy\" decoding=\"async\" src=\"https:\/\/www.sportpaint.de\/wp-content\/uploads\/2016\/11\/Volleyball-021-270x270.jpg\" height=\"270\" width=\"270\" alt=\"\" class=\"slider-6311 slide-6288\" \/><\/a><\/li>\n                <li style=\"display: none; float: left; width: 100%;\"><a href=\"https:\/\/www.sportpaint.de\/wp-content\/uploads\/2016\/11\/Volleyball-012.jpg\" target=\"_self\"><img loading=\"lazy\" decoding=\"async\" src=\"https:\/\/www.sportpaint.de\/wp-content\/uploads\/2016\/11\/Volleyball-012-270x270.jpg\" height=\"270\" width=\"270\" alt=\"\" class=\"slider-6311 slide-6270\" \/><\/a><\/li>\n                <li style=\"display: none; float: left; width: 100%;\"><a href=\"https:\/\/www.sportpaint.de\/wp-content\/uploads\/2016\/11\/Volleyball-020.jpg\" target=\"_self\"><img loading=\"lazy\" decoding=\"async\" src=\"https:\/\/www.sportpaint.de\/wp-content\/uploads\/2016\/11\/Volleyball-020-270x270.jpg\" height=\"270\" width=\"270\" alt=\"\" class=\"slider-6311 slide-6286\" \/><\/a><\/li>\n                <li style=\"display: none; float: left; width: 100%;\"><a href=\"https:\/\/www.sportpaint.de\/wp-content\/uploads\/2016\/11\/Volleyball-017.jpg\" target=\"_self\"><img loading=\"lazy\" decoding=\"async\" src=\"https:\/\/www.sportpaint.de\/wp-content\/uploads\/2016\/11\/Volleyball-017-270x270.jpg\" height=\"270\" width=\"270\" alt=\"\" class=\"slider-6311 slide-6280\" \/><\/a><\/li>\n                <li style=\"display: none; float: left; width: 100%;\"><a href=\"https:\/\/www.sportpaint.de\/wp-content\/uploads\/2016\/11\/Volleyball-016.jpg\" target=\"_self\"><img loading=\"lazy\" decoding=\"async\" src=\"https:\/\/www.sportpaint.de\/wp-content\/uploads\/2016\/11\/Volleyball-016-270x270.jpg\" height=\"270\" width=\"270\" alt=\"\" class=\"slider-6311 slide-6278\" \/><\/a><\/li>\n                <li style=\"display: none; float: left; width: 100%;\"><a href=\"https:\/\/www.sportpaint.de\/wp-content\/uploads\/2016\/11\/Volleyball-014.jpg\" target=\"_self\"><img loading=\"lazy\" decoding=\"async\" src=\"https:\/\/www.sportpaint.de\/wp-content\/uploads\/2016\/11\/Volleyball-014-270x270.jpg\" height=\"270\" width=\"270\" alt=\"\" class=\"slider-6311 slide-6274\" \/><\/a><\/li>\n                <li style=\"display: none; float: left; width: 100%;\"><a href=\"https:\/\/www.sportpaint.de\/wp-content\/uploads\/2016\/11\/Volleyball-013.jpg\" target=\"_self\"><img loading=\"lazy\" decoding=\"async\" src=\"https:\/\/www.sportpaint.de\/wp-content\/uploads\/2016\/11\/Volleyball-013-270x270.jpg\" height=\"270\" width=\"270\" alt=\"\" class=\"slider-6311 slide-6272\" \/><\/a><\/li>\n                <li style=\"display: none; float: left; width: 100%;\"><a href=\"https:\/\/www.sportpaint.de\/wp-content\/uploads\/2016\/11\/Volleyball-011.jpg\" target=\"_self\"><img loading=\"lazy\" decoding=\"async\" src=\"https:\/\/www.sportpaint.de\/wp-content\/uploads\/2016\/11\/Volleyball-011-270x270.jpg\" height=\"270\" width=\"270\" alt=\"\" class=\"slider-6311 slide-6268\" \/><\/a><\/li>\n                <li style=\"display: none; float: left; width: 100%;\"><a href=\"https:\/\/www.sportpaint.de\/wp-content\/uploads\/2016\/11\/Volleyball-008.jpg\" target=\"_self\"><img loading=\"lazy\" decoding=\"async\" src=\"https:\/\/www.sportpaint.de\/wp-content\/uploads\/2016\/11\/Volleyball-008-270x270.jpg\" height=\"270\" width=\"270\" alt=\"\" class=\"slider-6311 slide-6262\" \/><\/a><\/li>\n                <li style=\"display: none; float: left; width: 100%;\"><a href=\"https:\/\/www.sportpaint.de\/wp-content\/uploads\/2016\/11\/Volleyball-005.jpg\" target=\"_self\"><img loading=\"lazy\" decoding=\"async\" src=\"https:\/\/www.sportpaint.de\/wp-content\/uploads\/2016\/11\/Volleyball-005-270x270.jpg\" height=\"270\" width=\"270\" alt=\"\" class=\"slider-6311 slide-6256\" \/><\/a><\/li>\n                <li style=\"display: none; float: left; width: 100%;\"><a href=\"https:\/\/www.sportpaint.de\/wp-content\/uploads\/2016\/11\/Volleyball-002.jpg\" target=\"_self\"><img loading=\"lazy\" decoding=\"async\" src=\"https:\/\/www.sportpaint.de\/wp-content\/uploads\/2016\/11\/Volleyball-002-270x270.jpg\" height=\"270\" width=\"270\" alt=\"\" class=\"slider-6311 slide-6250\" \/><\/a><\/li>\n            <\/ul>\n        <\/div>\n        \n    <\/div>\n    <script type=\"text\/javascript\">\n        var metaslider_6311 = function($) {\n            $('#metaslider_6311').flexslider({ \n                slideshowSpeed:3000,\n                animation:'slide',\n                controlNav:false,\n                directionNav:true,\n                pauseOnHover:true,\n                direction:'horizontal',\n                reverse:false,\n                animationSpeed:600,\n                prevText:\"&lt;\",\n                nextText:\"&gt;\",\n                easing:\"linear\",\n                slideshow:true,\n                itemWidth:270,\n                minItems:1,\n                itemMargin:10\n            });\n        };\n        var timer_metaslider_6311 = function() {\n            var slider = !window.jQuery ? window.setTimeout(timer_metaslider_6311, 100) : !jQuery.isReady ? window.setTimeout(timer_metaslider_6311, 1) : metaslider_6311(window.jQuery);\n        };\n        timer_metaslider_6311();\n    <\/script>\n<\/div>\n<!--\/\/ meta slider-->\n","protected":false},"excerpt":{"rendered":"<p class=\"\" data-start=\"52\" data-end=\"502\"><strong data-start=\"52\" data-end=\"114\">Volleyball \u2013 Der perfekte Begleiter f\u00fcr Freizeit und Sport<\/strong><br data-start=\"114\" data-end=\"117\" \/>Der Volleyball geh\u00f6rt neben dem Fu\u00dfball zu den absoluten Dauerbrennern, wenn es um l\u00e4ssigen Freizeitsport im Freien geht. Ob beim spannenden Beachvolleyball-Match oder beim entspannten Pritschen und Baggern im Stadtpark \u2013 in der warmen Jahreszeit ist er immer dabei. Wenn Sie einen Volleyball f\u00fcr Werbezwecke bedrucken lassen, sorgen Sie f\u00fcr Aufmerksamkeit und sind stets mit am Start!<\/p>\n<p class=\"\" data-start=\"504\" data-end=\"812\"><strong data-start=\"504\" data-end=\"541\">Freizeit- und Trainingsvolleyball<\/strong><br data-start=\"541\" data-end=\"544\" \/>Hergestellt aus sehr weichem, strukturiertem synthetischen Leder, bietet dieser Volleyball hervorragende Griffigkeit und ein angenehmes Spielgef\u00fchl. Viele verschiedene Farbkombinationen stehen zur Verf\u00fcgung, sodass der Ball perfekt an Ihr Design angepasst werden kann.<\/p>\n<p class=\"\" data-start=\"973\" data-end=\"1051\">Erh\u00e4ltlich ab 50 St\u00fcck.<br data-start=\"1000\" data-end=\"1003\" \/>Details zu den Lieferzeiten finden Sie <a href=\"https:\/\/www.sportpaint.de\/faq\/\"><strong>hier<\/strong><\/a>.<\/p>\n","protected":false},"featured_media":6248,"comment_status":"open","ping_status":"closed","template":"","meta":[],"product_brand":[],"product_cat":[330],"product_tag":[],"class_list":{"0":"post-5355","1":"product","2":"type-product","3":"status-publish","4":"has-post-thumbnail","6":"product_cat-volleybaelle","8":"first","9":"instock","10":"featured","11":"shipping-taxable","12":"purchasable","13":"product-type-variable"},"_links":{"self":[{"href":"https:\/\/www.sportpaint.de\/de\/wp-json\/wp\/v2\/product\/5355","targetHints":{"allow":["GET"]}}],"collection":[{"href":"https:\/\/www.sportpaint.de\/de\/wp-json\/wp\/v2\/product"}],"about":[{"href":"https:\/\/www.sportpaint.de\/de\/wp-json\/wp\/v2\/types\/product"}],"replies":[{"embeddable":true,"href":"https:\/\/www.sportpaint.de\/de\/wp-json\/wp\/v2\/comments?post=5355"}],"wp:featuredmedia":[{"embeddable":true,"href":"https:\/\/www.sportpaint.de\/de\/wp-json\/wp\/v2\/media\/6248"}],"wp:attachment":[{"href":"https:\/\/www.sportpaint.de\/de\/wp-json\/wp\/v2\/media?parent=5355"}],"wp:term":[{"taxonomy":"product_brand","embeddable":true,"href":"https:\/\/www.sportpaint.de\/de\/wp-json\/wp\/v2\/product_brand?post=5355"},{"taxonomy":"product_cat","embeddable":true,"href":"https:\/\/www.sportpaint.de\/de\/wp-json\/wp\/v2\/product_cat?post=5355"},{"taxonomy":"product_tag","embeddable":true,"href":"https:\/\/www.sportpaint.de\/de\/wp-json\/wp\/v2\/product_tag?post=5355"}],"curies":[{"name":"wp","href":"https:\/\/api.w.org\/{rel}","templated":true}]}}