{"id":5351,"date":"2016-11-22T22:49:25","date_gmt":"2016-11-22T21:49:25","guid":{"rendered":"http:\/\/relaunch.sportpaint.de\/produkt\/basketball\/"},"modified":"2025-05-14T11:22:16","modified_gmt":"2025-05-14T09:22:16","slug":"basketball","status":"publish","type":"product","link":"https:\/\/www.sportpaint.de\/de\/produkt\/basketball\/","title":{"rendered":"Basketball"},"content":{"rendered":"<h4 style=\"color: #000000;\"><strong>Weitere Beispiele:<\/strong><\/h4>\n<p>&nbsp;<\/p>\n<!-- meta slider -->\n<div style=\"width: 100%; margin: 0 auto;\" class=\"metaslider metaslider-flex metaslider-6348 ml-slider ml-slider-lightbox-1-13-4 no-active-lightbox nav-hidden\">\n    <style type=\"text\/css\" id=\"metaslider-css-6348\">\n        #metaslider_6348.flexslider .slides li {margin-right: 10px !important;}\n    <\/style>\n    <div id=\"metaslider_container_6348\">\n        <div id=\"metaslider_6348\" class=\"flexslider\">\n            <ul class=\"slides\">\n                <li style=\"display: none; float: left; width: 100%;\"><a href=\"https:\/\/www.sportpaint.de\/wp-content\/uploads\/2017\/02\/Basketball_020.jpg\" target=\"_self\"><img loading=\"lazy\" decoding=\"async\" src=\"https:\/\/www.sportpaint.de\/wp-content\/uploads\/2017\/02\/Basketball_020-270x270.jpg\" height=\"270\" width=\"270\" alt=\"\" class=\"slider-6348 slide-6822\" \/><\/a><\/li>\n                <li style=\"display: none; float: left; width: 100%;\"><a href=\"https:\/\/www.sportpaint.de\/wp-content\/uploads\/2017\/02\/Basketball_017.jpg\" target=\"_self\"><img loading=\"lazy\" decoding=\"async\" src=\"https:\/\/www.sportpaint.de\/wp-content\/uploads\/2017\/02\/Basketball_017-270x270.jpg\" height=\"270\" width=\"270\" alt=\"\" class=\"slider-6348 slide-6819\" \/><\/a><\/li>\n                <li style=\"display: none; float: left; width: 100%;\"><a href=\"https:\/\/www.sportpaint.de\/wp-content\/uploads\/2016\/11\/Basketball_002.jpg\" target=\"_self\"><img loading=\"lazy\" decoding=\"async\" src=\"https:\/\/www.sportpaint.de\/wp-content\/uploads\/2016\/11\/Basketball_002-270x270.jpg\" height=\"270\" width=\"270\" alt=\"\" class=\"slider-6348 slide-6320\" \/><\/a><\/li>\n                <li style=\"display: none; float: left; width: 100%;\"><a href=\"https:\/\/www.sportpaint.de\/wp-content\/uploads\/2017\/02\/Basketball_018.jpg\" target=\"_self\"><img loading=\"lazy\" decoding=\"async\" src=\"https:\/\/www.sportpaint.de\/wp-content\/uploads\/2017\/02\/Basketball_018-270x270.jpg\" height=\"270\" width=\"270\" alt=\"\" class=\"slider-6348 slide-6820\" \/><\/a><\/li>\n                <li style=\"display: none; float: left; width: 100%;\"><a href=\"https:\/\/www.sportpaint.de\/wp-content\/uploads\/2017\/02\/Basketball_016.jpg\" target=\"_self\"><img loading=\"lazy\" decoding=\"async\" src=\"https:\/\/www.sportpaint.de\/wp-content\/uploads\/2017\/02\/Basketball_016-270x270.jpg\" height=\"270\" width=\"270\" alt=\"\" class=\"slider-6348 slide-6813\" \/><\/a><\/li>\n                <li style=\"display: none; float: left; width: 100%;\"><a href=\"https:\/\/www.sportpaint.de\/wp-content\/uploads\/2017\/02\/Basketball_019.jpg\" target=\"_self\"><img loading=\"lazy\" decoding=\"async\" src=\"https:\/\/www.sportpaint.de\/wp-content\/uploads\/2017\/02\/Basketball_019-270x270.jpg\" height=\"270\" width=\"270\" alt=\"\" class=\"slider-6348 slide-6821\" \/><\/a><\/li>\n                <li style=\"display: none; float: left; width: 100%;\"><a href=\"https:\/\/www.sportpaint.de\/wp-content\/uploads\/2016\/11\/Basketball_014.jpg\" target=\"_self\"><img loading=\"lazy\" decoding=\"async\" src=\"https:\/\/www.sportpaint.de\/wp-content\/uploads\/2016\/11\/Basketball_014-270x270.jpg\" height=\"270\" width=\"270\" alt=\"\" class=\"slider-6348 slide-6344\" \/><\/a><\/li>\n                <li style=\"display: none; float: left; width: 100%;\"><a href=\"https:\/\/www.sportpaint.de\/wp-content\/uploads\/2016\/11\/Basketball_013.jpg\" target=\"_self\"><img loading=\"lazy\" decoding=\"async\" src=\"https:\/\/www.sportpaint.de\/wp-content\/uploads\/2016\/11\/Basketball_013-270x270.jpg\" height=\"270\" width=\"270\" alt=\"\" class=\"slider-6348 slide-6342\" \/><\/a><\/li>\n                <li style=\"display: none; float: left; width: 100%;\"><a href=\"https:\/\/www.sportpaint.de\/wp-content\/uploads\/2016\/11\/Basketball_012.jpg\" target=\"_self\"><img loading=\"lazy\" decoding=\"async\" src=\"https:\/\/www.sportpaint.de\/wp-content\/uploads\/2016\/11\/Basketball_012-270x270.jpg\" height=\"270\" width=\"270\" alt=\"\" class=\"slider-6348 slide-6340\" \/><\/a><\/li>\n                <li style=\"display: none; float: left; width: 100%;\"><a href=\"https:\/\/www.sportpaint.de\/wp-content\/uploads\/2016\/11\/Basketball_011.jpg\" target=\"_self\"><img loading=\"lazy\" decoding=\"async\" src=\"https:\/\/www.sportpaint.de\/wp-content\/uploads\/2016\/11\/Basketball_011-270x270.jpg\" height=\"270\" width=\"270\" alt=\"\" class=\"slider-6348 slide-6338\" \/><\/a><\/li>\n                <li style=\"display: none; float: left; width: 100%;\"><a href=\"https:\/\/www.sportpaint.de\/wp-content\/uploads\/2016\/11\/Basketball_009.jpg\" target=\"_self\"><img loading=\"lazy\" decoding=\"async\" src=\"https:\/\/www.sportpaint.de\/wp-content\/uploads\/2016\/11\/Basketball_009-270x270.jpg\" height=\"270\" width=\"270\" alt=\"\" class=\"slider-6348 slide-6334\" \/><\/a><\/li>\n                <li style=\"display: none; float: left; width: 100%;\"><a href=\"https:\/\/www.sportpaint.de\/wp-content\/uploads\/2016\/11\/Basketball_015.jpg\" target=\"_self\"><img loading=\"lazy\" decoding=\"async\" src=\"https:\/\/www.sportpaint.de\/wp-content\/uploads\/2016\/11\/Basketball_015-270x270.jpg\" height=\"270\" width=\"270\" alt=\"\" class=\"slider-6348 slide-6346\" \/><\/a><\/li>\n                <li style=\"display: none; float: left; width: 100%;\"><a href=\"https:\/\/www.sportpaint.de\/wp-content\/uploads\/2016\/11\/Basketball_0007.jpg\" target=\"_self\"><img loading=\"lazy\" decoding=\"async\" src=\"https:\/\/www.sportpaint.de\/wp-content\/uploads\/2016\/11\/Basketball_0007-270x270.jpg\" height=\"270\" width=\"270\" alt=\"\" class=\"slider-6348 slide-6330\" \/><\/a><\/li>\n                <li style=\"display: none; float: left; width: 100%;\"><a href=\"https:\/\/www.sportpaint.de\/wp-content\/uploads\/2016\/11\/Basketball_004.jpg\" target=\"_self\"><img loading=\"lazy\" decoding=\"async\" src=\"https:\/\/www.sportpaint.de\/wp-content\/uploads\/2016\/11\/Basketball_004-270x270.jpg\" height=\"270\" width=\"270\" alt=\"\" class=\"slider-6348 slide-6324\" \/><\/a><\/li>\n            <\/ul>\n        <\/div>\n        \n    <\/div>\n    <script type=\"text\/javascript\">\n        var metaslider_6348 = function($) {\n            $('#metaslider_6348').flexslider({ \n                slideshowSpeed:3000,\n                animation:'slide',\n                controlNav:false,\n                directionNav:true,\n                pauseOnHover:true,\n                direction:'horizontal',\n                reverse:false,\n                animationSpeed:600,\n                prevText:\"&lt;\",\n                nextText:\"&gt;\",\n                easing:\"linear\",\n                slideshow:true,\n                itemWidth:270,\n                minItems:1,\n                itemMargin:10\n            });\n        };\n        var timer_metaslider_6348 = function() {\n            var slider = !window.jQuery ? window.setTimeout(timer_metaslider_6348, 100) : !jQuery.isReady ? window.setTimeout(timer_metaslider_6348, 1) : metaslider_6348(window.jQuery);\n        };\n        timer_metaslider_6348();\n    <\/script>\n<\/div>\n<!--\/\/ meta slider-->\n","protected":false},"excerpt":{"rendered":"<p class=\"\" data-start=\"99\" data-end=\"385\"><strong data-start=\"99\" data-end=\"179\">Gestalten Sie individuelle Werbemittel mit unserem Basketball und Ihrem Logo<\/strong><br data-start=\"179\" data-end=\"182\" \/>Mit unserem Basketball und Ihrem Logo k\u00f6nnen Sie ma\u00dfgeschneiderte Werbemittel kreieren, die genau auf Ihre Bed\u00fcrfnisse abgestimmt sind. Unsere gro\u00dfe Auswahl l\u00e4sst alle Blicke auf Ihren Basketball lenken!<\/p>\n<p class=\"\" data-start=\"387\" data-end=\"663\"><strong data-start=\"387\" data-end=\"436\">Gummierter PRO-GRIP Trainings- und Streetball<\/strong><br data-start=\"436\" data-end=\"439\" \/>Unser Basketball ist strapazierf\u00e4hig, langlebig und bietet durch den <strong data-start=\"508\" data-end=\"520\">PRO-GRIP<\/strong> eine ausgezeichnete Handhabung, sowohl beim Training als auch im Stra\u00dfenbasketball. Er ist in den Materialien <strong>Rubber<\/strong> und <strong data-start=\"645\" data-end=\"651\">PU<\/strong> erh\u00e4ltlich.<\/p>\n<ul data-start=\"685\" data-end=\"933\">\n<li class=\"\" data-start=\"685\" data-end=\"776\">\n<p class=\"\" data-start=\"687\" data-end=\"776\"><strong data-start=\"687\" data-end=\"700\">Material:<\/strong> Rubber oder PU<\/p>\n<\/li>\n<li class=\"\" data-start=\"777\" data-end=\"826\">\n<p class=\"\" data-start=\"779\" data-end=\"826\"><strong data-start=\"779\" data-end=\"790\">Farben:<\/strong> Alle Farben nach Pantone erh\u00e4ltlich<\/p>\n<\/li>\n<li class=\"\" data-start=\"827\" data-end=\"933\">\n<p class=\"\" data-start=\"829\" data-end=\"851\"><strong data-start=\"829\" data-end=\"851\">Verf\u00fcgbare Gr\u00f6\u00dfen:<\/strong><\/p>\n<ul data-start=\"854\" data-end=\"933\">\n<li class=\"\" data-start=\"854\" data-end=\"872\">\n<p class=\"\" data-start=\"856\" data-end=\"872\">Gr\u00f6\u00dfe 7 (Herren)<\/p>\n<\/li>\n<li class=\"\" data-start=\"875\" data-end=\"892\">\n<p class=\"\" data-start=\"877\" data-end=\"892\">Gr\u00f6\u00dfe 6 (Damen)<\/p>\n<\/li>\n<li class=\"\" data-start=\"895\" data-end=\"914\">\n<p class=\"\" data-start=\"897\" data-end=\"914\">Gr\u00f6\u00dfe 5 (Sch\u00fcler)<\/p>\n<\/li>\n<li class=\"\" data-start=\"917\" data-end=\"933\">\n<p class=\"\" data-start=\"919\" data-end=\"933\">Gr\u00f6\u00dfe 3 (Mini)<\/p>\n<\/li>\n<\/ul>\n<\/li>\n<\/ul>\n<p class=\"\" data-start=\"935\" data-end=\"1013\">Erh\u00e4ltlich ab 50 St\u00fcck.<br data-start=\"962\" data-end=\"965\" \/>Details zu den Lieferzeiten finden Sie <a href=\"https:\/\/www.sportpaint.de\/faq\/\"><strong>hier<\/strong><\/a>.<\/p>\n","protected":false},"featured_media":9895,"comment_status":"open","ping_status":"closed","template":"","meta":[],"product_brand":[],"product_cat":[320],"product_tag":[],"class_list":{"0":"post-5351","1":"product","2":"type-product","3":"status-publish","4":"has-post-thumbnail","6":"product_cat-basketbaelle","8":"first","9":"instock","10":"featured","11":"shipping-taxable","12":"purchasable","13":"product-type-variable"},"_links":{"self":[{"href":"https:\/\/www.sportpaint.de\/de\/wp-json\/wp\/v2\/product\/5351","targetHints":{"allow":["GET"]}}],"collection":[{"href":"https:\/\/www.sportpaint.de\/de\/wp-json\/wp\/v2\/product"}],"about":[{"href":"https:\/\/www.sportpaint.de\/de\/wp-json\/wp\/v2\/types\/product"}],"replies":[{"embeddable":true,"href":"https:\/\/www.sportpaint.de\/de\/wp-json\/wp\/v2\/comments?post=5351"}],"wp:featuredmedia":[{"embeddable":true,"href":"https:\/\/www.sportpaint.de\/de\/wp-json\/wp\/v2\/media\/9895"}],"wp:attachment":[{"href":"https:\/\/www.sportpaint.de\/de\/wp-json\/wp\/v2\/media?parent=5351"}],"wp:term":[{"taxonomy":"product_brand","embeddable":true,"href":"https:\/\/www.sportpaint.de\/de\/wp-json\/wp\/v2\/product_brand?post=5351"},{"taxonomy":"product_cat","embeddable":true,"href":"https:\/\/www.sportpaint.de\/de\/wp-json\/wp\/v2\/product_cat?post=5351"},{"taxonomy":"product_tag","embeddable":true,"href":"https:\/\/www.sportpaint.de\/de\/wp-json\/wp\/v2\/product_tag?post=5351"}],"curies":[{"name":"wp","href":"https:\/\/api.w.org\/{rel}","templated":true}]}}