{"id":5349,"date":"2016-11-22T22:48:47","date_gmt":"2016-11-22T21:48:47","guid":{"rendered":"http:\/\/relaunch.sportpaint.de\/produkt\/mini-rugby\/"},"modified":"2025-05-14T11:28:57","modified_gmt":"2025-05-14T09:28:57","slug":"mini-rugby","status":"publish","type":"product","link":"https:\/\/www.sportpaint.de\/de\/produkt\/mini-rugby\/","title":{"rendered":"Mini-Rugby"},"content":{"rendered":"<h4 style=\"color: #000000;\"><strong>Weitere Beispiele:<\/strong><\/h4>\n<p>&nbsp;<\/p>\n<!-- meta slider -->\n<div style=\"width: 100%; margin: 0 auto;\" class=\"metaslider metaslider-flex metaslider-6836 ml-slider ml-slider-lightbox-1-13-4 no-active-lightbox nav-hidden\">\n    <style type=\"text\/css\" id=\"metaslider-css-6836\">\n        #metaslider_6836.flexslider .slides li {margin-right: 10px !important;}\n    <\/style>\n    <div id=\"metaslider_container_6836\">\n        <div id=\"metaslider_6836\" class=\"flexslider\">\n            <ul class=\"slides\">\n            <\/ul>\n        <\/div>\n        \n    <\/div>\n    <script type=\"text\/javascript\">\n        var metaslider_6836 = function($) {\n            $('#metaslider_6836').flexslider({ \n                slideshowSpeed:3000,\n                animation:'slide',\n                controlNav:false,\n                directionNav:true,\n                pauseOnHover:true,\n                direction:'horizontal',\n                reverse:false,\n                animationSpeed:600,\n                prevText:\"&lt;\",\n                nextText:\"&gt;\",\n                easing:\"linear\",\n                slideshow:true,\n                itemWidth:270,\n                minItems:1,\n                itemMargin:10\n            });\n        };\n        var timer_metaslider_6836 = function() {\n            var slider = !window.jQuery ? window.setTimeout(timer_metaslider_6836, 100) : !jQuery.isReady ? window.setTimeout(timer_metaslider_6836, 1) : metaslider_6836(window.jQuery);\n        };\n        timer_metaslider_6836();\n    <\/script>\n<\/div>\n<!--\/\/ meta slider-->\n","protected":false},"excerpt":{"rendered":"<p data-start=\"364\" data-end=\"610\"><strong>Setzen Sie Ihr Logo mit unseren Mini-Rugbyb\u00e4llen gekonnt in Szene<\/strong><\/p>\n<p class=\"\" data-start=\"364\" data-end=\"610\">Handgen\u00e4ht in original Rugbyoptik und aus hochwertigem <strong data-start=\"450\" data-end=\"460\">Rubber<\/strong> oder <strong data-start=\"466\" data-end=\"481\">PU-Material<\/strong> gefertigt. Der Ball ist in allen Farben nach Pantone erh\u00e4ltlich und eignet sich hervorragend f\u00fcr personalisierte Designs.<\/p>\n<ul data-start=\"632\" data-end=\"935\">\n<li class=\"\" data-start=\"632\" data-end=\"706\">\n<p class=\"\" data-start=\"634\" data-end=\"706\"><strong data-start=\"634\" data-end=\"647\">Material:<\/strong> Rubber oder PU<\/p>\n<\/li>\n<li class=\"\" data-start=\"707\" data-end=\"754\">\n<p class=\"\" data-start=\"709\" data-end=\"754\"><strong data-start=\"709\" data-end=\"720\">Design:<\/strong> Handgen\u00e4ht in original Rugbyoptik<\/p>\n<\/li>\n<li class=\"\" data-start=\"755\" data-end=\"816\">\n<p class=\"\" data-start=\"757\" data-end=\"816\"><strong data-start=\"757\" data-end=\"768\">Farben:<\/strong> Alle Farben nach Pantone erh\u00e4ltlich<\/p>\n<\/li>\n<li class=\"\" data-start=\"817\" data-end=\"935\">\n<p class=\"\" data-start=\"819\" data-end=\"843\"><strong data-start=\"819\" data-end=\"841\">Verf\u00fcgbare Gr\u00f6\u00dfen:<\/strong><\/p>\n<ul data-start=\"846\" data-end=\"935\">\n<li class=\"\" data-start=\"846\" data-end=\"890\">\n<p class=\"\" data-start=\"848\" data-end=\"890\">Umfang: 26-27 cm | Durchmesser: 15-16 cm<\/p>\n<\/li>\n<li class=\"\" data-start=\"893\" data-end=\"935\">\n<p class=\"\" data-start=\"895\" data-end=\"935\">Umfang: 37-38 cm | Durchmesser: 24-25 cm<\/p>\n<\/li>\n<\/ul>\n<\/li>\n<\/ul>\n<p class=\"\" data-start=\"937\" data-end=\"1016\">Erh\u00e4ltlich ab 100 St\u00fcck.<br data-start=\"965\" data-end=\"968\" \/>Details zu den Lieferzeiten finden Sie <a href=\"https:\/\/www.sportpaint.de\/faq\/\"><strong>hier<\/strong><\/a>.<\/p>\n","protected":false},"featured_media":6809,"comment_status":"open","ping_status":"closed","template":"","meta":[],"product_brand":[],"product_cat":[325,327],"product_tag":[],"class_list":{"0":"post-5349","1":"product","2":"type-product","3":"status-publish","4":"has-post-thumbnail","6":"product_cat-minibaelle","7":"product_cat-rugby-football","9":"first","10":"instock","11":"featured","12":"shipping-taxable","13":"purchasable","14":"product-type-variable"},"_links":{"self":[{"href":"https:\/\/www.sportpaint.de\/de\/wp-json\/wp\/v2\/product\/5349","targetHints":{"allow":["GET"]}}],"collection":[{"href":"https:\/\/www.sportpaint.de\/de\/wp-json\/wp\/v2\/product"}],"about":[{"href":"https:\/\/www.sportpaint.de\/de\/wp-json\/wp\/v2\/types\/product"}],"replies":[{"embeddable":true,"href":"https:\/\/www.sportpaint.de\/de\/wp-json\/wp\/v2\/comments?post=5349"}],"wp:featuredmedia":[{"embeddable":true,"href":"https:\/\/www.sportpaint.de\/de\/wp-json\/wp\/v2\/media\/6809"}],"wp:attachment":[{"href":"https:\/\/www.sportpaint.de\/de\/wp-json\/wp\/v2\/media?parent=5349"}],"wp:term":[{"taxonomy":"product_brand","embeddable":true,"href":"https:\/\/www.sportpaint.de\/de\/wp-json\/wp\/v2\/product_brand?post=5349"},{"taxonomy":"product_cat","embeddable":true,"href":"https:\/\/www.sportpaint.de\/de\/wp-json\/wp\/v2\/product_cat?post=5349"},{"taxonomy":"product_tag","embeddable":true,"href":"https:\/\/www.sportpaint.de\/de\/wp-json\/wp\/v2\/product_tag?post=5349"}],"curies":[{"name":"wp","href":"https:\/\/api.w.org\/{rel}","templated":true}]}}