{"id":5339,"date":"2016-11-22T22:45:44","date_gmt":"2016-11-22T21:45:44","guid":{"rendered":"http:\/\/relaunch.sportpaint.de\/produkt\/mini-football-maf\/"},"modified":"2025-06-18T19:05:24","modified_gmt":"2025-06-18T17:05:24","slug":"mini-football","status":"publish","type":"product","link":"https:\/\/www.sportpaint.de\/de\/produkt\/mini-football\/","title":{"rendered":"Mini-Football"},"content":{"rendered":"<h4 style=\"color: #000000;\"><strong>Weitere Beispiele:<\/strong><\/h4>\n<p>&nbsp;<\/p>\n<!-- meta slider -->\n<div style=\"width: 100%; margin: 0 auto;\" class=\"metaslider metaslider-flex metaslider-6837 ml-slider ml-slider-lightbox-1-13-4 no-active-lightbox nav-hidden\">\n    <style type=\"text\/css\" id=\"metaslider-css-6837\">\n        #metaslider_6837.flexslider .slides li {margin-right: 10px !important;}\n    <\/style>\n    <div id=\"metaslider_container_6837\">\n        <div id=\"metaslider_6837\" class=\"flexslider\">\n            <ul class=\"slides\">\n                <li style=\"display: none; float: left; width: 100%;\"><a href=\"https:\/\/www.sportpaint.de\/wp-content\/uploads\/2016\/11\/Mini-American-Football-001.jpg\" target=\"_self\"><img loading=\"lazy\" decoding=\"async\" src=\"https:\/\/www.sportpaint.de\/wp-content\/uploads\/2016\/11\/Mini-American-Football-001-270x270.jpg\" height=\"270\" width=\"270\" alt=\"\" class=\"slider-6837 slide-6717\" \/><\/a><\/li>\n            <\/ul>\n        <\/div>\n        \n    <\/div>\n    <script type=\"text\/javascript\">\n        var metaslider_6837 = function($) {\n            $('#metaslider_6837').flexslider({ \n                slideshowSpeed:3000,\n                animation:'slide',\n                controlNav:false,\n                directionNav:true,\n                pauseOnHover:true,\n                direction:'horizontal',\n                reverse:false,\n                animationSpeed:600,\n                prevText:\"&lt;\",\n                nextText:\"&gt;\",\n                easing:\"linear\",\n                slideshow:true,\n                itemWidth:270,\n                minItems:1,\n                itemMargin:10\n            });\n        };\n        var timer_metaslider_6837 = function() {\n            var slider = !window.jQuery ? window.setTimeout(timer_metaslider_6837, 100) : !jQuery.isReady ? window.setTimeout(timer_metaslider_6837, 1) : metaslider_6837(window.jQuery);\n        };\n        timer_metaslider_6837();\n    <\/script>\n<\/div>\n<!--\/\/ meta slider-->\n","protected":false},"excerpt":{"rendered":"<p class=\"\" data-start=\"72\" data-end=\"360\">Unsere Mini Promotion Footballs aus hochwertigem Rubber oder PU bieten eine ideale Plattform f\u00fcr Ihre Markenbotschaft. Perfekt f\u00fcr Werbezwecke und personalisierte Designs, ziehen sie garantiert die Aufmerksamkeit auf sich.<\/p>\n<ul data-start=\"382\" data-end=\"581\">\n<li class=\"\" data-start=\"382\" data-end=\"460\">\n<p class=\"\" data-start=\"384\" data-end=\"460\"><strong data-start=\"384\" data-end=\"397\">Material:<\/strong> Aus hochwertigem <strong data-start=\"415\" data-end=\"425\">Rubber<\/strong> oder <strong data-start=\"431\" data-end=\"437\">PU<\/strong><\/p>\n<\/li>\n<li class=\"\" data-start=\"461\" data-end=\"510\">\n<p class=\"\" data-start=\"463\" data-end=\"510\"><strong data-start=\"463\" data-end=\"474\">Farben:<\/strong> Alle Farben nach Pantone erh\u00e4ltlich<\/p>\n<\/li>\n<li class=\"\" data-start=\"511\" data-end=\"581\">\n<p class=\"\" data-start=\"513\" data-end=\"536\"><strong data-start=\"513\" data-end=\"534\">Verf\u00fcgbare Gr\u00f6\u00dfe:<\/strong><\/p>\n<ul data-start=\"539\" data-end=\"581\">\n<li class=\"\" data-start=\"539\" data-end=\"581\">\n<p class=\"\" data-start=\"541\" data-end=\"581\">Umfang: 26-27 cm | Durchmesser: 15-16 cm<\/p>\n<\/li>\n<\/ul>\n<\/li>\n<\/ul>\n<p class=\"\" data-start=\"583\" data-end=\"662\">Erh\u00e4ltlich ab 100 St\u00fcck.<br data-start=\"611\" data-end=\"614\" \/>Details zu den Lieferzeiten finden Sie <a href=\"https:\/\/www.sportpaint.de\/faq\/\"><strong>hier<\/strong><\/a>.<\/p>\n","protected":false},"featured_media":10200,"comment_status":"open","ping_status":"closed","template":"","meta":[],"product_brand":[],"product_cat":[325,327],"product_tag":[],"class_list":{"0":"post-5339","1":"product","2":"type-product","3":"status-publish","4":"has-post-thumbnail","6":"product_cat-minibaelle","7":"product_cat-rugby-football","9":"first","10":"instock","11":"featured","12":"shipping-taxable","13":"purchasable","14":"product-type-variable"},"_links":{"self":[{"href":"https:\/\/www.sportpaint.de\/de\/wp-json\/wp\/v2\/product\/5339","targetHints":{"allow":["GET"]}}],"collection":[{"href":"https:\/\/www.sportpaint.de\/de\/wp-json\/wp\/v2\/product"}],"about":[{"href":"https:\/\/www.sportpaint.de\/de\/wp-json\/wp\/v2\/types\/product"}],"replies":[{"embeddable":true,"href":"https:\/\/www.sportpaint.de\/de\/wp-json\/wp\/v2\/comments?post=5339"}],"wp:featuredmedia":[{"embeddable":true,"href":"https:\/\/www.sportpaint.de\/de\/wp-json\/wp\/v2\/media\/10200"}],"wp:attachment":[{"href":"https:\/\/www.sportpaint.de\/de\/wp-json\/wp\/v2\/media?parent=5339"}],"wp:term":[{"taxonomy":"product_brand","embeddable":true,"href":"https:\/\/www.sportpaint.de\/de\/wp-json\/wp\/v2\/product_brand?post=5339"},{"taxonomy":"product_cat","embeddable":true,"href":"https:\/\/www.sportpaint.de\/de\/wp-json\/wp\/v2\/product_cat?post=5339"},{"taxonomy":"product_tag","embeddable":true,"href":"https:\/\/www.sportpaint.de\/de\/wp-json\/wp\/v2\/product_tag?post=5339"}],"curies":[{"name":"wp","href":"https:\/\/api.w.org\/{rel}","templated":true}]}}