{"id":5333,"date":"2016-11-22T22:42:30","date_gmt":"2016-11-22T21:42:30","guid":{"rendered":"http:\/\/relaunch.sportpaint.de\/produkt\/hockey-ball\/"},"modified":"2025-05-14T11:35:30","modified_gmt":"2025-05-14T09:35:30","slug":"hockey-ball","status":"publish","type":"product","link":"https:\/\/www.sportpaint.de\/de\/produkt\/hockey-ball\/","title":{"rendered":"Hockeyball"},"content":{"rendered":"","protected":false},"excerpt":{"rendered":"<p class=\"\" data-start=\"75\" data-end=\"433\">Unsere <strong data-start=\"139\" data-end=\"154\">Hockeyb\u00e4lle<\/strong> sind in verschiedenen <strong data-start=\"177\" data-end=\"202\">Qualit\u00e4ten erh\u00e4ltlich<\/strong> und lassen sich ganz nach Ihren W\u00fcnschen anpassen. Ob mit <strong data-start=\"261\" data-end=\"287\">individuellem Aufdruck<\/strong> oder in <strong data-start=\"296\" data-end=\"328\">verschiedenen Materialfarben<\/strong>, die B\u00e4lle bieten Ihnen zahlreiche Gestaltungsm\u00f6glichkeiten f\u00fcr Werbeaktionen oder den Einsatz im Sport.<\/p>\n<ul data-start=\"455\" data-end=\"640\">\n<li class=\"\" data-start=\"510\" data-end=\"588\">\n<p class=\"\" data-start=\"512\" data-end=\"588\"><strong data-start=\"512\" data-end=\"541\">Individuelle Anpassungen:<\/strong> Aufdruck und Materialfarbe nach Kundenwunsch<\/p>\n<\/li>\n<\/ul>\n<p class=\"\" data-start=\"642\" data-end=\"716\">Erh\u00e4ltlich ab 100 St\u00fcck.<br data-start=\"665\" data-end=\"668\" \/>Details zu den Lieferzeiten finden Sie <a href=\"https:\/\/www.sportpaint.de\/faq\/\"><strong>hier<\/strong><\/a>.<\/p>\n","protected":false},"featured_media":6351,"comment_status":"open","ping_status":"closed","template":"","meta":[],"product_brand":[],"product_cat":[326],"product_tag":[],"class_list":{"0":"post-5333","1":"product","2":"type-product","3":"status-publish","4":"has-post-thumbnail","6":"product_cat-diverse-baelle","8":"first","9":"instock","10":"featured","11":"shipping-taxable","12":"purchasable","13":"product-type-variable"},"_links":{"self":[{"href":"https:\/\/www.sportpaint.de\/de\/wp-json\/wp\/v2\/product\/5333","targetHints":{"allow":["GET"]}}],"collection":[{"href":"https:\/\/www.sportpaint.de\/de\/wp-json\/wp\/v2\/product"}],"about":[{"href":"https:\/\/www.sportpaint.de\/de\/wp-json\/wp\/v2\/types\/product"}],"replies":[{"embeddable":true,"href":"https:\/\/www.sportpaint.de\/de\/wp-json\/wp\/v2\/comments?post=5333"}],"wp:featuredmedia":[{"embeddable":true,"href":"https:\/\/www.sportpaint.de\/de\/wp-json\/wp\/v2\/media\/6351"}],"wp:attachment":[{"href":"https:\/\/www.sportpaint.de\/de\/wp-json\/wp\/v2\/media?parent=5333"}],"wp:term":[{"taxonomy":"product_brand","embeddable":true,"href":"https:\/\/www.sportpaint.de\/de\/wp-json\/wp\/v2\/product_brand?post=5333"},{"taxonomy":"product_cat","embeddable":true,"href":"https:\/\/www.sportpaint.de\/de\/wp-json\/wp\/v2\/product_cat?post=5333"},{"taxonomy":"product_tag","embeddable":true,"href":"https:\/\/www.sportpaint.de\/de\/wp-json\/wp\/v2\/product_tag?post=5333"}],"curies":[{"name":"wp","href":"https:\/\/api.w.org\/{rel}","templated":true}]}}