{"id":5331,"date":"2016-11-22T22:41:36","date_gmt":"2016-11-22T21:41:36","guid":{"rendered":"http:\/\/relaunch.sportpaint.de\/produkt\/baseball\/"},"modified":"2025-05-14T11:07:35","modified_gmt":"2025-05-14T09:07:35","slug":"baseball","status":"publish","type":"product","link":"https:\/\/www.sportpaint.de\/de\/produkt\/baseball\/","title":{"rendered":"Baseball"},"content":{"rendered":"","protected":false},"excerpt":{"rendered":"<p class=\"\" data-start=\"75\" data-end=\"366\">Unser <strong data-start=\"133\" data-end=\"145\">Baseball<\/strong> entspricht der offiziellen Gr\u00f6\u00dfe und eignet sich perfekt f\u00fcr Training, Wettk\u00e4mpfe oder als Werbemittel. Er ist in <strong data-start=\"260\" data-end=\"299\">vielen verschiedenen Materialfarben<\/strong> erh\u00e4ltlich, sodass er ideal an Ihre W\u00fcnsche angepasst werden kann.<\/p>\n<ul data-start=\"388\" data-end=\"547\">\n<li class=\"\" data-start=\"388\" data-end=\"419\">\n<p class=\"\" data-start=\"390\" data-end=\"419\"><strong data-start=\"390\" data-end=\"400\">Gr\u00f6\u00dfe:<\/strong> Offizielle Gr\u00f6\u00dfe<\/p>\n<\/li>\n<li class=\"\" data-start=\"420\" data-end=\"450\">\n<p class=\"\" data-start=\"422\" data-end=\"450\"><strong data-start=\"422\" data-end=\"433\">Umfang:<\/strong> ca. 23\u201323,5 cm<\/p>\n<\/li>\n<li class=\"\" data-start=\"451\" data-end=\"486\">\n<p class=\"\" data-start=\"453\" data-end=\"486\"><strong data-start=\"453\" data-end=\"469\">Durchmesser:<\/strong> ca. 7,3\u20137,6 cm<\/p>\n<\/li>\n<li class=\"\" data-start=\"487\" data-end=\"547\">\n<p class=\"\" data-start=\"489\" data-end=\"547\"><strong data-start=\"489\" data-end=\"500\">Farben:<\/strong> Viele verschiedene Materialfarben erh\u00e4ltlich<\/p>\n<\/li>\n<\/ul>\n<p class=\"\" data-start=\"549\" data-end=\"623\">Erh\u00e4ltlich ab 100 St\u00fcck.<br data-start=\"572\" data-end=\"575\" \/>Details zu den Lieferzeiten finden Sie <a href=\"https:\/\/www.sportpaint.de\/faq\/\"><strong>hier<\/strong><\/a>.<\/p>\n","protected":false},"featured_media":10090,"comment_status":"open","ping_status":"closed","template":"","meta":[],"product_brand":[],"product_cat":[326],"product_tag":[],"class_list":{"0":"post-5331","1":"product","2":"type-product","3":"status-publish","4":"has-post-thumbnail","6":"product_cat-diverse-baelle","8":"first","9":"instock","10":"featured","11":"shipping-taxable","12":"purchasable","13":"product-type-variable"},"_links":{"self":[{"href":"https:\/\/www.sportpaint.de\/de\/wp-json\/wp\/v2\/product\/5331","targetHints":{"allow":["GET"]}}],"collection":[{"href":"https:\/\/www.sportpaint.de\/de\/wp-json\/wp\/v2\/product"}],"about":[{"href":"https:\/\/www.sportpaint.de\/de\/wp-json\/wp\/v2\/types\/product"}],"replies":[{"embeddable":true,"href":"https:\/\/www.sportpaint.de\/de\/wp-json\/wp\/v2\/comments?post=5331"}],"wp:featuredmedia":[{"embeddable":true,"href":"https:\/\/www.sportpaint.de\/de\/wp-json\/wp\/v2\/media\/10090"}],"wp:attachment":[{"href":"https:\/\/www.sportpaint.de\/de\/wp-json\/wp\/v2\/media?parent=5331"}],"wp:term":[{"taxonomy":"product_brand","embeddable":true,"href":"https:\/\/www.sportpaint.de\/de\/wp-json\/wp\/v2\/product_brand?post=5331"},{"taxonomy":"product_cat","embeddable":true,"href":"https:\/\/www.sportpaint.de\/de\/wp-json\/wp\/v2\/product_cat?post=5331"},{"taxonomy":"product_tag","embeddable":true,"href":"https:\/\/www.sportpaint.de\/de\/wp-json\/wp\/v2\/product_tag?post=5331"}],"curies":[{"name":"wp","href":"https:\/\/api.w.org\/{rel}","templated":true}]}}