{"id":5324,"date":"2016-11-22T22:39:16","date_gmt":"2016-11-22T21:39:16","guid":{"rendered":"http:\/\/relaunch.sportpaint.de\/produkt\/squeeze-ball\/"},"modified":"2025-05-14T11:34:43","modified_gmt":"2025-05-14T09:34:43","slug":"squeeze-ball","status":"publish","type":"product","link":"https:\/\/www.sportpaint.de\/de\/produkt\/squeeze-ball\/","title":{"rendered":"Squeeze Ball"},"content":{"rendered":"<h4 style=\"color: #000000;\"><strong>Weitere Beispiele:<\/strong><\/h4>\n<p>&nbsp;<\/p>\n<!-- meta slider -->\n<div style=\"width: 100%; margin: 0 auto;\" class=\"metaslider metaslider-flex metaslider-6493 ml-slider ml-slider-lightbox-1-13-4 no-active-lightbox nav-hidden\">\n    <style type=\"text\/css\" id=\"metaslider-css-6493\">\n        #metaslider_6493.flexslider .slides li {margin-right: 10px !important;}\n    <\/style>\n    <div id=\"metaslider_container_6493\">\n        <div id=\"metaslider_6493\" class=\"flexslider\">\n            <ul class=\"slides\">\n                <li style=\"display: none; float: left; width: 100%;\"><a href=\"https:\/\/www.sportpaint.de\/wp-content\/uploads\/2017\/02\/Squeeze_013.jpg\" target=\"_self\"><img loading=\"lazy\" decoding=\"async\" src=\"https:\/\/www.sportpaint.de\/wp-content\/uploads\/2017\/02\/Squeeze_013-270x270.jpg\" height=\"270\" width=\"270\" alt=\"\" class=\"slider-6493 slide-6818\" \/><\/a><\/li>\n                <li style=\"display: none; float: left; width: 100%;\"><a href=\"https:\/\/www.sportpaint.de\/wp-content\/uploads\/2017\/02\/Squeeze_012.jpg\" target=\"_self\"><img loading=\"lazy\" decoding=\"async\" src=\"https:\/\/www.sportpaint.de\/wp-content\/uploads\/2017\/02\/Squeeze_012-270x270.jpg\" height=\"270\" width=\"270\" alt=\"\" class=\"slider-6493 slide-6817\" \/><\/a><\/li>\n                <li style=\"display: none; float: left; width: 100%;\"><a href=\"https:\/\/www.sportpaint.de\/wp-content\/uploads\/2016\/11\/Squeeze_011.jpg\" target=\"_self\"><img loading=\"lazy\" decoding=\"async\" src=\"https:\/\/www.sportpaint.de\/wp-content\/uploads\/2016\/11\/Squeeze_011-270x270.jpg\" height=\"270\" width=\"270\" alt=\"\" class=\"slider-6493 slide-6491\" \/><\/a><\/li>\n                <li style=\"display: none; float: left; width: 100%;\"><a href=\"https:\/\/www.sportpaint.de\/wp-content\/uploads\/2016\/11\/Squeeze_010.jpg\" target=\"_self\"><img loading=\"lazy\" decoding=\"async\" src=\"https:\/\/www.sportpaint.de\/wp-content\/uploads\/2016\/11\/Squeeze_010-270x270.jpg\" height=\"270\" width=\"270\" alt=\"\" class=\"slider-6493 slide-6489\" \/><\/a><\/li>\n                <li style=\"display: none; float: left; width: 100%;\"><a href=\"https:\/\/www.sportpaint.de\/wp-content\/uploads\/2016\/11\/Squeeze_007.jpg\" target=\"_self\"><img loading=\"lazy\" decoding=\"async\" src=\"https:\/\/www.sportpaint.de\/wp-content\/uploads\/2016\/11\/Squeeze_007-270x270.jpg\" height=\"270\" width=\"270\" alt=\"\" class=\"slider-6493 slide-6483\" \/><\/a><\/li>\n                <li style=\"display: none; float: left; width: 100%;\"><a href=\"https:\/\/www.sportpaint.de\/wp-content\/uploads\/2016\/11\/Squeeze_006.jpg\" target=\"_self\"><img loading=\"lazy\" decoding=\"async\" src=\"https:\/\/www.sportpaint.de\/wp-content\/uploads\/2016\/11\/Squeeze_006-270x270.jpg\" height=\"270\" width=\"270\" alt=\"\" class=\"slider-6493 slide-6481\" \/><\/a><\/li>\n                <li style=\"display: none; float: left; width: 100%;\"><a href=\"https:\/\/www.sportpaint.de\/wp-content\/uploads\/2016\/11\/Squeeze_004.jpg\" target=\"_self\"><img loading=\"lazy\" decoding=\"async\" src=\"https:\/\/www.sportpaint.de\/wp-content\/uploads\/2016\/11\/Squeeze_004-270x270.jpg\" height=\"270\" width=\"270\" alt=\"\" class=\"slider-6493 slide-6477\" \/><\/a><\/li>\n                <li style=\"display: none; float: left; width: 100%;\"><a href=\"https:\/\/www.sportpaint.de\/wp-content\/uploads\/2016\/11\/Squeeze_003.jpg\" target=\"_self\"><img loading=\"lazy\" decoding=\"async\" src=\"https:\/\/www.sportpaint.de\/wp-content\/uploads\/2016\/11\/Squeeze_003-270x270.jpg\" height=\"270\" width=\"270\" alt=\"\" class=\"slider-6493 slide-6475\" \/><\/a><\/li>\n                <li style=\"display: none; float: left; width: 100%;\"><a href=\"https:\/\/www.sportpaint.de\/wp-content\/uploads\/2016\/11\/Squeeze_002.jpg\" target=\"_self\"><img loading=\"lazy\" decoding=\"async\" src=\"https:\/\/www.sportpaint.de\/wp-content\/uploads\/2016\/11\/Squeeze_002-270x270.jpg\" height=\"270\" width=\"270\" alt=\"\" class=\"slider-6493 slide-6473\" \/><\/a><\/li>\n                <li style=\"display: none; float: left; width: 100%;\"><a href=\"https:\/\/www.sportpaint.de\/wp-content\/uploads\/2016\/11\/Squeeze_001.jpg\" target=\"_self\"><img loading=\"lazy\" decoding=\"async\" src=\"https:\/\/www.sportpaint.de\/wp-content\/uploads\/2016\/11\/Squeeze_001-270x270.jpg\" height=\"270\" width=\"270\" alt=\"\" class=\"slider-6493 slide-6471\" \/><\/a><\/li>\n            <\/ul>\n        <\/div>\n        \n    <\/div>\n    <script type=\"text\/javascript\">\n        var metaslider_6493 = function($) {\n            $('#metaslider_6493').flexslider({ \n                slideshowSpeed:3000,\n                animation:'slide',\n                controlNav:false,\n                directionNav:true,\n                pauseOnHover:true,\n                direction:'horizontal',\n                reverse:false,\n                animationSpeed:600,\n                prevText:\"&lt;\",\n                nextText:\"&gt;\",\n                easing:\"linear\",\n                slideshow:true,\n                itemWidth:270,\n                minItems:1,\n                itemMargin:10\n            });\n        };\n        var timer_metaslider_6493 = function() {\n            var slider = !window.jQuery ? window.setTimeout(timer_metaslider_6493, 100) : !jQuery.isReady ? window.setTimeout(timer_metaslider_6493, 1) : metaslider_6493(window.jQuery);\n        };\n        timer_metaslider_6493();\n    <\/script>\n<\/div>\n<!--\/\/ meta slider-->\n","protected":false},"excerpt":{"rendered":"<p class=\"\" data-start=\"102\" data-end=\"432\"><strong data-start=\"102\" data-end=\"150\">Squeeze Ball \u2013 weich, formbar und vielseitig<\/strong><br data-start=\"150\" data-end=\"153\" \/>Unsere <strong data-start=\"160\" data-end=\"177\">Squeeze B\u00e4lle<\/strong> bestehen aus einem <strong data-start=\"197\" data-end=\"235\">maschinen\u00adgen\u00e4hten PU-Obermaterial<\/strong> und sind im Inneren mit <strong data-start=\"260\" data-end=\"287\">weicher Polyester-Watte<\/strong> gef\u00fcllt. Dadurch sind sie <strong data-start=\"314\" data-end=\"330\">extrem weich<\/strong>, nahezu <strong data-start=\"339\" data-end=\"358\">nicht springend<\/strong> und ideal als <strong data-start=\"373\" data-end=\"422\">Antistress-B\u00e4lle, Werbemittel oder Spielb\u00e4lle<\/strong> geeignet.<\/p>\n<p class=\"\" data-start=\"434\" data-end=\"586\">Die B\u00e4lle sind in vielen verschiedenen <strong data-start=\"473\" data-end=\"521\">Schnittmustern, Gr\u00f6\u00dfen und Farbkombinationen<\/strong> erh\u00e4ltlich und lassen sich individuell an Ihre W\u00fcnsche anpassen.<\/p>\n<ul data-start=\"608\" data-end=\"819\">\n<li class=\"\" data-start=\"608\" data-end=\"653\">\n<p class=\"\" data-start=\"610\" data-end=\"653\"><strong data-start=\"610\" data-end=\"629\">Material au\u00dfen:<\/strong> Maschinen\u00adgen\u00e4htes PU<\/p>\n<\/li>\n<li class=\"\" data-start=\"654\" data-end=\"693\">\n<p class=\"\" data-start=\"656\" data-end=\"693\"><strong data-start=\"656\" data-end=\"668\">F\u00fcllung:<\/strong> Weiche Polyester-Watte<\/p>\n<\/li>\n<li class=\"\" data-start=\"694\" data-end=\"745\">\n<p class=\"\" data-start=\"696\" data-end=\"745\"><strong data-start=\"696\" data-end=\"714\">Eigenschaften:<\/strong> Extrem weich, kaum springend<\/p>\n<\/li>\n<li class=\"\" data-start=\"746\" data-end=\"819\">\n<p class=\"\" data-start=\"748\" data-end=\"819\"><strong data-start=\"748\" data-end=\"759\">Design:<\/strong> Unterschiedliche Schnittmuster, Gr\u00f6\u00dfen &amp; Farben verf\u00fcgbar<\/p>\n<\/li>\n<\/ul>\n<p class=\"\" data-start=\"821\" data-end=\"895\">Erh\u00e4ltlich ab 50 St\u00fcck.<br data-start=\"844\" data-end=\"847\" \/>Details zu den Lieferzeiten finden Sie <a href=\"https:\/\/www.sportpaint.de\/faq\/\"><strong>hier<\/strong><\/a>.<\/p>\n","protected":false},"featured_media":6479,"comment_status":"open","ping_status":"closed","template":"","meta":[],"product_brand":[],"product_cat":[319],"product_tag":[],"class_list":{"0":"post-5324","1":"product","2":"type-product","3":"status-publish","4":"has-post-thumbnail","6":"product_cat-soft-und-squeezebaelle","8":"first","9":"instock","10":"featured","11":"shipping-taxable","12":"purchasable","13":"product-type-variable"},"_links":{"self":[{"href":"https:\/\/www.sportpaint.de\/de\/wp-json\/wp\/v2\/product\/5324","targetHints":{"allow":["GET"]}}],"collection":[{"href":"https:\/\/www.sportpaint.de\/de\/wp-json\/wp\/v2\/product"}],"about":[{"href":"https:\/\/www.sportpaint.de\/de\/wp-json\/wp\/v2\/types\/product"}],"replies":[{"embeddable":true,"href":"https:\/\/www.sportpaint.de\/de\/wp-json\/wp\/v2\/comments?post=5324"}],"wp:featuredmedia":[{"embeddable":true,"href":"https:\/\/www.sportpaint.de\/de\/wp-json\/wp\/v2\/media\/6479"}],"wp:attachment":[{"href":"https:\/\/www.sportpaint.de\/de\/wp-json\/wp\/v2\/media?parent=5324"}],"wp:term":[{"taxonomy":"product_brand","embeddable":true,"href":"https:\/\/www.sportpaint.de\/de\/wp-json\/wp\/v2\/product_brand?post=5324"},{"taxonomy":"product_cat","embeddable":true,"href":"https:\/\/www.sportpaint.de\/de\/wp-json\/wp\/v2\/product_cat?post=5324"},{"taxonomy":"product_tag","embeddable":true,"href":"https:\/\/www.sportpaint.de\/de\/wp-json\/wp\/v2\/product_tag?post=5324"}],"curies":[{"name":"wp","href":"https:\/\/api.w.org\/{rel}","templated":true}]}}