{"id":5305,"date":"2016-11-22T16:24:23","date_gmt":"2016-11-22T15:24:23","guid":{"rendered":"http:\/\/relaunch.sportpaint.de\/produkt\/32-panel-miniball\/"},"modified":"2025-05-14T11:26:35","modified_gmt":"2025-05-14T09:26:35","slug":"32-panel-miniball","status":"publish","type":"product","link":"https:\/\/www.sportpaint.de\/de\/produkt\/32-panel-miniball\/","title":{"rendered":"32 Panel &#8211; Miniball"},"content":{"rendered":"<h4 style=\"color: #000000;\"><strong>Weitere Beispiele:<\/strong><\/h4>\n<p>&nbsp;<\/p>\n<!-- meta slider -->\n<div style=\"width: 100%; margin: 0 auto;\" class=\"metaslider metaslider-flex metaslider-6629 ml-slider ml-slider-lightbox-1-13-4 no-active-lightbox nav-hidden\">\n    <style type=\"text\/css\" id=\"metaslider-css-6629\">\n        #metaslider_6629.flexslider .slides li {margin-right: 10px !important;}\n    <\/style>\n    <div id=\"metaslider_container_6629\">\n        <div id=\"metaslider_6629\" class=\"flexslider\">\n            <ul class=\"slides\">\n                <li style=\"display: none; float: left; width: 100%;\"><a href=\"https:\/\/www.sportpaint.de\/wp-content\/uploads\/2016\/11\/32-Panel-Miniball-008.jpg\" target=\"_self\"><img loading=\"lazy\" decoding=\"async\" src=\"https:\/\/www.sportpaint.de\/wp-content\/uploads\/2016\/11\/32-Panel-Miniball-008-270x270.jpg\" height=\"270\" width=\"270\" alt=\"\" class=\"slider-6629 slide-6623\" \/><\/a><\/li>\n                <li style=\"display: none; float: left; width: 100%;\"><a href=\"https:\/\/www.sportpaint.de\/wp-content\/uploads\/2016\/11\/32-Panel-Miniball-005.jpg\" target=\"_self\"><img loading=\"lazy\" decoding=\"async\" src=\"https:\/\/www.sportpaint.de\/wp-content\/uploads\/2016\/11\/32-Panel-Miniball-005-270x270.jpg\" height=\"270\" width=\"270\" alt=\"\" class=\"slider-6629 slide-6617\" \/><\/a><\/li>\n                <li style=\"display: none; float: left; width: 100%;\"><a href=\"https:\/\/www.sportpaint.de\/wp-content\/uploads\/2016\/11\/32-Panel-Miniball-006.jpg\" target=\"_self\"><img loading=\"lazy\" decoding=\"async\" src=\"https:\/\/www.sportpaint.de\/wp-content\/uploads\/2016\/11\/32-Panel-Miniball-006-270x270.jpg\" height=\"270\" width=\"270\" alt=\"\" class=\"slider-6629 slide-6619\" \/><\/a><\/li>\n                <li style=\"display: none; float: left; width: 100%;\"><a href=\"https:\/\/www.sportpaint.de\/wp-content\/uploads\/2016\/11\/32-Panel-Miniball-004.jpg\" target=\"_self\"><img loading=\"lazy\" decoding=\"async\" src=\"https:\/\/www.sportpaint.de\/wp-content\/uploads\/2016\/11\/32-Panel-Miniball-004-270x270.jpg\" height=\"270\" width=\"270\" alt=\"\" class=\"slider-6629 slide-6615\" \/><\/a><\/li>\n            <\/ul>\n        <\/div>\n        \n    <\/div>\n    <script type=\"text\/javascript\">\n        var metaslider_6629 = function($) {\n            $('#metaslider_6629').flexslider({ \n                slideshowSpeed:3000,\n                animation:'slide',\n                controlNav:false,\n                directionNav:true,\n                pauseOnHover:true,\n                direction:'horizontal',\n                reverse:false,\n                animationSpeed:600,\n                prevText:\"&lt;\",\n                nextText:\"&gt;\",\n                easing:\"linear\",\n                slideshow:true,\n                itemWidth:270,\n                minItems:1,\n                itemMargin:10\n            });\n        };\n        var timer_metaslider_6629 = function() {\n            var slider = !window.jQuery ? window.setTimeout(timer_metaslider_6629, 100) : !jQuery.isReady ? window.setTimeout(timer_metaslider_6629, 1) : metaslider_6629(window.jQuery);\n        };\n        timer_metaslider_6629();\n    <\/script>\n<\/div>\n<!--\/\/ meta slider-->\n","protected":false},"excerpt":{"rendered":"<p class=\"\" data-start=\"90\" data-end=\"471\"><strong data-start=\"90\" data-end=\"126\">Perfekt f\u00fcr mehrfachen Logodruck<\/strong><br data-start=\"126\" data-end=\"129\" \/>Dieser Ball eignet sich ideal f\u00fcr die Platzierung von mehreren Logos oder f\u00fcr den mehrfachen Logodruck rund um den Ball. Alle unsere B\u00e4lle lassen sich individuell nach Ihren W\u00fcnschen gestalten.<br data-start=\"322\" data-end=\"325\" \/>Nachfolgend finden Sie einige Designbeispiele zur Inspiration. Gern erstellen wir auch ma\u00dfgeschneiderte Designvorschl\u00e4ge, abgestimmt auf Ihr Logo.<\/p>\n<ul data-start=\"493\" data-end=\"773\">\n<li class=\"\" data-start=\"493\" data-end=\"575\">\n<p class=\"\" data-start=\"495\" data-end=\"575\"><strong data-start=\"495\" data-end=\"519\">32 Panel Miniball<\/strong> mit Hochglanzbeschichtung<\/p>\n<\/li>\n<li class=\"\" data-start=\"690\" data-end=\"776\">\n<p class=\"\" data-start=\"692\" data-end=\"776\"><strong data-start=\"692\" data-end=\"713\">Materialqualit\u00e4t:<\/strong> PU\/PVC Gemisch oder PU<\/p>\n<\/li>\n<li class=\"\" data-start=\"652\" data-end=\"773\">\n<p class=\"\" data-start=\"654\" data-end=\"676\"><strong data-start=\"654\" data-end=\"675\">Verf\u00fcgbare Gr\u00f6\u00dfen<\/strong>:<\/p>\n<ul data-start=\"679\" data-end=\"773\">\n<li class=\"\" data-start=\"679\" data-end=\"723\">\n<p class=\"\" data-start=\"681\" data-end=\"723\">Umfang: ca. 43 cm | Durchmesser: ca. 14 cm<\/p>\n<\/li>\n<li class=\"\" data-start=\"726\" data-end=\"773\">\n<p class=\"\" data-start=\"728\" data-end=\"773\">Umfang: ca. 51 cm | Durchmesser: ca. 16-17 cm<\/p>\n<\/li>\n<\/ul>\n<\/li>\n<\/ul>\n<p class=\"\" data-start=\"775\" data-end=\"854\">Erh\u00e4ltlich ab 100 St\u00fcck.<br data-start=\"803\" data-end=\"806\" \/>Details zu den Lieferzeiten finden Sie <a href=\"https:\/\/www.sportpaint.de\/faq\/\"><strong>hier<\/strong><\/a>.<\/p>\n","protected":false},"featured_media":6609,"comment_status":"open","ping_status":"closed","template":"","meta":[],"product_brand":[],"product_cat":[325],"product_tag":[],"class_list":{"0":"post-5305","1":"product","2":"type-product","3":"status-publish","4":"has-post-thumbnail","6":"product_cat-minibaelle","8":"first","9":"instock","10":"featured","11":"shipping-taxable","12":"purchasable","13":"product-type-variable"},"_links":{"self":[{"href":"https:\/\/www.sportpaint.de\/de\/wp-json\/wp\/v2\/product\/5305","targetHints":{"allow":["GET"]}}],"collection":[{"href":"https:\/\/www.sportpaint.de\/de\/wp-json\/wp\/v2\/product"}],"about":[{"href":"https:\/\/www.sportpaint.de\/de\/wp-json\/wp\/v2\/types\/product"}],"replies":[{"embeddable":true,"href":"https:\/\/www.sportpaint.de\/de\/wp-json\/wp\/v2\/comments?post=5305"}],"wp:featuredmedia":[{"embeddable":true,"href":"https:\/\/www.sportpaint.de\/de\/wp-json\/wp\/v2\/media\/6609"}],"wp:attachment":[{"href":"https:\/\/www.sportpaint.de\/de\/wp-json\/wp\/v2\/media?parent=5305"}],"wp:term":[{"taxonomy":"product_brand","embeddable":true,"href":"https:\/\/www.sportpaint.de\/de\/wp-json\/wp\/v2\/product_brand?post=5305"},{"taxonomy":"product_cat","embeddable":true,"href":"https:\/\/www.sportpaint.de\/de\/wp-json\/wp\/v2\/product_cat?post=5305"},{"taxonomy":"product_tag","embeddable":true,"href":"https:\/\/www.sportpaint.de\/de\/wp-json\/wp\/v2\/product_tag?post=5305"}],"curies":[{"name":"wp","href":"https:\/\/api.w.org\/{rel}","templated":true}]}}