{"id":5260,"date":"2016-11-08T21:33:05","date_gmt":"2016-11-08T20:33:05","guid":{"rendered":"http:\/\/relaunch.sportpaint.de\/produkt\/32-panel-fussball\/"},"modified":"2025-06-04T12:22:55","modified_gmt":"2025-06-04T10:22:55","slug":"32-panel-fussball","status":"publish","type":"product","link":"https:\/\/www.sportpaint.de\/de\/produkt\/32-panel-fussball\/","title":{"rendered":"32 Panel &#8211; Fu\u00dfball"},"content":{"rendered":"<h4 style=\"color: #000000;\"><strong>Weitere Beispiele:<\/strong><\/h4>\n<p>&nbsp;<\/p>\n<!-- meta slider -->\n<div style=\"width: 100%; margin: 0 auto;\" class=\"metaslider metaslider-flex metaslider-6186 ml-slider ml-slider-lightbox-1-13-4 no-active-lightbox nav-hidden\">\n    <style type=\"text\/css\" id=\"metaslider-css-6186\">\n        #metaslider_6186.flexslider .slides li {margin-right: 10px !important;}\n    <\/style>\n    <div id=\"metaslider_container_6186\">\n        <div id=\"metaslider_6186\" class=\"flexslider\">\n            <ul class=\"slides\">\n                <li style=\"display: none; float: left; width: 100%;\"><a href=\"https:\/\/www.sportpaint.de\/wp-content\/uploads\/2016\/11\/32-Panel-015.jpg\" target=\"_self\"><img loading=\"lazy\" decoding=\"async\" src=\"https:\/\/www.sportpaint.de\/wp-content\/uploads\/2016\/11\/32-Panel-015-270x270.jpg\" height=\"270\" width=\"270\" alt=\"\" class=\"slider-6186 slide-6182\" \/><\/a><\/li>\n                <li style=\"display: none; float: left; width: 100%;\"><a href=\"https:\/\/www.sportpaint.de\/wp-content\/uploads\/2016\/11\/32-Panel-014.jpg\" target=\"_self\"><img loading=\"lazy\" decoding=\"async\" src=\"https:\/\/www.sportpaint.de\/wp-content\/uploads\/2016\/11\/32-Panel-014-270x270.jpg\" height=\"270\" width=\"270\" alt=\"\" class=\"slider-6186 slide-6180\" \/><\/a><\/li>\n                <li style=\"display: none; float: left; width: 100%;\"><a href=\"https:\/\/www.sportpaint.de\/wp-content\/uploads\/2016\/11\/32-Panel-009.jpg\" target=\"_self\"><img loading=\"lazy\" decoding=\"async\" src=\"https:\/\/www.sportpaint.de\/wp-content\/uploads\/2016\/11\/32-Panel-009-270x270.jpg\" height=\"270\" width=\"270\" alt=\"\" class=\"slider-6186 slide-6170\" \/><\/a><\/li>\n                <li style=\"display: none; float: left; width: 100%;\"><a href=\"https:\/\/www.sportpaint.de\/wp-content\/uploads\/2016\/11\/32-Panel-008.jpg\" target=\"_self\"><img loading=\"lazy\" decoding=\"async\" src=\"https:\/\/www.sportpaint.de\/wp-content\/uploads\/2016\/11\/32-Panel-008-270x270.jpg\" height=\"270\" width=\"270\" alt=\"\" class=\"slider-6186 slide-6168\" \/><\/a><\/li>\n                <li style=\"display: none; float: left; width: 100%;\"><a href=\"https:\/\/www.sportpaint.de\/wp-content\/uploads\/2016\/11\/32-Panel-007.jpg\" target=\"_self\"><img loading=\"lazy\" decoding=\"async\" src=\"https:\/\/www.sportpaint.de\/wp-content\/uploads\/2016\/11\/32-Panel-007-270x270.jpg\" height=\"270\" width=\"270\" alt=\"\" class=\"slider-6186 slide-6166\" \/><\/a><\/li>\n                <li style=\"display: none; float: left; width: 100%;\"><a href=\"https:\/\/www.sportpaint.de\/wp-content\/uploads\/2016\/11\/32-Panel-006.jpg\" target=\"_self\"><img loading=\"lazy\" decoding=\"async\" src=\"https:\/\/www.sportpaint.de\/wp-content\/uploads\/2016\/11\/32-Panel-006-270x270.jpg\" height=\"270\" width=\"270\" alt=\"\" class=\"slider-6186 slide-6164\" \/><\/a><\/li>\n                <li style=\"display: none; float: left; width: 100%;\"><a href=\"https:\/\/www.sportpaint.de\/wp-content\/uploads\/2016\/11\/32-Panel-004.jpg\" target=\"_self\"><img loading=\"lazy\" decoding=\"async\" src=\"https:\/\/www.sportpaint.de\/wp-content\/uploads\/2016\/11\/32-Panel-004-270x270.jpg\" height=\"270\" width=\"270\" alt=\"\" class=\"slider-6186 slide-6160\" \/><\/a><\/li>\n                <li style=\"display: none; float: left; width: 100%;\"><a href=\"https:\/\/www.sportpaint.de\/wp-content\/uploads\/2016\/11\/32-Panel-003-1.jpg\" target=\"_self\"><img loading=\"lazy\" decoding=\"async\" src=\"https:\/\/www.sportpaint.de\/wp-content\/uploads\/2016\/11\/32-Panel-003-1-270x270.jpg\" height=\"270\" width=\"270\" alt=\"\" class=\"slider-6186 slide-6158\" \/><\/a><\/li>\n            <\/ul>\n        <\/div>\n        \n    <\/div>\n    <script type=\"text\/javascript\">\n        var metaslider_6186 = function($) {\n            $('#metaslider_6186').flexslider({ \n                slideshowSpeed:3000,\n                animation:'slide',\n                controlNav:false,\n                directionNav:true,\n                pauseOnHover:true,\n                direction:'horizontal',\n                reverse:false,\n                animationSpeed:600,\n                prevText:\"&lt;\",\n                nextText:\"&gt;\",\n                easing:\"linear\",\n                slideshow:true,\n                itemWidth:270,\n                minItems:1,\n                itemMargin:10\n            });\n        };\n        var timer_metaslider_6186 = function() {\n            var slider = !window.jQuery ? window.setTimeout(timer_metaslider_6186, 100) : !jQuery.isReady ? window.setTimeout(timer_metaslider_6186, 1) : metaslider_6186(window.jQuery);\n        };\n        timer_metaslider_6186();\n    <\/script>\n<\/div>\n<!--\/\/ meta slider-->\n","protected":false},"excerpt":{"rendered":"<p><strong data-start=\"91\" data-end=\"149\">Vielseitig einsetzbar \u2013 ideal f\u00fcr mehrfachen Logodruck<\/strong><br data-start=\"149\" data-end=\"152\" \/>Dieser Ball eignet sich besonders gut f\u00fcr den wiederholten Logodruck rund um die Oberfl\u00e4che oder f\u00fcr die Platzierung mehrerer unterschiedlicher Logos.<br data-start=\"302\" data-end=\"305\" \/>Alle unsere B\u00e4lle k\u00f6nnen individuell nach Ihren W\u00fcnschen gestaltet werden \u2013 von Farben bis hin zum Layout.<br data-start=\"411\" data-end=\"414\" \/>Nachfolgend finden Sie einige inspirierende Beispiele.<br data-start=\"468\" data-end=\"471\" \/>Gern entwickeln wir auch individuelle Designvorschl\u00e4ge, abgestimmt auf Ihr Logo und Ihre Markenbotschaft.<\/p>\n<p>Details zu Qualit\u00e4ten und Lieferzeiten finden Sie <a href=\"https:\/\/www.sportpaint.de\/faq\/\"><strong>hier<\/strong><\/a>.<br data-start=\"397\" data-end=\"400\" \/>Erh\u00e4ltlich ab 50 St\u00fcck.<\/p>\n","protected":false},"featured_media":10167,"comment_status":"open","ping_status":"closed","template":"","meta":[],"product_brand":[],"product_cat":[321],"product_tag":[],"class_list":{"0":"post-5260","1":"product","2":"type-product","3":"status-publish","4":"has-post-thumbnail","6":"product_cat-fussbaelle","8":"first","9":"instock","10":"featured","11":"shipping-taxable","12":"purchasable","13":"product-type-variable"},"_links":{"self":[{"href":"https:\/\/www.sportpaint.de\/de\/wp-json\/wp\/v2\/product\/5260","targetHints":{"allow":["GET"]}}],"collection":[{"href":"https:\/\/www.sportpaint.de\/de\/wp-json\/wp\/v2\/product"}],"about":[{"href":"https:\/\/www.sportpaint.de\/de\/wp-json\/wp\/v2\/types\/product"}],"replies":[{"embeddable":true,"href":"https:\/\/www.sportpaint.de\/de\/wp-json\/wp\/v2\/comments?post=5260"}],"wp:featuredmedia":[{"embeddable":true,"href":"https:\/\/www.sportpaint.de\/de\/wp-json\/wp\/v2\/media\/10167"}],"wp:attachment":[{"href":"https:\/\/www.sportpaint.de\/de\/wp-json\/wp\/v2\/media?parent=5260"}],"wp:term":[{"taxonomy":"product_brand","embeddable":true,"href":"https:\/\/www.sportpaint.de\/de\/wp-json\/wp\/v2\/product_brand?post=5260"},{"taxonomy":"product_cat","embeddable":true,"href":"https:\/\/www.sportpaint.de\/de\/wp-json\/wp\/v2\/product_cat?post=5260"},{"taxonomy":"product_tag","embeddable":true,"href":"https:\/\/www.sportpaint.de\/de\/wp-json\/wp\/v2\/product_tag?post=5260"}],"curies":[{"name":"wp","href":"https:\/\/api.w.org\/{rel}","templated":true}]}}