{"id":5252,"date":"2016-11-08T21:27:21","date_gmt":"2016-11-08T20:27:21","guid":{"rendered":"http:\/\/relaunch.sportpaint.de\/produkt\/30-panel-fussball\/"},"modified":"2025-05-14T19:45:42","modified_gmt":"2025-05-14T17:45:42","slug":"30-panel-fussball","status":"publish","type":"product","link":"https:\/\/www.sportpaint.de\/de\/produkt\/30-panel-fussball\/","title":{"rendered":"30 Panel &#8211; Fu\u00dfball"},"content":{"rendered":"<h4 style=\"color: #000000;\"><strong>Weitere Beispiele:<\/strong><\/h4>\n<p>&nbsp;<\/p>\n<!-- meta slider -->\n<div style=\"width: 100%; margin: 0 auto;\" class=\"metaslider metaslider-flex metaslider-6149 ml-slider ml-slider-lightbox-1-13-4 no-active-lightbox nav-hidden\">\n    <style type=\"text\/css\" id=\"metaslider-css-6149\">\n        #metaslider_6149.flexslider .slides li {margin-right: 10px !important;}\n    <\/style>\n    <div id=\"metaslider_container_6149\">\n        <div id=\"metaslider_6149\" class=\"flexslider\">\n            <ul class=\"slides\">\n                <li style=\"display: none; float: left; width: 100%;\"><a href=\"https:\/\/www.sportpaint.de\/wp-content\/uploads\/2016\/11\/30-Panel-002.jpg\" target=\"_self\"><img loading=\"lazy\" decoding=\"async\" src=\"https:\/\/www.sportpaint.de\/wp-content\/uploads\/2016\/11\/30-Panel-002-270x270.jpg\" height=\"270\" width=\"270\" alt=\"\" class=\"slider-6149 slide-6115\" \/><\/a><\/li>\n                <li style=\"display: none; float: left; width: 100%;\"><a href=\"https:\/\/www.sportpaint.de\/wp-content\/uploads\/2016\/11\/30-Panel-015.jpg\" target=\"_self\"><img loading=\"lazy\" decoding=\"async\" src=\"https:\/\/www.sportpaint.de\/wp-content\/uploads\/2016\/11\/30-Panel-015-270x270.jpg\" height=\"270\" width=\"270\" alt=\"\" class=\"slider-6149 slide-6141\" \/><\/a><\/li>\n                <li style=\"display: none; float: left; width: 100%;\"><a href=\"https:\/\/www.sportpaint.de\/wp-content\/uploads\/2016\/11\/30-Panel-007.jpg\" target=\"_self\"><img loading=\"lazy\" decoding=\"async\" src=\"https:\/\/www.sportpaint.de\/wp-content\/uploads\/2016\/11\/30-Panel-007-270x270.jpg\" height=\"270\" width=\"270\" alt=\"\" class=\"slider-6149 slide-6125\" \/><\/a><\/li>\n                <li style=\"display: none; float: left; width: 100%;\"><a href=\"https:\/\/www.sportpaint.de\/wp-content\/uploads\/2016\/11\/30-Panel-006.jpg\" target=\"_self\"><img loading=\"lazy\" decoding=\"async\" src=\"https:\/\/www.sportpaint.de\/wp-content\/uploads\/2016\/11\/30-Panel-006-270x270.jpg\" height=\"270\" width=\"270\" alt=\"\" class=\"slider-6149 slide-6123\" \/><\/a><\/li>\n                <li style=\"display: none; float: left; width: 100%;\"><a href=\"https:\/\/www.sportpaint.de\/wp-content\/uploads\/2016\/11\/30-Panel-004.jpg\" target=\"_self\"><img loading=\"lazy\" decoding=\"async\" src=\"https:\/\/www.sportpaint.de\/wp-content\/uploads\/2016\/11\/30-Panel-004-270x270.jpg\" height=\"270\" width=\"270\" alt=\"\" class=\"slider-6149 slide-6119\" \/><\/a><\/li>\n                <li style=\"display: none; float: left; width: 100%;\"><a href=\"https:\/\/www.sportpaint.de\/wp-content\/uploads\/2016\/11\/30-Panel-003.jpg\" target=\"_self\"><img loading=\"lazy\" decoding=\"async\" src=\"https:\/\/www.sportpaint.de\/wp-content\/uploads\/2016\/11\/30-Panel-003-270x270.jpg\" height=\"270\" width=\"270\" alt=\"\" class=\"slider-6149 slide-6117\" \/><\/a><\/li>\n            <\/ul>\n        <\/div>\n        \n    <\/div>\n    <script type=\"text\/javascript\">\n        var metaslider_6149 = function($) {\n            $('#metaslider_6149').flexslider({ \n                slideshowSpeed:3000,\n                animation:'slide',\n                controlNav:false,\n                directionNav:true,\n                pauseOnHover:true,\n                direction:'horizontal',\n                reverse:false,\n                animationSpeed:600,\n                prevText:\"&lt;\",\n                nextText:\"&gt;\",\n                easing:\"linear\",\n                slideshow:true,\n                itemWidth:270,\n                minItems:1,\n                itemMargin:10\n            });\n        };\n        var timer_metaslider_6149 = function() {\n            var slider = !window.jQuery ? window.setTimeout(timer_metaslider_6149, 100) : !jQuery.isReady ? window.setTimeout(timer_metaslider_6149, 1) : metaslider_6149(window.jQuery);\n        };\n        timer_metaslider_6149();\n    <\/script>\n<\/div>\n<!--\/\/ meta slider-->\n","protected":false},"excerpt":{"rendered":"<p><strong data-start=\"124\" data-end=\"173\">Maximale Werbefl\u00e4che \u2013 individuell gestaltbar<\/strong><br data-start=\"173\" data-end=\"176\" \/>Dieser Ball kann wahlweise mit zwei oder vier Doppelpanelen gefertigt werden und bietet dadurch gro\u00dfz\u00fcgige Werbefl\u00e4chen, die nicht durch N\u00e4hte unterbrochen sind \u2013 ideal f\u00fcr eine klare und aufmerksamkeitsstarke Pr\u00e4sentation Ihres Logos.<br data-start=\"411\" data-end=\"414\" \/>Alle unsere B\u00e4lle lassen sich nach Ihren individuellen Vorstellungen gestalten.<br data-start=\"493\" data-end=\"496\" \/>Nachfolgend finden Sie einige Designbeispiele zur Inspiration.<br data-start=\"558\" data-end=\"561\" \/>Gern entwickeln wir auch ma\u00dfgeschneiderte Vorschl\u00e4ge, perfekt abgestimmt auf Ihr Logo und Ihre Markenidentit\u00e4t.<\/p>\n<p>Details zu Qualit\u00e4ten und Lieferzeiten finden Sie <a href=\"https:\/\/www.sportpaint.de\/faq\/\"><strong>hier<\/strong><\/a>.<br data-start=\"397\" data-end=\"400\" \/>Erh\u00e4ltlich ab 50 St\u00fcck.<\/p>\n","protected":false},"featured_media":10109,"comment_status":"open","ping_status":"closed","template":"","meta":[],"product_brand":[],"product_cat":[321],"product_tag":[],"class_list":{"0":"post-5252","1":"product","2":"type-product","3":"status-publish","4":"has-post-thumbnail","6":"product_cat-fussbaelle","8":"first","9":"instock","10":"featured","11":"shipping-taxable","12":"purchasable","13":"product-type-variable"},"_links":{"self":[{"href":"https:\/\/www.sportpaint.de\/de\/wp-json\/wp\/v2\/product\/5252","targetHints":{"allow":["GET"]}}],"collection":[{"href":"https:\/\/www.sportpaint.de\/de\/wp-json\/wp\/v2\/product"}],"about":[{"href":"https:\/\/www.sportpaint.de\/de\/wp-json\/wp\/v2\/types\/product"}],"replies":[{"embeddable":true,"href":"https:\/\/www.sportpaint.de\/de\/wp-json\/wp\/v2\/comments?post=5252"}],"wp:featuredmedia":[{"embeddable":true,"href":"https:\/\/www.sportpaint.de\/de\/wp-json\/wp\/v2\/media\/10109"}],"wp:attachment":[{"href":"https:\/\/www.sportpaint.de\/de\/wp-json\/wp\/v2\/media?parent=5252"}],"wp:term":[{"taxonomy":"product_brand","embeddable":true,"href":"https:\/\/www.sportpaint.de\/de\/wp-json\/wp\/v2\/product_brand?post=5252"},{"taxonomy":"product_cat","embeddable":true,"href":"https:\/\/www.sportpaint.de\/de\/wp-json\/wp\/v2\/product_cat?post=5252"},{"taxonomy":"product_tag","embeddable":true,"href":"https:\/\/www.sportpaint.de\/de\/wp-json\/wp\/v2\/product_tag?post=5252"}],"curies":[{"name":"wp","href":"https:\/\/api.w.org\/{rel}","templated":true}]}}