{"id":5245,"date":"2016-11-08T21:25:34","date_gmt":"2016-11-08T20:25:34","guid":{"rendered":"http:\/\/relaunch.sportpaint.de\/produkt\/6-panel-fussball\/"},"modified":"2025-06-04T10:35:28","modified_gmt":"2025-06-04T08:35:28","slug":"6-panel-fussball","status":"publish","type":"product","link":"https:\/\/www.sportpaint.de\/de\/produkt\/6-panel-fussball\/","title":{"rendered":"6 Panel &#8211; Fu\u00dfball"},"content":{"rendered":"<h4 style=\"color: #000000;\"><strong>Weitere Beispiele:<\/strong><\/h4>\n<p>&nbsp;<\/p>\n<!-- meta slider -->\n<div style=\"width: 100%; margin: 0 auto;\" class=\"metaslider metaslider-flex metaslider-6111 ml-slider ml-slider-lightbox-1-13-4 no-active-lightbox nav-hidden\">\n    <style type=\"text\/css\" id=\"metaslider-css-6111\">\n        #metaslider_6111.flexslider .slides li {margin-right: 10px !important;}\n    <\/style>\n    <div id=\"metaslider_container_6111\">\n        <div id=\"metaslider_6111\" class=\"flexslider\">\n            <ul class=\"slides\">\n                <li style=\"display: none; float: left; width: 100%;\"><a href=\"https:\/\/www.sportpaint.de\/wp-content\/uploads\/2017\/01\/6-Panel-012.jpg\" target=\"_self\"><img loading=\"lazy\" decoding=\"async\" src=\"https:\/\/www.sportpaint.de\/wp-content\/uploads\/2017\/01\/6-Panel-012-270x270.jpg\" height=\"270\" width=\"270\" alt=\"\" class=\"slider-6111 slide-6059\" \/><\/a><\/li>\n                <li style=\"display: none; float: left; width: 100%;\"><a href=\"https:\/\/www.sportpaint.de\/wp-content\/uploads\/2017\/01\/6-Panel-015.jpg\" target=\"_self\"><img loading=\"lazy\" decoding=\"async\" src=\"https:\/\/www.sportpaint.de\/wp-content\/uploads\/2017\/01\/6-Panel-015-270x270.jpg\" height=\"270\" width=\"270\" alt=\"\" class=\"slider-6111 slide-6065\" \/><\/a><\/li>\n                <li style=\"display: none; float: left; width: 100%;\"><a href=\"https:\/\/www.sportpaint.de\/wp-content\/uploads\/2017\/01\/6-Panel-016.jpg\" target=\"_self\"><img loading=\"lazy\" decoding=\"async\" src=\"https:\/\/www.sportpaint.de\/wp-content\/uploads\/2017\/01\/6-Panel-016-270x270.jpg\" height=\"270\" width=\"270\" alt=\"\" class=\"slider-6111 slide-6067\" \/><\/a><\/li>\n                <li style=\"display: none; float: left; width: 100%;\"><a href=\"https:\/\/www.sportpaint.de\/wp-content\/uploads\/2017\/01\/6-Panel-014.jpg\" target=\"_self\"><img loading=\"lazy\" decoding=\"async\" src=\"https:\/\/www.sportpaint.de\/wp-content\/uploads\/2017\/01\/6-Panel-014-270x270.jpg\" height=\"270\" width=\"270\" alt=\"\" class=\"slider-6111 slide-6063\" \/><\/a><\/li>\n                <li style=\"display: none; float: left; width: 100%;\"><a href=\"https:\/\/www.sportpaint.de\/wp-content\/uploads\/2017\/01\/6-Panel-013.jpg\" target=\"_self\"><img loading=\"lazy\" decoding=\"async\" src=\"https:\/\/www.sportpaint.de\/wp-content\/uploads\/2017\/01\/6-Panel-013-270x270.jpg\" height=\"270\" width=\"270\" alt=\"\" class=\"slider-6111 slide-6061\" \/><\/a><\/li>\n                <li style=\"display: none; float: left; width: 100%;\"><a href=\"https:\/\/www.sportpaint.de\/wp-content\/uploads\/2017\/01\/6-Panel-011.jpg\" target=\"_self\"><img loading=\"lazy\" decoding=\"async\" src=\"https:\/\/www.sportpaint.de\/wp-content\/uploads\/2017\/01\/6-Panel-011-270x270.jpg\" height=\"270\" width=\"270\" alt=\"\" class=\"slider-6111 slide-6057\" \/><\/a><\/li>\n                <li style=\"display: none; float: left; width: 100%;\"><a href=\"https:\/\/www.sportpaint.de\/wp-content\/uploads\/2017\/01\/6-Panel-009.jpg\" target=\"_self\"><img loading=\"lazy\" decoding=\"async\" src=\"https:\/\/www.sportpaint.de\/wp-content\/uploads\/2017\/01\/6-Panel-009-270x270.jpg\" height=\"270\" width=\"270\" alt=\"\" class=\"slider-6111 slide-6053\" \/><\/a><\/li>\n                <li style=\"display: none; float: left; width: 100%;\"><a href=\"https:\/\/www.sportpaint.de\/wp-content\/uploads\/2017\/01\/6-Panel-003.jpg\" target=\"_self\"><img loading=\"lazy\" decoding=\"async\" src=\"https:\/\/www.sportpaint.de\/wp-content\/uploads\/2017\/01\/6-Panel-003-270x270.jpg\" height=\"270\" width=\"270\" alt=\"\" class=\"slider-6111 slide-6041\" \/><\/a><\/li>\n                <li style=\"display: none; float: left; width: 100%;\"><a href=\"https:\/\/www.sportpaint.de\/wp-content\/uploads\/2017\/01\/6-Panel-007.jpg\" target=\"_self\"><img loading=\"lazy\" decoding=\"async\" src=\"https:\/\/www.sportpaint.de\/wp-content\/uploads\/2017\/01\/6-Panel-007-270x270.jpg\" height=\"270\" width=\"270\" alt=\"\" class=\"slider-6111 slide-6049\" \/><\/a><\/li>\n                <li style=\"display: none; float: left; width: 100%;\"><a href=\"https:\/\/www.sportpaint.de\/wp-content\/uploads\/2017\/01\/6-Panel-008.jpg\" target=\"_self\"><img loading=\"lazy\" decoding=\"async\" src=\"https:\/\/www.sportpaint.de\/wp-content\/uploads\/2017\/01\/6-Panel-008-270x270.jpg\" height=\"270\" width=\"270\" alt=\"\" class=\"slider-6111 slide-6051\" \/><\/a><\/li>\n                <li style=\"display: none; float: left; width: 100%;\"><a href=\"https:\/\/www.sportpaint.de\/wp-content\/uploads\/2017\/01\/6-Panel-005.jpg\" target=\"_self\"><img loading=\"lazy\" decoding=\"async\" src=\"https:\/\/www.sportpaint.de\/wp-content\/uploads\/2017\/01\/6-Panel-005-270x270.jpg\" height=\"270\" width=\"270\" alt=\"\" class=\"slider-6111 slide-6045\" \/><\/a><\/li>\n                <li style=\"display: none; float: left; width: 100%;\"><a href=\"https:\/\/www.sportpaint.de\/wp-content\/uploads\/2017\/01\/6-Panel-010.jpg\" target=\"_self\"><img loading=\"lazy\" decoding=\"async\" src=\"https:\/\/www.sportpaint.de\/wp-content\/uploads\/2017\/01\/6-Panel-010-270x270.jpg\" height=\"270\" width=\"270\" alt=\"\" class=\"slider-6111 slide-6055\" \/><\/a><\/li>\n                <li style=\"display: none; float: left; width: 100%;\"><a href=\"https:\/\/www.sportpaint.de\/wp-content\/uploads\/2017\/01\/6-Panel-004.jpg\" target=\"_self\"><img loading=\"lazy\" decoding=\"async\" src=\"https:\/\/www.sportpaint.de\/wp-content\/uploads\/2017\/01\/6-Panel-004-270x270.jpg\" height=\"270\" width=\"270\" alt=\"\" class=\"slider-6111 slide-6043\" \/><\/a><\/li>\n            <\/ul>\n        <\/div>\n        \n    <\/div>\n    <script type=\"text\/javascript\">\n        var metaslider_6111 = function($) {\n            $('#metaslider_6111').flexslider({ \n                slideshowSpeed:3000,\n                animation:'slide',\n                controlNav:false,\n                directionNav:true,\n                pauseOnHover:true,\n                direction:'horizontal',\n                reverse:false,\n                animationSpeed:600,\n                prevText:\"&lt;\",\n                nextText:\"&gt;\",\n                easing:\"linear\",\n                slideshow:true,\n                itemWidth:270,\n                minItems:1,\n                itemMargin:10\n            });\n        };\n        var timer_metaslider_6111 = function() {\n            var slider = !window.jQuery ? window.setTimeout(timer_metaslider_6111, 100) : !jQuery.isReady ? window.setTimeout(timer_metaslider_6111, 1) : metaslider_6111(window.jQuery);\n        };\n        timer_metaslider_6111();\n    <\/script>\n<\/div>\n<!--\/\/ meta slider-->\n","protected":false},"excerpt":{"rendered":"<p><strong data-start=\"93\" data-end=\"133\">Gro\u00dfz\u00fcgige Werbefl\u00e4che auf 6 Feldern<\/strong><br data-start=\"133\" data-end=\"136\" \/>Dieser Ball bietet eine extra gro\u00dfe Werbefl\u00e4che auf bis zu 6 Feldern \u2013 ideal f\u00fcr eine wirkungsvolle Markenpr\u00e4sentation.<br data-start=\"259\" data-end=\"262\" \/>Alle unsere B\u00e4lle k\u00f6nnen individuell nach Ihren Vorstellungen gestaltet werden.<br data-start=\"341\" data-end=\"344\" \/>Nachfolgend zeigen wir Ihnen einige Designbeispiele zur Inspiration.<br data-start=\"412\" data-end=\"415\" \/>Gern entwickeln wir auch exklusive Vorschl\u00e4ge, perfekt abgestimmt auf Ihr Logo und Ihre Anforderungen.<\/p>\n<p>Details zu Qualit\u00e4ten und Lieferzeiten finden Sie <a href=\"https:\/\/www.sportpaint.de\/faq\/\"><strong>hier<\/strong><\/a>.<br data-start=\"397\" data-end=\"400\" \/>Erh\u00e4ltlich ab 50 St\u00fcck.<\/p>\n","protected":false},"featured_media":10160,"comment_status":"open","ping_status":"closed","template":"","meta":[],"product_brand":[],"product_cat":[321],"product_tag":[],"class_list":{"0":"post-5245","1":"product","2":"type-product","3":"status-publish","4":"has-post-thumbnail","6":"product_cat-fussbaelle","8":"first","9":"instock","10":"featured","11":"shipping-taxable","12":"purchasable","13":"product-type-variable"},"_links":{"self":[{"href":"https:\/\/www.sportpaint.de\/de\/wp-json\/wp\/v2\/product\/5245","targetHints":{"allow":["GET"]}}],"collection":[{"href":"https:\/\/www.sportpaint.de\/de\/wp-json\/wp\/v2\/product"}],"about":[{"href":"https:\/\/www.sportpaint.de\/de\/wp-json\/wp\/v2\/types\/product"}],"replies":[{"embeddable":true,"href":"https:\/\/www.sportpaint.de\/de\/wp-json\/wp\/v2\/comments?post=5245"}],"wp:featuredmedia":[{"embeddable":true,"href":"https:\/\/www.sportpaint.de\/de\/wp-json\/wp\/v2\/media\/10160"}],"wp:attachment":[{"href":"https:\/\/www.sportpaint.de\/de\/wp-json\/wp\/v2\/media?parent=5245"}],"wp:term":[{"taxonomy":"product_brand","embeddable":true,"href":"https:\/\/www.sportpaint.de\/de\/wp-json\/wp\/v2\/product_brand?post=5245"},{"taxonomy":"product_cat","embeddable":true,"href":"https:\/\/www.sportpaint.de\/de\/wp-json\/wp\/v2\/product_cat?post=5245"},{"taxonomy":"product_tag","embeddable":true,"href":"https:\/\/www.sportpaint.de\/de\/wp-json\/wp\/v2\/product_tag?post=5245"}],"curies":[{"name":"wp","href":"https:\/\/api.w.org\/{rel}","templated":true}]}}