{"id":5238,"date":"2016-11-08T21:13:56","date_gmt":"2016-11-08T20:13:56","guid":{"rendered":"http:\/\/relaunch.sportpaint.de\/produkt\/netzartiges-leibchen-mit-brustbalken\/"},"modified":"2025-05-14T19:54:07","modified_gmt":"2025-05-14T17:54:07","slug":"netzartiges-leibchen-mit-brustbalken","status":"publish","type":"product","link":"https:\/\/www.sportpaint.de\/de\/produkt\/netzartiges-leibchen-mit-brustbalken\/","title":{"rendered":"Netzartiges Leibchen mit Brustbalken"},"content":{"rendered":"","protected":false},"excerpt":{"rendered":"<p class=\"\" data-start=\"108\" data-end=\"482\">Unsere <strong data-start=\"188\" data-end=\"222\">netzartigen Polyester Leibchen<\/strong> mit einem <strong data-start=\"233\" data-end=\"269\">wei\u00dfen, bedruckbaren Brustbalken<\/strong> bieten eine ideale Fl\u00e4che f\u00fcr Ihre individuelle Gestaltung. Erh\u00e4ltlich in den Gr\u00f6\u00dfen <strong data-start=\"355\" data-end=\"365\">Senior<\/strong>, <strong data-start=\"367\" data-end=\"377\">Junior<\/strong> und <strong data-start=\"382\" data-end=\"393\">Bambini<\/strong>, eignen sie sich perfekt f\u00fcr Sportveranstaltungen, Vereinsbekleidung oder Teamtrainings.<\/p>\n<ul data-start=\"744\" data-end=\"1020\">\n<li class=\"\" data-start=\"744\" data-end=\"783\">\n<p class=\"\" data-start=\"746\" data-end=\"783\"><strong data-start=\"746\" data-end=\"759\">Material:<\/strong> Netzartiges Polyester<\/p>\n<\/li>\n<li class=\"\" data-start=\"784\" data-end=\"838\">\n<p class=\"\" data-start=\"786\" data-end=\"838\"><strong data-start=\"786\" data-end=\"803\">Besonderheit:<\/strong> Wei\u00dfer, bedruckbarer Brustbalken<\/p>\n<\/li>\n<li class=\"\" data-start=\"839\" data-end=\"878\">\n<p class=\"\" data-start=\"841\" data-end=\"878\"><strong data-start=\"841\" data-end=\"852\">Gr\u00f6\u00dfen:<\/strong> Senior, Junior, Bambini<\/p>\n<\/li>\n<li class=\"\" data-start=\"642\" data-end=\"698\">\n<p class=\"\" data-start=\"644\" data-end=\"698\"><strong data-start=\"644\" data-end=\"655\">Farben:<\/strong> Standardfarben, Sonderfarben auf Anfrage<\/p>\n<\/li>\n<\/ul>\n<p class=\"\" data-start=\"1022\" data-end=\"1096\">Erh\u00e4ltlich ab 50 St\u00fcck.<br data-start=\"1045\" data-end=\"1048\" \/>Details zu den Lieferzeiten finden Sie <a href=\"https:\/\/www.sportpaint.de\/faq\/\"><strong>hier<\/strong><\/a>.<\/p>\n","protected":false},"featured_media":10113,"comment_status":"open","ping_status":"closed","template":"","meta":[],"product_brand":[],"product_cat":[331],"product_tag":[],"class_list":{"0":"post-5238","1":"product","2":"type-product","3":"status-publish","4":"has-post-thumbnail","6":"product_cat-leibchen","8":"first","9":"instock","10":"featured","11":"shipping-taxable","12":"purchasable","13":"product-type-variable"},"_links":{"self":[{"href":"https:\/\/www.sportpaint.de\/de\/wp-json\/wp\/v2\/product\/5238","targetHints":{"allow":["GET"]}}],"collection":[{"href":"https:\/\/www.sportpaint.de\/de\/wp-json\/wp\/v2\/product"}],"about":[{"href":"https:\/\/www.sportpaint.de\/de\/wp-json\/wp\/v2\/types\/product"}],"replies":[{"embeddable":true,"href":"https:\/\/www.sportpaint.de\/de\/wp-json\/wp\/v2\/comments?post=5238"}],"wp:featuredmedia":[{"embeddable":true,"href":"https:\/\/www.sportpaint.de\/de\/wp-json\/wp\/v2\/media\/10113"}],"wp:attachment":[{"href":"https:\/\/www.sportpaint.de\/de\/wp-json\/wp\/v2\/media?parent=5238"}],"wp:term":[{"taxonomy":"product_brand","embeddable":true,"href":"https:\/\/www.sportpaint.de\/de\/wp-json\/wp\/v2\/product_brand?post=5238"},{"taxonomy":"product_cat","embeddable":true,"href":"https:\/\/www.sportpaint.de\/de\/wp-json\/wp\/v2\/product_cat?post=5238"},{"taxonomy":"product_tag","embeddable":true,"href":"https:\/\/www.sportpaint.de\/de\/wp-json\/wp\/v2\/product_tag?post=5238"}],"curies":[{"name":"wp","href":"https:\/\/api.w.org\/{rel}","templated":true}]}}