{"id":5235,"date":"2016-11-08T21:10:36","date_gmt":"2016-11-08T20:10:36","guid":{"rendered":"http:\/\/relaunch.sportpaint.de\/produkt\/netzartiges-leibchen\/"},"modified":"2025-05-14T19:48:07","modified_gmt":"2025-05-14T17:48:07","slug":"netzartiges-leibchen","status":"publish","type":"product","link":"https:\/\/www.sportpaint.de\/de\/produkt\/netzartiges-leibchen\/","title":{"rendered":"Netzartiges Leibchen"},"content":{"rendered":"","protected":false},"excerpt":{"rendered":"<p class=\"\" data-start=\"82\" data-end=\"438\">Unsere <strong data-start=\"154\" data-end=\"188\">netzartigen Polyester Leibchen<\/strong> sind ideal f\u00fcr Trainingseinheiten oder Teamveranstaltungen und lassen sich mit Ihrem <strong data-start=\"274\" data-end=\"294\">eigenen Aufdruck<\/strong> personalisieren. Sie sind in den Gr\u00f6\u00dfen <strong data-start=\"335\" data-end=\"345\">Senior<\/strong>, <strong data-start=\"347\" data-end=\"357\">Junior<\/strong> und <strong data-start=\"362\" data-end=\"373\">Bambini<\/strong> erh\u00e4ltlich und bieten hohen Tragekomfort bei optimaler Passform.<\/p>\n<p class=\"\" data-start=\"440\" data-end=\"508\">F\u00fcr gr\u00f6\u00dfere Bestellmengen sind <strong data-start=\"471\" data-end=\"487\">Sonderfarben<\/strong> auf Anfrage m\u00f6glich.<\/p>\n<ul data-start=\"530\" data-end=\"750\">\n<li class=\"\" data-start=\"530\" data-end=\"569\">\n<p class=\"\" data-start=\"532\" data-end=\"569\"><strong data-start=\"532\" data-end=\"545\">Material:<\/strong> Netzartiges Polyester<\/p>\n<\/li>\n<li class=\"\" data-start=\"570\" data-end=\"609\">\n<p class=\"\" data-start=\"572\" data-end=\"609\"><strong data-start=\"572\" data-end=\"583\">Gr\u00f6\u00dfen:<\/strong> Senior, Junior, Bambini<\/p>\n<\/li>\n<li class=\"\" data-start=\"610\" data-end=\"659\">\n<p class=\"\" data-start=\"612\" data-end=\"659\"><strong data-start=\"612\" data-end=\"622\">Druck:<\/strong> Individueller Aufdruck nach Wunsch<\/p>\n<\/li>\n<li class=\"\" data-start=\"642\" data-end=\"698\">\n<p class=\"\" data-start=\"644\" data-end=\"698\"><strong data-start=\"644\" data-end=\"655\">Farben:<\/strong> Standardfarben, Sonderfarben auf Anfrage<\/p>\n<\/li>\n<\/ul>\n<p class=\"\" data-start=\"752\" data-end=\"826\">Erh\u00e4ltlich ab 50 St\u00fcck.<br data-start=\"775\" data-end=\"778\" \/>Details zu den Lieferzeiten finden Sie <a href=\"https:\/\/www.sportpaint.de\/faq\/\"><strong>hier<\/strong><\/a>.<\/p>\n","protected":false},"featured_media":10111,"comment_status":"open","ping_status":"closed","template":"","meta":[],"product_brand":[],"product_cat":[331],"product_tag":[],"class_list":{"0":"post-5235","1":"product","2":"type-product","3":"status-publish","4":"has-post-thumbnail","6":"product_cat-leibchen","8":"first","9":"instock","10":"featured","11":"shipping-taxable","12":"purchasable","13":"product-type-variable"},"_links":{"self":[{"href":"https:\/\/www.sportpaint.de\/de\/wp-json\/wp\/v2\/product\/5235","targetHints":{"allow":["GET"]}}],"collection":[{"href":"https:\/\/www.sportpaint.de\/de\/wp-json\/wp\/v2\/product"}],"about":[{"href":"https:\/\/www.sportpaint.de\/de\/wp-json\/wp\/v2\/types\/product"}],"replies":[{"embeddable":true,"href":"https:\/\/www.sportpaint.de\/de\/wp-json\/wp\/v2\/comments?post=5235"}],"wp:featuredmedia":[{"embeddable":true,"href":"https:\/\/www.sportpaint.de\/de\/wp-json\/wp\/v2\/media\/10111"}],"wp:attachment":[{"href":"https:\/\/www.sportpaint.de\/de\/wp-json\/wp\/v2\/media?parent=5235"}],"wp:term":[{"taxonomy":"product_brand","embeddable":true,"href":"https:\/\/www.sportpaint.de\/de\/wp-json\/wp\/v2\/product_brand?post=5235"},{"taxonomy":"product_cat","embeddable":true,"href":"https:\/\/www.sportpaint.de\/de\/wp-json\/wp\/v2\/product_cat?post=5235"},{"taxonomy":"product_tag","embeddable":true,"href":"https:\/\/www.sportpaint.de\/de\/wp-json\/wp\/v2\/product_tag?post=5235"}],"curies":[{"name":"wp","href":"https:\/\/api.w.org\/{rel}","templated":true}]}}