{"id":5093,"date":"2016-10-12T20:04:40","date_gmt":"2016-10-12T18:04:40","guid":{"rendered":"http:\/\/relaunch.sportpaint.de\/?page_id=5093"},"modified":"2025-04-06T20:58:46","modified_gmt":"2025-04-06T18:58:46","slug":"leibchen","status":"publish","type":"page","link":"https:\/\/www.sportpaint.de\/de\/leibchen\/","title":{"rendered":"Leibchen"},"content":{"rendered":"<p>[vc_row][vc_column][vc_single_image image=&#8220;6784&#8243; img_size=&#8220;full&#8220;][vc_empty_space height=&#8220;30px&#8220;][\/vc_column][\/vc_row][vc_row el_class=&#8220;product-list&#8220;][vc_column]<div class=\"qodef-product-list-holder\"><div class=\"woocommerce columns-4 \"><div class=\"products standard \"><div class=\"post-5235 product type-product status-publish has-post-thumbnail product_cat-leibchen first instock featured shipping-taxable purchasable product-type-variable\">\n    <div class=\"qodef-product-standard-image-holder\">\n        <a href=\"https:\/\/www.sportpaint.de\/de\/produkt\/netzartiges-leibchen\/\" class=\"woocommerce-LoopProduct-link woocommerce-loop-product__link\">        <span class=\"qodef-original-image\">\n\t\t\t\t\t<img loading=\"lazy\" decoding=\"async\" width=\"600\" height=\"600\" src=\"https:\/\/www.sportpaint.de\/wp-content\/uploads\/2016\/11\/Netzartiges-Leibchen-002-1-600x600.jpg\" class=\"attachment-woocommerce_thumbnail size-woocommerce_thumbnail\" alt=\"Netzartiges Leibchen\" srcset=\"https:\/\/www.sportpaint.de\/wp-content\/uploads\/2016\/11\/Netzartiges-Leibchen-002-1-600x600.jpg 600w, https:\/\/www.sportpaint.de\/wp-content\/uploads\/2016\/11\/Netzartiges-Leibchen-002-1-300x300.jpg 300w, https:\/\/www.sportpaint.de\/wp-content\/uploads\/2016\/11\/Netzartiges-Leibchen-002-1-1024x1024.jpg 1024w, https:\/\/www.sportpaint.de\/wp-content\/uploads\/2016\/11\/Netzartiges-Leibchen-002-1-768x768.jpg 768w, https:\/\/www.sportpaint.de\/wp-content\/uploads\/2016\/11\/Netzartiges-Leibchen-002-1-550x550.jpg 550w, https:\/\/www.sportpaint.de\/wp-content\/uploads\/2016\/11\/Netzartiges-Leibchen-002-1-1000x1000.jpg 1000w, https:\/\/www.sportpaint.de\/wp-content\/uploads\/2016\/11\/Netzartiges-Leibchen-002-1-100x100.jpg 100w, https:\/\/www.sportpaint.de\/wp-content\/uploads\/2016\/11\/Netzartiges-Leibchen-002-1.jpg 1100w\" sizes=\"auto, (max-width: 600px) 100vw, 600px\" \/>\t\t\t\t\t<\/span>\n\t\t\t\t\t<span class=\"qodef-hover-image\">\n\t\t\t\t\t<img loading=\"lazy\" decoding=\"async\" width=\"600\" height=\"600\" src=\"https:\/\/www.sportpaint.de\/wp-content\/uploads\/2016\/11\/Netzartiges-Leibchen-003-600x600.jpg\" class=\"attachment-shop_catalog size-shop_catalog\" alt=\"\" srcset=\"https:\/\/www.sportpaint.de\/wp-content\/uploads\/2016\/11\/Netzartiges-Leibchen-003-600x600.jpg 600w, https:\/\/www.sportpaint.de\/wp-content\/uploads\/2016\/11\/Netzartiges-Leibchen-003-100x100.jpg 100w, https:\/\/www.sportpaint.de\/wp-content\/uploads\/2016\/11\/Netzartiges-Leibchen-003.jpg 1100w, https:\/\/www.sportpaint.de\/wp-content\/uploads\/2016\/11\/Netzartiges-Leibchen-003-300x300.jpg 300w, https:\/\/www.sportpaint.de\/wp-content\/uploads\/2016\/11\/Netzartiges-Leibchen-003-768x768.jpg 768w, https:\/\/www.sportpaint.de\/wp-content\/uploads\/2016\/11\/Netzartiges-Leibchen-003-1024x1024.jpg 1024w, https:\/\/www.sportpaint.de\/wp-content\/uploads\/2016\/11\/Netzartiges-Leibchen-003-550x550.jpg 550w, https:\/\/www.sportpaint.de\/wp-content\/uploads\/2016\/11\/Netzartiges-Leibchen-003-1000x1000.jpg 1000w\" sizes=\"auto, (max-width: 600px) 100vw, 600px\" \/>\t\t\t\t\t<\/span>\n        <\/a>\n        <div class=\"qodef-product-standard-button-holder\">\n\n            <a href=\"https:\/\/www.sportpaint.de\/de\/produkt\/netzartiges-leibchen\/\" target=\"_self\"  class=\"qodef-btn qodef-btn-medium qodef-btn-solid qodef-btn-icon add_to_cart_button   product_type_variable\"  rel=\"nofollow\" data-product_id=\"5235\"  data-quantity=\"1\">    <span  class=\"qodef-btn-text\">Options<\/span>    <i class=\"qodef-icon-linear-icon lnr lnr-list \" ><\/i><\/a>\t<span id=\"woocommerce_loop_add_to_cart_link_describedby_5235\" class=\"screen-reader-text\">\n\t\tDieses Produkt weist mehrere Varianten auf. Die Optionen k\u00f6nnen auf der Produktseite gew\u00e4hlt werden\t<\/span>\n        <\/div>\n    <\/div>\n    <div class=\"qodef-product-standard-info-top\">\n        <div class=\"qodef-product-list-categories\"><a href=\"https:\/\/www.sportpaint.de\/de\/kategorie\/leibchen\/\" rel=\"tag\">Leibchen<\/a><\/div><a href=\"https:\/\/www.sportpaint.de\/de\/produkt\/netzartiges-leibchen\/\" class=\"woocommerce-LoopProduct-link woocommerce-loop-product__link\"><h6 class=\"qodef-product-list-product-title\">Netzartiges Leibchen<\/h6><\/a>\n\t<span class=\"price\"><span class=\"woocommerce-Price-amount amount\"><bdi><span class=\"woocommerce-Price-currencySymbol\">&euro;<\/span>0,00<\/bdi><\/span><\/span>\n    <\/div>\n<\/div><div class=\"post-5238 product type-product status-publish has-post-thumbnail product_cat-leibchen  instock featured shipping-taxable purchasable product-type-variable\">\n    <div class=\"qodef-product-standard-image-holder\">\n        <a href=\"https:\/\/www.sportpaint.de\/de\/produkt\/netzartiges-leibchen-mit-brustbalken\/\" class=\"woocommerce-LoopProduct-link woocommerce-loop-product__link\">        <span class=\"qodef-original-image\">\n\t\t\t\t\t<img loading=\"lazy\" decoding=\"async\" width=\"600\" height=\"600\" src=\"https:\/\/www.sportpaint.de\/wp-content\/uploads\/2016\/11\/Netzartiges-Leibchen-Balken-002-1-600x600.jpg\" class=\"attachment-woocommerce_thumbnail size-woocommerce_thumbnail\" alt=\"Netzartiges Leibchen mit Brustbalken\" srcset=\"https:\/\/www.sportpaint.de\/wp-content\/uploads\/2016\/11\/Netzartiges-Leibchen-Balken-002-1-600x600.jpg 600w, https:\/\/www.sportpaint.de\/wp-content\/uploads\/2016\/11\/Netzartiges-Leibchen-Balken-002-1-300x300.jpg 300w, https:\/\/www.sportpaint.de\/wp-content\/uploads\/2016\/11\/Netzartiges-Leibchen-Balken-002-1-1024x1024.jpg 1024w, https:\/\/www.sportpaint.de\/wp-content\/uploads\/2016\/11\/Netzartiges-Leibchen-Balken-002-1-768x768.jpg 768w, https:\/\/www.sportpaint.de\/wp-content\/uploads\/2016\/11\/Netzartiges-Leibchen-Balken-002-1-550x550.jpg 550w, https:\/\/www.sportpaint.de\/wp-content\/uploads\/2016\/11\/Netzartiges-Leibchen-Balken-002-1-1000x1000.jpg 1000w, https:\/\/www.sportpaint.de\/wp-content\/uploads\/2016\/11\/Netzartiges-Leibchen-Balken-002-1-100x100.jpg 100w, https:\/\/www.sportpaint.de\/wp-content\/uploads\/2016\/11\/Netzartiges-Leibchen-Balken-002-1.jpg 1100w\" sizes=\"auto, (max-width: 600px) 100vw, 600px\" \/>\t\t\t\t\t<\/span>\n\t\t\t\t\t<span class=\"qodef-hover-image\">\n\t\t\t\t\t<img loading=\"lazy\" decoding=\"async\" width=\"600\" height=\"600\" src=\"https:\/\/www.sportpaint.de\/wp-content\/uploads\/2016\/11\/Netzartiges-Leibchen-003-600x600.jpg\" class=\"attachment-shop_catalog size-shop_catalog\" alt=\"\" srcset=\"https:\/\/www.sportpaint.de\/wp-content\/uploads\/2016\/11\/Netzartiges-Leibchen-003-600x600.jpg 600w, https:\/\/www.sportpaint.de\/wp-content\/uploads\/2016\/11\/Netzartiges-Leibchen-003-100x100.jpg 100w, https:\/\/www.sportpaint.de\/wp-content\/uploads\/2016\/11\/Netzartiges-Leibchen-003.jpg 1100w, https:\/\/www.sportpaint.de\/wp-content\/uploads\/2016\/11\/Netzartiges-Leibchen-003-300x300.jpg 300w, https:\/\/www.sportpaint.de\/wp-content\/uploads\/2016\/11\/Netzartiges-Leibchen-003-768x768.jpg 768w, https:\/\/www.sportpaint.de\/wp-content\/uploads\/2016\/11\/Netzartiges-Leibchen-003-1024x1024.jpg 1024w, https:\/\/www.sportpaint.de\/wp-content\/uploads\/2016\/11\/Netzartiges-Leibchen-003-550x550.jpg 550w, https:\/\/www.sportpaint.de\/wp-content\/uploads\/2016\/11\/Netzartiges-Leibchen-003-1000x1000.jpg 1000w\" sizes=\"auto, (max-width: 600px) 100vw, 600px\" \/>\t\t\t\t\t<\/span>\n        <\/a>\n        <div class=\"qodef-product-standard-button-holder\">\n\n            <a href=\"https:\/\/www.sportpaint.de\/de\/produkt\/netzartiges-leibchen-mit-brustbalken\/\" target=\"_self\"  class=\"qodef-btn qodef-btn-medium qodef-btn-solid qodef-btn-icon add_to_cart_button   product_type_variable\"  rel=\"nofollow\" data-product_id=\"5238\"  data-quantity=\"1\">    <span  class=\"qodef-btn-text\">Options<\/span>    <i class=\"qodef-icon-linear-icon lnr lnr-list \" ><\/i><\/a>\t<span id=\"woocommerce_loop_add_to_cart_link_describedby_5238\" class=\"screen-reader-text\">\n\t\tDieses Produkt weist mehrere Varianten auf. Die Optionen k\u00f6nnen auf der Produktseite gew\u00e4hlt werden\t<\/span>\n        <\/div>\n    <\/div>\n    <div class=\"qodef-product-standard-info-top\">\n        <div class=\"qodef-product-list-categories\"><a href=\"https:\/\/www.sportpaint.de\/de\/kategorie\/leibchen\/\" rel=\"tag\">Leibchen<\/a><\/div><a href=\"https:\/\/www.sportpaint.de\/de\/produkt\/netzartiges-leibchen-mit-brustbalken\/\" class=\"woocommerce-LoopProduct-link woocommerce-loop-product__link\"><h6 class=\"qodef-product-list-product-title\">Netzartiges Leibchen mit Brustbalken<\/h6><\/a>\n\t<span class=\"price\"><span class=\"woocommerce-Price-amount amount\"><bdi><span class=\"woocommerce-Price-currencySymbol\">&euro;<\/span>0,00<\/bdi><\/span><\/span>\n    <\/div>\n<\/div><div class=\"post-5229 product type-product status-publish has-post-thumbnail product_cat-leibchen  instock featured shipping-taxable purchasable product-type-variable\">\n    <div class=\"qodef-product-standard-image-holder\">\n        <a href=\"https:\/\/www.sportpaint.de\/de\/produkt\/robustes-feinmaschiges-leibchen\/\" class=\"woocommerce-LoopProduct-link woocommerce-loop-product__link\">        <span class=\"qodef-original-image\">\n\t\t\t\t\t<img loading=\"lazy\" decoding=\"async\" width=\"600\" height=\"600\" src=\"https:\/\/www.sportpaint.de\/wp-content\/uploads\/2016\/11\/Robustes-feinmaschiges-Leibchen-002_new-600x600.jpg\" class=\"attachment-woocommerce_thumbnail size-woocommerce_thumbnail\" alt=\"Robustes feinmaschiges Leibchen\" srcset=\"https:\/\/www.sportpaint.de\/wp-content\/uploads\/2016\/11\/Robustes-feinmaschiges-Leibchen-002_new-600x600.jpg 600w, https:\/\/www.sportpaint.de\/wp-content\/uploads\/2016\/11\/Robustes-feinmaschiges-Leibchen-002_new-100x100.jpg 100w, https:\/\/www.sportpaint.de\/wp-content\/uploads\/2016\/11\/Robustes-feinmaschiges-Leibchen-002_new.jpg 1100w, https:\/\/www.sportpaint.de\/wp-content\/uploads\/2016\/11\/Robustes-feinmaschiges-Leibchen-002_new-300x300.jpg 300w, https:\/\/www.sportpaint.de\/wp-content\/uploads\/2016\/11\/Robustes-feinmaschiges-Leibchen-002_new-768x768.jpg 768w, https:\/\/www.sportpaint.de\/wp-content\/uploads\/2016\/11\/Robustes-feinmaschiges-Leibchen-002_new-1024x1024.jpg 1024w, https:\/\/www.sportpaint.de\/wp-content\/uploads\/2016\/11\/Robustes-feinmaschiges-Leibchen-002_new-550x550.jpg 550w, https:\/\/www.sportpaint.de\/wp-content\/uploads\/2016\/11\/Robustes-feinmaschiges-Leibchen-002_new-1000x1000.jpg 1000w\" sizes=\"auto, (max-width: 600px) 100vw, 600px\" \/>\t\t\t\t\t<\/span>\n\t\t\t\t\t<span class=\"qodef-hover-image\">\n\t\t\t\t\t<img loading=\"lazy\" decoding=\"async\" width=\"600\" height=\"600\" src=\"https:\/\/www.sportpaint.de\/wp-content\/uploads\/2016\/11\/Feinmaschiges-Wende-Leibchen-003-600x600.jpg\" class=\"attachment-shop_catalog size-shop_catalog\" alt=\"\" srcset=\"https:\/\/www.sportpaint.de\/wp-content\/uploads\/2016\/11\/Feinmaschiges-Wende-Leibchen-003-600x600.jpg 600w, https:\/\/www.sportpaint.de\/wp-content\/uploads\/2016\/11\/Feinmaschiges-Wende-Leibchen-003-100x100.jpg 100w, https:\/\/www.sportpaint.de\/wp-content\/uploads\/2016\/11\/Feinmaschiges-Wende-Leibchen-003.jpg 1100w, https:\/\/www.sportpaint.de\/wp-content\/uploads\/2016\/11\/Feinmaschiges-Wende-Leibchen-003-300x300.jpg 300w, https:\/\/www.sportpaint.de\/wp-content\/uploads\/2016\/11\/Feinmaschiges-Wende-Leibchen-003-768x768.jpg 768w, https:\/\/www.sportpaint.de\/wp-content\/uploads\/2016\/11\/Feinmaschiges-Wende-Leibchen-003-1024x1024.jpg 1024w, https:\/\/www.sportpaint.de\/wp-content\/uploads\/2016\/11\/Feinmaschiges-Wende-Leibchen-003-550x550.jpg 550w, https:\/\/www.sportpaint.de\/wp-content\/uploads\/2016\/11\/Feinmaschiges-Wende-Leibchen-003-1000x1000.jpg 1000w\" sizes=\"auto, (max-width: 600px) 100vw, 600px\" \/>\t\t\t\t\t<\/span>\n        <\/a>\n        <div class=\"qodef-product-standard-button-holder\">\n\n            <a href=\"https:\/\/www.sportpaint.de\/de\/produkt\/robustes-feinmaschiges-leibchen\/\" target=\"_self\"  class=\"qodef-btn qodef-btn-medium qodef-btn-solid qodef-btn-icon add_to_cart_button   product_type_variable\"  rel=\"nofollow\" data-product_id=\"5229\"  data-quantity=\"1\">    <span  class=\"qodef-btn-text\">Options<\/span>    <i class=\"qodef-icon-linear-icon lnr lnr-list \" ><\/i><\/a>\t<span id=\"woocommerce_loop_add_to_cart_link_describedby_5229\" class=\"screen-reader-text\">\n\t\tDieses Produkt weist mehrere Varianten auf. Die Optionen k\u00f6nnen auf der Produktseite gew\u00e4hlt werden\t<\/span>\n        <\/div>\n    <\/div>\n    <div class=\"qodef-product-standard-info-top\">\n        <div class=\"qodef-product-list-categories\"><a href=\"https:\/\/www.sportpaint.de\/de\/kategorie\/leibchen\/\" rel=\"tag\">Leibchen<\/a><\/div><a href=\"https:\/\/www.sportpaint.de\/de\/produkt\/robustes-feinmaschiges-leibchen\/\" class=\"woocommerce-LoopProduct-link woocommerce-loop-product__link\"><h6 class=\"qodef-product-list-product-title\">Robustes feinmaschiges Leibchen<\/h6><\/a>\n\t<span class=\"price\"><span class=\"woocommerce-Price-amount amount\"><bdi><span class=\"woocommerce-Price-currencySymbol\">&euro;<\/span>0,00<\/bdi><\/span><\/span>\n    <\/div>\n<\/div><div class=\"post-5170 product type-product status-publish has-post-thumbnail product_cat-leibchen last instock featured shipping-taxable purchasable product-type-variable\">\n    <div class=\"qodef-product-standard-image-holder\">\n        <a href=\"https:\/\/www.sportpaint.de\/de\/produkt\/universal-leibchen\/\" class=\"woocommerce-LoopProduct-link woocommerce-loop-product__link\">        <span class=\"qodef-original-image\">\n\t\t\t\t\t<img loading=\"lazy\" decoding=\"async\" width=\"600\" height=\"600\" src=\"https:\/\/www.sportpaint.de\/wp-content\/uploads\/2016\/11\/Universal-Leibchen-002-600x600.jpg\" class=\"attachment-woocommerce_thumbnail size-woocommerce_thumbnail\" alt=\"Universal Leibchen\" srcset=\"https:\/\/www.sportpaint.de\/wp-content\/uploads\/2016\/11\/Universal-Leibchen-002-600x600.jpg 600w, https:\/\/www.sportpaint.de\/wp-content\/uploads\/2016\/11\/Universal-Leibchen-002-100x100.jpg 100w, https:\/\/www.sportpaint.de\/wp-content\/uploads\/2016\/11\/Universal-Leibchen-002.jpg 1100w, https:\/\/www.sportpaint.de\/wp-content\/uploads\/2016\/11\/Universal-Leibchen-002-300x300.jpg 300w, https:\/\/www.sportpaint.de\/wp-content\/uploads\/2016\/11\/Universal-Leibchen-002-768x768.jpg 768w, https:\/\/www.sportpaint.de\/wp-content\/uploads\/2016\/11\/Universal-Leibchen-002-1024x1024.jpg 1024w, https:\/\/www.sportpaint.de\/wp-content\/uploads\/2016\/11\/Universal-Leibchen-002-550x550.jpg 550w, https:\/\/www.sportpaint.de\/wp-content\/uploads\/2016\/11\/Universal-Leibchen-002-1000x1000.jpg 1000w\" sizes=\"auto, (max-width: 600px) 100vw, 600px\" \/>\t\t\t\t\t<\/span>\n\t\t\t\t\t<span class=\"qodef-hover-image\">\n\t\t\t\t\t<img loading=\"lazy\" decoding=\"async\" width=\"600\" height=\"600\" src=\"https:\/\/www.sportpaint.de\/wp-content\/uploads\/2016\/11\/Universal-Leibchen-003-600x600.jpg\" class=\"attachment-shop_catalog size-shop_catalog\" alt=\"\" srcset=\"https:\/\/www.sportpaint.de\/wp-content\/uploads\/2016\/11\/Universal-Leibchen-003-600x600.jpg 600w, https:\/\/www.sportpaint.de\/wp-content\/uploads\/2016\/11\/Universal-Leibchen-003-100x100.jpg 100w, https:\/\/www.sportpaint.de\/wp-content\/uploads\/2016\/11\/Universal-Leibchen-003.jpg 1100w, https:\/\/www.sportpaint.de\/wp-content\/uploads\/2016\/11\/Universal-Leibchen-003-300x300.jpg 300w, https:\/\/www.sportpaint.de\/wp-content\/uploads\/2016\/11\/Universal-Leibchen-003-768x768.jpg 768w, https:\/\/www.sportpaint.de\/wp-content\/uploads\/2016\/11\/Universal-Leibchen-003-1024x1024.jpg 1024w, https:\/\/www.sportpaint.de\/wp-content\/uploads\/2016\/11\/Universal-Leibchen-003-550x550.jpg 550w, https:\/\/www.sportpaint.de\/wp-content\/uploads\/2016\/11\/Universal-Leibchen-003-1000x1000.jpg 1000w\" sizes=\"auto, (max-width: 600px) 100vw, 600px\" \/>\t\t\t\t\t<\/span>\n        <\/a>\n        <div class=\"qodef-product-standard-button-holder\">\n\n            <a href=\"https:\/\/www.sportpaint.de\/de\/produkt\/universal-leibchen\/\" target=\"_self\"  class=\"qodef-btn qodef-btn-medium qodef-btn-solid qodef-btn-icon add_to_cart_button   product_type_variable\"  rel=\"nofollow\" data-product_id=\"5170\"  data-quantity=\"1\">    <span  class=\"qodef-btn-text\">Options<\/span>    <i class=\"qodef-icon-linear-icon lnr lnr-list \" ><\/i><\/a>\t<span id=\"woocommerce_loop_add_to_cart_link_describedby_5170\" class=\"screen-reader-text\">\n\t\tDieses Produkt weist mehrere Varianten auf. Die Optionen k\u00f6nnen auf der Produktseite gew\u00e4hlt werden\t<\/span>\n        <\/div>\n    <\/div>\n    <div class=\"qodef-product-standard-info-top\">\n        <div class=\"qodef-product-list-categories\"><a href=\"https:\/\/www.sportpaint.de\/de\/kategorie\/leibchen\/\" rel=\"tag\">Leibchen<\/a><\/div><a href=\"https:\/\/www.sportpaint.de\/de\/produkt\/universal-leibchen\/\" class=\"woocommerce-LoopProduct-link woocommerce-loop-product__link\"><h6 class=\"qodef-product-list-product-title\">Universal Leibchen<\/h6><\/a>\n\t<span class=\"price\"><span class=\"woocommerce-Price-amount amount\"><bdi><span class=\"woocommerce-Price-currencySymbol\">&euro;<\/span>0,00<\/bdi><\/span><\/span>\n    <\/div>\n<\/div><\/div><\/div><\/div>[\/vc_column][\/vc_row][vc_row css=&#8220;.vc_custom_1510218449800{padding-top: 45px !important;background-color: #f4f4f4 !important;}&#8220;][vc_column][vc_column_text css=&#8220;.vc_custom_1743965920539{padding-right: 50px !important;padding-bottom: 50px !important;padding-left: 50px !important;}&#8220;]<\/p>\n<p class=\"\" data-start=\"89\" data-end=\"131\"><strong data-start=\"89\" data-end=\"131\">Auf Leibchen beim Sport g\u00fcnstig werben<\/strong><\/p>\n<p class=\"\" data-start=\"133\" data-end=\"729\"><a href=\"https:\/\/www.sportpaint.de\/leibchen\/\">Leibchen<\/a> sind in diversen Sportarten nicht wegzudenken. Ob beim Marathon, Triathlon oder beim Fu\u00dfball \u2013 insbesondere beim Trainingsspiel einer Vereinsmannschaft oder bei einem Freizeitkick im Park \u2013 auf die in leuchtenden Farben auff\u00e4lligen und vor allem praktischen Textilien k\u00f6nnen Sportler kaum verzichten. Machen Sie sich das bei Sportlern \u00fcberaus beliebte Kleidungsst\u00fcck zunutze und platzieren Ihre Werbung darauf. Eine effizientere und g\u00fcnstigere Werbefl\u00e4che werden Sie kaum finden. Wir haben verschiedene Modelle in unserem Portfolio, die Sie sich bei Bedarf in aller Ruhe ansehen sollten.<\/p>\n<p class=\"\" data-start=\"731\" data-end=\"770\"><strong data-start=\"731\" data-end=\"770\">Attraktive Werbefl\u00e4che auf Leibchen<\/strong><\/p>\n<p class=\"\" data-start=\"772\" data-end=\"1069\">Machen Sie die \u00d6ffentlichkeit auf sich aufmerksam, indem Sie auf Leibchen Ihr Logo und\/oder Slogan setzen \u2013 die Profis von Sportpaint helfen Ihnen gerne dabei! Mit unserer Hilfe gestalten Sie die federleichten Sportlertextilien in Ihren Vereinsfarben, mit Wunschmotiv und anfeuernden Schriftz\u00fcgen.<\/p>\n<p class=\"\" data-start=\"1071\" data-end=\"1116\"><strong data-start=\"1071\" data-end=\"1116\">Folgende Exemplare haben wir im Programm:<\/strong><\/p>\n<ul data-start=\"1118\" data-end=\"1285\">\n<li class=\"\" data-start=\"1118\" data-end=\"1139\">\n<p class=\"\" data-start=\"1120\" data-end=\"1139\">Universalleibchen<\/p>\n<\/li>\n<li class=\"\" data-start=\"1140\" data-end=\"1162\">\n<p class=\"\" data-start=\"1142\" data-end=\"1162\">Polyester-Leibchen<\/p>\n<\/li>\n<li class=\"\" data-start=\"1163\" data-end=\"1180\">\n<p class=\"\" data-start=\"1165\" data-end=\"1180\">Regenleibchen<\/p>\n<\/li>\n<li class=\"\" data-start=\"1181\" data-end=\"1210\">\n<p class=\"\" data-start=\"1183\" data-end=\"1210\">Leibchen mit Startnummern<\/p>\n<\/li>\n<li class=\"\" data-start=\"1211\" data-end=\"1228\">\n<p class=\"\" data-start=\"1213\" data-end=\"1228\">Wendeleibchen<\/p>\n<\/li>\n<li class=\"\" data-start=\"1229\" data-end=\"1257\">\n<p class=\"\" data-start=\"1231\" data-end=\"1257\">Leibchen mit R\u00fcckendruck<\/p>\n<\/li>\n<li class=\"\" data-start=\"1258\" data-end=\"1285\">\n<p class=\"\" data-start=\"1260\" data-end=\"1285\">Leibchen mit Brustdruck<\/p>\n<\/li>\n<\/ul>\n<p class=\"\" data-start=\"1482\" data-end=\"1513\"><strong data-start=\"1482\" data-end=\"1513\">Ein umfangreiches Sortiment<\/strong><\/p>\n<p class=\"\" data-start=\"1515\" data-end=\"1894\">Wir bieten Ihnen eine attraktive Auswahl an Produkten in verschiedenen Schnitten, Gr\u00f6\u00dfen und Farben. Bei gro\u00dfen Auflagen setzen wir auch Sonderfarben um. Wir versehen die <a href=\"https:\/\/www.sportpaint.de\/leibchen\/\">Leibchen<\/a> mit Ihrem individuellen Aufdruck, der durch eine ausgesprochen lange Lebensdauer \u00fcberzeugt: Auch nach st\u00e4ndiger und intensiver Nutzung prangt Ihr Motiv noch immer klar und deutlich wie am ersten Tag.<\/p>\n<p class=\"\" data-start=\"1896\" data-end=\"1940\"><strong data-start=\"1896\" data-end=\"1940\">Vorteile von Leibchen gegen\u00fcber T-Shirts<\/strong><\/p>\n<p class=\"\" data-start=\"1942\" data-end=\"2276\">Da sie \u00fcber die Sportkleidung gezogen werden, ist eine genaue Passform der Leibchen nicht erforderlich \u2013 eine Einheitsgr\u00f6\u00dfe f\u00fcr Erwachsene oder f\u00fcr Kinder reicht in der Regel aus. Au\u00dferdem kann robustes und preisg\u00fcnstiges Material wie Polyester verarbeitet werden, da die leichte Sportklamotte nicht direkt auf der Haut getragen wird.<\/p>\n<p class=\"\" data-start=\"2278\" data-end=\"2339\"><strong data-start=\"2278\" data-end=\"2339\">M\u00f6chten Sie Leibchen mit pers\u00f6nlichem Aufdruck bestellen?<\/strong><\/p>\n<p class=\"\" data-start=\"2341\" data-end=\"2394\">Dann sind Sie bei Sportpaint an der richtigen Stelle!<\/p>\n<p>[\/vc_column_text][\/vc_column][\/vc_row]<\/p>\n","protected":false},"excerpt":{"rendered":"<p>[vc_row][vc_column][vc_single_image image=&#8220;6784&#8243; img_size=&#8220;full&#8220;][vc_empty_space height=&#8220;30px&#8220;][\/vc_column][\/vc_row][vc_row el_class=&#8220;product-list&#8220;][vc_column][\/vc_column][\/vc_row][vc_row css=&#8220;.vc_custom_1510218449800{padding-top: 45px !important;background-color: #f4f4f4 !important;}&#8220;][vc_column][vc_column_text css=&#8220;.vc_custom_1743965920539{padding-right: 50px !important;padding-bottom: 50px !important;padding-left: 50px !important;}&#8220;] Auf Leibchen beim Sport g\u00fcnstig werben Leibchen sind in diversen Sportarten nicht wegzudenken. Ob beim Marathon, Triathlon oder beim Fu\u00dfball \u2013 insbesondere beim Trainingsspiel einer Vereinsmannschaft oder bei&#8230;<\/p>\n","protected":false},"author":1,"featured_media":0,"parent":0,"menu_order":0,"comment_status":"closed","ping_status":"closed","template":"full-width.php","meta":{"footnotes":""},"class_list":["post-5093","page","type-page","status-publish","hentry"],"_links":{"self":[{"href":"https:\/\/www.sportpaint.de\/de\/wp-json\/wp\/v2\/pages\/5093","targetHints":{"allow":["GET"]}}],"collection":[{"href":"https:\/\/www.sportpaint.de\/de\/wp-json\/wp\/v2\/pages"}],"about":[{"href":"https:\/\/www.sportpaint.de\/de\/wp-json\/wp\/v2\/types\/page"}],"author":[{"embeddable":true,"href":"https:\/\/www.sportpaint.de\/de\/wp-json\/wp\/v2\/users\/1"}],"replies":[{"embeddable":true,"href":"https:\/\/www.sportpaint.de\/de\/wp-json\/wp\/v2\/comments?post=5093"}],"version-history":[{"count":15,"href":"https:\/\/www.sportpaint.de\/de\/wp-json\/wp\/v2\/pages\/5093\/revisions"}],"predecessor-version":[{"id":9768,"href":"https:\/\/www.sportpaint.de\/de\/wp-json\/wp\/v2\/pages\/5093\/revisions\/9768"}],"wp:attachment":[{"href":"https:\/\/www.sportpaint.de\/de\/wp-json\/wp\/v2\/media?parent=5093"}],"curies":[{"name":"wp","href":"https:\/\/api.w.org\/{rel}","templated":true}]}}