{"id":5045,"date":"2016-10-10T11:09:21","date_gmt":"2016-10-10T09:09:21","guid":{"rendered":"http:\/\/relaunch.sportpaint.de\/?page_id=5045"},"modified":"2025-04-08T09:09:34","modified_gmt":"2025-04-08T07:09:34","slug":"faq","status":"publish","type":"page","link":"https:\/\/www.sportpaint.de\/de\/faq\/","title":{"rendered":"FAQ"},"content":{"rendered":"<p>[vc_row][vc_column][vc_single_image image=&#8220;6959&#8243; img_size=&#8220;full&#8220; alignment=&#8220;center&#8220;][vc_empty_space height=&#8220;30px&#8220;][\/vc_column][\/vc_row][vc_row][vc_column]<div class=\"qodef-accordion-holder clearfix qodef-toggle qodef-boxed \">\n\t<h4 class=\"clearfix qodef-title-holder\" >\n\t<span class=\"qodef-accordion-mark qodef-left-mark\">\n\t\t<span class=\"qodef-accordion-mark-icon\">\n\t\t\t<span class=\"icon_plus\"><\/span>\n\t\t\t<span class=\"icon_minus-06\"><\/span>\n\t\t<\/span>\n\t<\/span>\n\t<span class=\"qodef-tab-title\">\n\t\t<span class=\"qodef-tab-title-inner\">\n\t\t\tLieferzeit\t\t<\/span>\n\t<\/span>\n<\/h4>\n<div class=\"qodef-accordion-content\">\n\t<div class=\"qodef-accordion-content-inner\">\n\t\t[vc_column_text]3-4 Wochen per Luftfracht<br \/>\n9-12 Wochen per Seefracht<br \/>\nK\u00fcrzere Lieferzeiten auf Anfrage[\/vc_column_text]\t<\/div>\n<\/div><\/div><div class=\"qodef-accordion-holder clearfix qodef-toggle qodef-boxed \">\n\t<h4 class=\"clearfix qodef-title-holder\" >\n\t<span class=\"qodef-accordion-mark qodef-left-mark\">\n\t\t<span class=\"qodef-accordion-mark-icon\">\n\t\t\t<span class=\"icon_plus\"><\/span>\n\t\t\t<span class=\"icon_minus-06\"><\/span>\n\t\t<\/span>\n\t<\/span>\n\t<span class=\"qodef-tab-title\">\n\t\t<span class=\"qodef-tab-title-inner\">\n\t\t\tQualit\u00e4t Fu\u00dfb\u00e4lle\t\t<\/span>\n\t<\/span>\n<\/h4>\n<div class=\"qodef-accordion-content\">\n\t<div class=\"qodef-accordion-content-inner\">\n\t\t[vc_column_text]<strong><img loading=\"lazy\" decoding=\"async\" class=\"wp-image-7049 alignnone\" src=\"https:\/\/sportpaint.de\/wp-content\/uploads\/2016\/10\/Icon_PU-PVC.png\" alt=\"\" width=\"75\" height=\"75\" srcset=\"https:\/\/www.sportpaint.de\/wp-content\/uploads\/2016\/10\/Icon_PU-PVC.png 150w, https:\/\/www.sportpaint.de\/wp-content\/uploads\/2016\/10\/Icon_PU-PVC-100x100.png 100w\" sizes=\"auto, (max-width: 75px) 100vw, 75px\" \/><\/strong><\/p>\n<p><strong>PU\/PVC 090<\/strong><\/p>\n<ul>\n<li>Promotionfu\u00dfball, handgen\u00e4ht<\/li>\n<li>aus glanzbeschichtetem DC 090 (PU\/PVC Gemisch), synth. Leder<\/li>\n<li>Offizielle Gr. 5<\/li>\n<li>vermindertes Gewicht ca. 290-310 g.<\/li>\n<li>2-fache PC Laminierung<\/li>\n<li>Multi-Fl\u00fcgel Latex Blase mit austauschbarem Butylventil inkl. zweitem Sicherheitsventil<\/li>\n<\/ul>\n<p>&nbsp;<\/p>\n<p><strong>PU\/PVC 110<\/strong><\/p>\n<ul>\n<li>Promotionfu\u00dfball, handgen\u00e4ht<\/li>\n<li>aus glanzbeschichtetem DC 110 (PU\/PVC Gemisch), synth. Leder<\/li>\n<li>Offizielle Gr. 5<\/li>\n<li>vermindertes Gewicht ca. 360-370 g.<\/li>\n<li>3-fache PC Laminierung.<\/li>\n<li>Multi-Fl\u00fcgel Latex Blase mit austauschbarem Butylventil inkl. zweitem Sicherheitsventil<\/li>\n<\/ul>\n<p>&nbsp;<\/p>\n<p><strong>PU\/PVC 130<\/strong><\/p>\n<ul>\n<li>Trainingsfu\u00dfball, handgen\u00e4ht<\/li>\n<li>aus hochglanzbeschichtetem DC 130 (PU\/PVC Gemisch), synth. Leder<\/li>\n<li>Offizielle Gr. 5 nach FIFA Norm<\/li>\n<li>Gewicht ca. 420-435 g.<\/li>\n<li>4-fache PC Laminierung<\/li>\n<li>Multi-Fl\u00fcgel Latex Blase mit austauschbarem Butylventil inkl. zweitem Sicherheitsventil<\/li>\n<\/ul>\n<p>&nbsp;<\/p>\n<p><strong>PU\/PVC 150<\/strong><\/p>\n<ul>\n<li>Hochwertiger Trainingsfu\u00dfball, handgen\u00e4ht<\/li>\n<li>aus hochglanzbeschichtetem DC 150 (PU\/PVC Gemisch)<\/li>\n<li>Offizielle Gr. 5 nach FIFA Norm<\/li>\n<li>Gewicht ca. 420-435 g.<\/li>\n<li>4-fache Laminierung<\/li>\n<li>Multi-Fl\u00fcgel Latex Blase mit austauschbarem Butylventil inkl. zweitem Sicherheitsventil<\/li>\n<li>oder als Jugendball mit vermindertem Gewicht 280 g., 300 g. oder 360 g.<\/li>\n<\/ul>\n<p>&nbsp;<\/p>\n<p><strong><img loading=\"lazy\" decoding=\"async\" class=\" wp-image-7050 alignnone\" src=\"https:\/\/sportpaint.de\/wp-content\/uploads\/2016\/10\/Icon_PU.png\" alt=\"\" width=\"75\" height=\"75\" srcset=\"https:\/\/www.sportpaint.de\/wp-content\/uploads\/2016\/10\/Icon_PU.png 150w, https:\/\/www.sportpaint.de\/wp-content\/uploads\/2016\/10\/Icon_PU-100x100.png 100w\" sizes=\"auto, (max-width: 75px) 100vw, 75px\" \/><\/strong><\/p>\n<p><strong>PU<\/strong><\/p>\n<ul>\n<li>PU Matchb\u00e4lle bieten wir ebenfalls in unterschiedlichen Qualit\u00e4ten an.<\/li>\n<li>Von der Materialst\u00e4rke 060 bis 160<\/li>\n<li>Woven PU oder non woven PU<\/li>\n<li>Mit oder ohne Airtress System<\/li>\n<li>Material mit oder ohne Struktur<\/li>\n<li>Offizielle Gr. 5 nach FIFA Norm<\/li>\n<li>Gewicht ca. 420-435 g.<\/li>\n<li>4-fache Laminierung<\/li>\n<\/ul>\n<p>Gern stehen wir Ihnen bei Fragen jederzeit beratend zur Seite und freuen uns auf <a href=\"https:\/\/www.sportpaint.de\/anfrageformular\/\">Ihre Anfrage<\/a>.[\/vc_column_text]\t<\/div>\n<\/div><\/div>[\/vc_column][\/vc_row][vc_row][vc_column][vc_empty_space height=&#8220;100px&#8220;][\/vc_column][\/vc_row]<\/p>\n","protected":false},"excerpt":{"rendered":"<p>[vc_row][vc_column][vc_single_image image=&#8220;6959&#8243; img_size=&#8220;full&#8220; alignment=&#8220;center&#8220;][vc_empty_space height=&#8220;30px&#8220;][\/vc_column][\/vc_row][vc_row][vc_column][\/vc_column][\/vc_row][vc_row][vc_column][vc_empty_space height=&#8220;100px&#8220;][\/vc_column][\/vc_row]<\/p>\n","protected":false},"author":1,"featured_media":0,"parent":0,"menu_order":0,"comment_status":"closed","ping_status":"closed","template":"","meta":{"footnotes":""},"class_list":["post-5045","page","type-page","status-publish","hentry"],"_links":{"self":[{"href":"https:\/\/www.sportpaint.de\/de\/wp-json\/wp\/v2\/pages\/5045","targetHints":{"allow":["GET"]}}],"collection":[{"href":"https:\/\/www.sportpaint.de\/de\/wp-json\/wp\/v2\/pages"}],"about":[{"href":"https:\/\/www.sportpaint.de\/de\/wp-json\/wp\/v2\/types\/page"}],"author":[{"embeddable":true,"href":"https:\/\/www.sportpaint.de\/de\/wp-json\/wp\/v2\/users\/1"}],"replies":[{"embeddable":true,"href":"https:\/\/www.sportpaint.de\/de\/wp-json\/wp\/v2\/comments?post=5045"}],"version-history":[{"count":21,"href":"https:\/\/www.sportpaint.de\/de\/wp-json\/wp\/v2\/pages\/5045\/revisions"}],"predecessor-version":[{"id":9769,"href":"https:\/\/www.sportpaint.de\/de\/wp-json\/wp\/v2\/pages\/5045\/revisions\/9769"}],"wp:attachment":[{"href":"https:\/\/www.sportpaint.de\/de\/wp-json\/wp\/v2\/media?parent=5045"}],"curies":[{"name":"wp","href":"https:\/\/api.w.org\/{rel}","templated":true}]}}