{"id":4538,"date":"2016-08-31T11:29:31","date_gmt":"2016-08-31T09:29:31","guid":{"rendered":"http:\/\/relaunch.sportpaint.de\/?page_id=4538"},"modified":"2025-12-02T15:28:38","modified_gmt":"2025-12-02T14:28:38","slug":"agb","status":"publish","type":"page","link":"https:\/\/www.sportpaint.de\/de\/agb\/","title":{"rendered":"AGB"},"content":{"rendered":"<p>[vc_row][vc_column][vc_single_image image=&#8220;6957&#8243; img_size=&#8220;full&#8220; alignment=&#8220;center&#8220;][\/vc_column][\/vc_row][vc_row][vc_column][vc_column_text]<\/p>\n<div class=\"bg-container single-post-body \">\n<div>\n<div>1. Grundlegende Bestimmungen<\/div>\n<div>1.1 Die folgenden Gesch\u00e4ftsbedingungen gelten f\u00fcr alle Vertr\u00e4ge zwischen Sportpaint und dem Kunden dieser Internetseite www.sportpaint.de. Es gelten nur die nachstehenden Bedingungen von Sportpaint.<\/div>\n<div>1.2 Vertragssprache ist deutsch. Vor dem Absenden der Bestellung \u00fcber das Shopsystem k\u00f6nnen die Vertragsdaten \u00fcber die Druckfunktion ausgedruckt oder elektronisch gespeichert werden.<\/div>\n<div>2. Vertragsgegenstand<\/div>\n<div>Vertragsgegenstand ist der Verkauf von Waren. Die Merkmale der Ware sind in der Artikelbeschreibung und den erg\u00e4nzenden Angaben auf der Internetseite von Sportpaint aufgelistet.<\/div>\n<div>3. Zustandekommen des Vertrags<\/div>\n<div>3.1 Die Produktdarstellungen des Anbieters auf der Internetseite von Sportpaint sind unverbindlich.<\/div>\n<div>3.2 Der Kunde kann ein verbindliches Kaufangebot (Bestellung) \u00fcber das Shopsystem abgeben. Dabei werden die zum Kauf beabsichtigten Waren im Warenkorb abgelegt. Im Warenkorb k\u00f6nnen jederzeit \u00c4nderungen vorgenommen werden. Nach Aufrufen der Seite \u201eKasse\u201c und der Eingabe der pers\u00f6nlichen Daten sowie der Zahlungs- und Versandbedingungen werden nochmals alle Bestelldaten und Kosten angezeigt. Vor dem Absenden der Bestellung hat der Kunde die M\u00f6glichkeit, alle Angaben zu \u00fcberpr\u00fcfen und zu \u00e4ndern. Mit dem Absenden der Bestellung \u00fcber die Schaltfl\u00e4che \u201eJetzt kaufen\u201c gibt der Kunde ein verbindliches Angebot beim Anbieter ab. Der Kunde erh\u00e4lt daraufhin eine automatische E-Mail \u00fcber den Eingang seiner Bestellung, die noch nicht zum Vertragsschluss f\u00fchrt.<\/div>\n<div>3.3 Die Annahme des Angebots und damit der Vertragsabschluss erfolgt durch Best\u00e4tigung in einer E-Mail, in welcher dem Kunden die Ausf\u00fchrung der Bestellung oder Auslieferung der Ware best\u00e4tigt wird (Auftragsbest\u00e4tigung).<\/div>\n<div>3.4 Die Abwicklung der Bestellung und \u00dcbermittlung aller im Zusammenhang mit dem Vertragsschluss erforderlichen Informationen erfolgen per E-Mail. Der Kunde hat deshalb sicherzustellen, dass die von ihm bei Sportpaint hinterlegte E-Mailadresse zutreffend ist, der Empfang der E-Mails technisch sichergestellt und nicht durch Spamfilter verhindert wird.<\/div>\n<div>4. Widerrufsrecht<\/div>\n<div>Bedruckte Ware ist von der R\u00fcckgabe ausgeschlossen.Bei unbedruckter Ware haben Sie das Recht, binnen 14 Tagen ohne Angabe von Gr\u00fcnden diesen Vertrag zu widerrufen.Die Widerrufsfrist betr\u00e4gt 14 Tage ab dem Tag, an dem Sie oder ein von Ihnen benannter Dritter, der nicht der Bef\u00f6rderer ist, die letzte Ware in Besitz genommen hat.Um Ihr Widerrufsrecht auszu\u00fcben, m\u00fcssen Sie uns, der Sportpaint Werbeball BedruckungsGmbH &amp; Co. KG, Am Vo\u00dfberg 21, D-23758 Oldenburg i.H., Deutschland \u2013 Telefon: 04361 \/ 5553975,E-Mail: info@sportpaint.de, mittels einer eindeutigen Erkl\u00e4rung (z.B. ein mit der Post versandter Brief, Telefax oder E-Mail) \u00fcber Ihren Entschluss, diesen Vertrag zu widerrufen, informieren. Sie k\u00f6nnen daf\u00fcr das untenstehende vorgeschlagene Muster-Widerrufsformular verwenden, das jedoch nicht vorgeschrieben ist.<\/div>\n<div>Der Widerruf ist zu richten an:<\/div>\n<div>\u2022 E-Mail: info@sportpaint.de<\/div>\n<div>\u2022 Oder per Post: sportpaint Werbeball BedruckungsGmbH &amp; Co. KG, Am Vo\u00dfberg 21, D-23758 Oldenburg i.H.<\/div>\n<div>Zur Wahrung der Widerrufsfrist reicht es aus, dass Sie die Mitteilung \u00fcber die Aus\u00fcbung des Widerrufs vor Ablauf der Widerrufsfrist absenden.<\/div>\n<div>4.1 Folgen des Widerrufs<\/div>\n<div>Im Falle eines wirksamen Widerrufs sind die beiderseitig empfangenen Leistungen zur\u00fcck zu gew\u00e4hren.K\u00f6nnen Sie uns die empfangene Ware ganz oder teilweise nicht oder nur in verschlechtertem Zustand zur\u00fcck gew\u00e4hren, so m\u00fcssen Sie Sportpaint insoweit ggf. Wertersatz leisten.<\/div>\n<div>Bei einer R\u00fccksendung aus einer Warenlieferung, deren Bestellwert insgesamt bis zu 40,\u2013\u20ac betr\u00e4gt, haben Sie die Kosten der R\u00fccksendung zu tragen, wenn die gelieferte Ware der bestellten entspricht.<\/div>\n<div>Anderenfalls ist die R\u00fccksendung f\u00fcr Sie kostenfrei.<\/div>\n<div>Sie m\u00fcssen f\u00fcr einen etwaigen Wertverlust der Waren nur aufkommen, wenn dieser Wertverlust auf einen zur Pr\u00fcfung der Beschaffenheit, Eigenschaften und Funktionsweise der Waren nicht notwendigen Umgang mit ihnen zur\u00fcckzuf\u00fchren ist.<\/div>\n<div>4.2. Muster-Widerrufsformular<\/div>\n<div>Wenn Sie den Vertrag widerrufen wollen, dann f\u00fcllen Sie bitte dieses Formular aus und senden Sie es zur\u00fcck.<\/div>\n<div>sportpaint Werbeball BedruckungsGmbH &amp; Co. KG<\/div>\n<div>Am Vo\u00dfberg 21<\/div>\n<div>D-23758 Oldenburg i.H., Deutschland<\/div>\n<div>Telefon: 04361\/5553975<\/div>\n<div>E-Mail: info@sportpaint.de<\/div>\n<div>Hiermit widerrufe(n) ich\/wir (*) den von mir\/uns (*) abgeschlossenen Vertrag \u00fcber den Kauf der folgenden Waren:<\/div>\n<div>(Bitte Waren hier genau bezeichnen)<\/div>\n<div>Bestellt am\u2026 (*)\/erhalten am\u2026 (*)<\/div>\n<div>Name des\/der Verbraucher(s):<\/div>\n<div>Anschrift des\/der Verbraucher(s):<\/div>\n<div>Unterschrift des\/der Verbraucher(s) (nur bei Mitteilung auf Papier):<\/div>\n<div>Datum:<\/div>\n<div>(*) Unzutreffendes bitte streichen.<\/div>\n<div>5. Zur\u00fcckbehaltungsrecht, Eigentumsvorbehalt<\/div>\n<div>5.1 Ein Zur\u00fcckbehaltungsrecht kann der Kunde nur aus\u00fcben, soweit es sich um Forderungen aus demselben Vertragsverh\u00e4ltnis handelt.<\/div>\n<div>5.2 Die Ware bleibt bis zur vollst\u00e4ndigen Zahlung des Kaufpreises Eigentum von Sportpaint<\/div>\n<div>6. Gew\u00e4hrleistung<\/div>\n<div>6.1 Es gelten die gesetzlichen Vorschriften.<\/div>\n<div>6.2 Der Kunde hat die Ware bei Lieferung umgehend auf Vollst\u00e4ndigkeit, offensichtliche M\u00e4ngel und Transportsch\u00e4den zu \u00fcberpr\u00fcfen und Beanstandungen Sportpaint unverz\u00fcglich mitzuteilen.<\/div>\n<div>7. Haftung<\/div>\n<div>7.1 Sportpaint haftet nicht f\u00fcr die st\u00e4ndige Verf\u00fcgbarkeit der Webseite und der dort angebotenen Waren.<\/div>\n<div>8. Gerichtsstand und Erf\u00fcllungsort<\/div>\n<div>8.1 Es gilt deutsches Recht.<\/div>\n<div>8.2 Erf\u00fcllungsort f\u00fcr alle Leistungen aus den mit Sportpaint bestehenden Gesch\u00e4ftsbeziehungen sowie Gerichtsstand ist Winsen\/Luhe<\/div>\n<div>[gzd_complaints]<\/div>\n<\/div>\n<\/div>\n<p>[\/vc_column_text][\/vc_column][\/vc_row]<\/p>\n","protected":false},"excerpt":{"rendered":"<p>[vc_row][vc_column][vc_single_image image=&#8220;6957&#8243; img_size=&#8220;full&#8220; alignment=&#8220;center&#8220;][\/vc_column][\/vc_row][vc_row][vc_column][vc_column_text] 1. Grundlegende Bestimmungen 1.1 Die folgenden Gesch\u00e4ftsbedingungen gelten f\u00fcr alle Vertr\u00e4ge zwischen Sportpaint und dem Kunden dieser Internetseite www.sportpaint.de. Es gelten nur die nachstehenden Bedingungen von Sportpaint. 1.2 Vertragssprache ist deutsch. Vor dem Absenden der Bestellung \u00fcber das Shopsystem k\u00f6nnen die&#8230;<\/p>\n","protected":false},"author":1,"featured_media":0,"parent":0,"menu_order":0,"comment_status":"closed","ping_status":"closed","template":"","meta":{"footnotes":""},"class_list":["post-4538","page","type-page","status-publish","hentry"],"_links":{"self":[{"href":"https:\/\/www.sportpaint.de\/de\/wp-json\/wp\/v2\/pages\/4538","targetHints":{"allow":["GET"]}}],"collection":[{"href":"https:\/\/www.sportpaint.de\/de\/wp-json\/wp\/v2\/pages"}],"about":[{"href":"https:\/\/www.sportpaint.de\/de\/wp-json\/wp\/v2\/types\/page"}],"author":[{"embeddable":true,"href":"https:\/\/www.sportpaint.de\/de\/wp-json\/wp\/v2\/users\/1"}],"replies":[{"embeddable":true,"href":"https:\/\/www.sportpaint.de\/de\/wp-json\/wp\/v2\/comments?post=4538"}],"version-history":[{"count":11,"href":"https:\/\/www.sportpaint.de\/de\/wp-json\/wp\/v2\/pages\/4538\/revisions"}],"predecessor-version":[{"id":10388,"href":"https:\/\/www.sportpaint.de\/de\/wp-json\/wp\/v2\/pages\/4538\/revisions\/10388"}],"wp:attachment":[{"href":"https:\/\/www.sportpaint.de\/de\/wp-json\/wp\/v2\/media?parent=4538"}],"curies":[{"name":"wp","href":"https:\/\/api.w.org\/{rel}","templated":true}]}}