{"id":4526,"date":"2016-08-30T23:01:06","date_gmt":"2016-08-30T21:01:06","guid":{"rendered":"http:\/\/relaunch.sportpaint.de\/?page_id=4526"},"modified":"2025-04-06T20:18:58","modified_gmt":"2025-04-06T18:18:58","slug":"handbaelle","status":"publish","type":"page","link":"https:\/\/www.sportpaint.de\/de\/werbebaelle\/handbaelle\/","title":{"rendered":"Handb\u00e4lle"},"content":{"rendered":"<p>[vc_row][vc_column][vc_single_image image=&#8220;6783&#8243; img_size=&#8220;full&#8220;][vc_empty_space height=&#8220;30px&#8220;][\/vc_column][\/vc_row][vc_row el_class=&#8220;product-list&#8220;][vc_column]<div class=\"qodef-product-list-holder\"><div class=\"woocommerce columns-4 \"><div class=\"products standard \"><div class=\"post-5359 product type-product status-publish has-post-thumbnail product_cat-handball first instock featured shipping-taxable purchasable product-type-variable\">\n    <div class=\"qodef-product-standard-image-holder\">\n        <a href=\"https:\/\/www.sportpaint.de\/de\/produkt\/handball\/\" class=\"woocommerce-LoopProduct-link woocommerce-loop-product__link\">        <span class=\"qodef-original-image\">\n\t\t\t\t\t<img loading=\"lazy\" decoding=\"async\" width=\"600\" height=\"600\" src=\"https:\/\/www.sportpaint.de\/wp-content\/uploads\/2016\/11\/Handball-000-600x600.jpg\" class=\"attachment-woocommerce_thumbnail size-woocommerce_thumbnail\" alt=\"Handball\" srcset=\"https:\/\/www.sportpaint.de\/wp-content\/uploads\/2016\/11\/Handball-000-600x600.jpg 600w, https:\/\/www.sportpaint.de\/wp-content\/uploads\/2016\/11\/Handball-000-100x100.jpg 100w, https:\/\/www.sportpaint.de\/wp-content\/uploads\/2016\/11\/Handball-000.jpg 1100w, https:\/\/www.sportpaint.de\/wp-content\/uploads\/2016\/11\/Handball-000-300x300.jpg 300w, https:\/\/www.sportpaint.de\/wp-content\/uploads\/2016\/11\/Handball-000-768x768.jpg 768w, https:\/\/www.sportpaint.de\/wp-content\/uploads\/2016\/11\/Handball-000-1024x1024.jpg 1024w, https:\/\/www.sportpaint.de\/wp-content\/uploads\/2016\/11\/Handball-000-550x550.jpg 550w, https:\/\/www.sportpaint.de\/wp-content\/uploads\/2016\/11\/Handball-000-1000x1000.jpg 1000w\" sizes=\"auto, (max-width: 600px) 100vw, 600px\" \/>\t\t\t\t\t<\/span>\n\t\t\t\t\t<span class=\"qodef-hover-image\">\n\t\t\t\t\t<img loading=\"lazy\" decoding=\"async\" width=\"600\" height=\"600\" src=\"https:\/\/www.sportpaint.de\/wp-content\/uploads\/2017\/03\/Handball-Open-Ball-600x600.jpg\" class=\"attachment-shop_catalog size-shop_catalog\" alt=\"\" srcset=\"https:\/\/www.sportpaint.de\/wp-content\/uploads\/2017\/03\/Handball-Open-Ball-600x600.jpg 600w, https:\/\/www.sportpaint.de\/wp-content\/uploads\/2017\/03\/Handball-Open-Ball-100x100.jpg 100w, https:\/\/www.sportpaint.de\/wp-content\/uploads\/2017\/03\/Handball-Open-Ball.jpg 1100w, https:\/\/www.sportpaint.de\/wp-content\/uploads\/2017\/03\/Handball-Open-Ball-300x300.jpg 300w, https:\/\/www.sportpaint.de\/wp-content\/uploads\/2017\/03\/Handball-Open-Ball-768x768.jpg 768w, https:\/\/www.sportpaint.de\/wp-content\/uploads\/2017\/03\/Handball-Open-Ball-1024x1024.jpg 1024w, https:\/\/www.sportpaint.de\/wp-content\/uploads\/2017\/03\/Handball-Open-Ball-550x550.jpg 550w, https:\/\/www.sportpaint.de\/wp-content\/uploads\/2017\/03\/Handball-Open-Ball-1000x1000.jpg 1000w\" sizes=\"auto, (max-width: 600px) 100vw, 600px\" \/>\t\t\t\t\t<\/span>\n        <\/a>\n        <div class=\"qodef-product-standard-button-holder\">\n\n            <a href=\"https:\/\/www.sportpaint.de\/de\/produkt\/handball\/\" target=\"_self\"  class=\"qodef-btn qodef-btn-medium qodef-btn-solid qodef-btn-icon add_to_cart_button   product_type_variable\"  rel=\"nofollow\" data-product_id=\"5359\"  data-quantity=\"1\">    <span  class=\"qodef-btn-text\">Options<\/span>    <i class=\"qodef-icon-linear-icon lnr lnr-list \" ><\/i><\/a>\t<span id=\"woocommerce_loop_add_to_cart_link_describedby_5359\" class=\"screen-reader-text\">\n\t\tDieses Produkt weist mehrere Varianten auf. Die Optionen k\u00f6nnen auf der Produktseite gew\u00e4hlt werden\t<\/span>\n        <\/div>\n    <\/div>\n    <div class=\"qodef-product-standard-info-top\">\n        <div class=\"qodef-product-list-categories\"><a href=\"https:\/\/www.sportpaint.de\/de\/kategorie\/handball\/\" rel=\"tag\">Handb\u00e4lle<\/a><\/div><a href=\"https:\/\/www.sportpaint.de\/de\/produkt\/handball\/\" class=\"woocommerce-LoopProduct-link woocommerce-loop-product__link\"><h6 class=\"qodef-product-list-product-title\">Handball<\/h6><\/a>\n\t<span class=\"price\"><span class=\"woocommerce-Price-amount amount\"><bdi><span class=\"woocommerce-Price-currencySymbol\">&euro;<\/span>0,00<\/bdi><\/span><\/span>\n    <\/div>\n<\/div><\/div><\/div><\/div>[\/vc_column][\/vc_row][vc_row css=&#8220;.vc_custom_1510219028299{padding-top: 45px !important;background-color: #f4f4f4 !important;}&#8220;][vc_column][vc_column_text css=&#8220;.vc_custom_1743963526332{padding-right: 50px !important;padding-bottom: 50px !important;padding-left: 50px !important;}&#8220;]<\/p>\n<div id=\"infotext\" style=\"padding-bottom: 30px;\">\n<p class=\"\" data-start=\"85\" data-end=\"152\"><strong data-start=\"85\" data-end=\"152\">Handball bedrucken lassen und werbewirksam Spielfreude schenken<\/strong><\/p>\n<p class=\"\" data-start=\"154\" data-end=\"697\">M\u00f6chten Sie bei Ihren k\u00fcnftigen Werbema\u00dfnahmen etablierte Sportarten einbeziehen, sind unsere Werbeb\u00e4lle mehr als hilfreich. Lassen Sie sich von uns einen <a href=\"https:\/\/www.sportpaint.de\/produkt\/handball\/\">Handball<\/a> bedrucken und geben Sie Ihrer Zielgruppe ein aufmerksamkeitsstarkes Give-away an die Hand. Handball z\u00e4hlt hierzulande neben <a href=\"https:\/\/www.sportpaint.de\/werbebaelle\/fussbaelle\/\">Fu\u00dfball<\/a> zu den beliebtesten Sportarten. Warum also nicht diesen intensiven Mannschaftsballsport nutzen, um bei vielen Menschen positive Emotionen auszul\u00f6sen? Ob Logo oder Werbeslogan \u2013 Sie entscheiden, wie Sie auf einem Handball spielerisch werben wollen.<\/p>\n<p class=\"\" data-start=\"699\" data-end=\"746\"><strong data-start=\"699\" data-end=\"746\">Handball bedrucken nach Ihren Vorstellungen<\/strong><\/p>\n<p class=\"\" data-start=\"748\" data-end=\"1407\">Der Handballsport ist jedoch nicht nur in Deutschland ein Zuschauermagnet und popul\u00e4rer Breitensport. Auch in anderen europ\u00e4ischen L\u00e4ndern erfreut sich der rasante Mannschaftssport gr\u00f6\u00dfter Beliebtheit. Wer einen <a href=\"https:\/\/www.sportpaint.de\/produkt\/handball\/\">Handball<\/a> bedrucken l\u00e4sst und diesen gezielt verteilt, kann sich spielerisch auch auf internationalem Parkett in Erinnerung rufen. Nat\u00fcrlich bedrucken wir auch B\u00e4lle f\u00fcr Handballteams, die sich k\u00fcnftig einer breiteren \u00d6ffentlichkeit pr\u00e4sentieren m\u00f6chten. Bei der Gelegenheit k\u00f6nnen Sie auch gleich das <a href=\"https:\/\/sport-add.com\/pages\/harz\">Handballharz<\/a> aus unserem Portfolio mitbestellen.<\/p>\n<p class=\"\" data-start=\"1409\" data-end=\"1464\"><strong data-start=\"1409\" data-end=\"1464\">Bedruckten Handball beim erfahrenen Profi bestellen<\/strong><\/p>\n<p class=\"\" data-start=\"1466\" data-end=\"2193\">Lassen Sie sich von uns einen <a href=\"https:\/\/www.sportpaint.de\/produkt\/handball\/\">Handball<\/a> bedrucken, haben Sie das ideale Werbegeschenk f\u00fcr Sportinteressierte. Dank seiner handlichen Gr\u00f6\u00dfe ist er ein beliebter Freizeitbegleiter, zum Beispiel f\u00fcr Beach- oder Hallen-Handball. Die unaufdringliche Werbebotschaft wird in jedem Fall positiv aufgenommen.<\/p>\n<p class=\"\" data-start=\"2195\" data-end=\"2230\"><strong data-start=\"2195\" data-end=\"2230\">W\u00e4hlen Sie Ihr Lieblingsdesign!<\/strong><\/p>\n<p class=\"\" data-start=\"2232\" data-end=\"2589\">Unsere <a href=\"https:\/\/www.sportpaint.de\/produkt\/handball\/\">Handb\u00e4lle<\/a> k\u00f6nnen Sie in mehreren Design- und Farbvarianten bestellen. Die hohe Qualit\u00e4t unserer Drucke bedeutet, dass nicht nur der Ball selbst eine Menge mitmachen kann, ohne an Wirkung einzub\u00fc\u00dfen, sondern auch Ihr Logo. Verlassen Sie sich also darauf, dass Ihre Sponsoring- und Werbeb\u00e4lle schon bald ein fester Bestandteil zahlreicher Matches sind.<\/p>\n<p class=\"\" data-start=\"2591\" data-end=\"2634\"><strong data-start=\"2591\" data-end=\"2634\">Mit Sportpaint haben Sie es in der Hand<\/strong><\/p>\n<p class=\"\" data-start=\"2636\" data-end=\"2813\">Bestellen Sie jetzt Werbeb\u00e4lle f\u00fcr Ihre n\u00e4chste Sponsoring- oder Marketing-Aktion. Und nicht vergessen: Lassen Sie den neuen Handball bedrucken \u2013 zu hundert Prozent individuell!<\/p>\n<\/div>\n<p>[\/vc_column_text][\/vc_column][\/vc_row]<\/p>\n","protected":false},"excerpt":{"rendered":"<p>[vc_row][vc_column][vc_single_image image=&#8220;6783&#8243; img_size=&#8220;full&#8220;][vc_empty_space height=&#8220;30px&#8220;][\/vc_column][\/vc_row][vc_row el_class=&#8220;product-list&#8220;][vc_column][\/vc_column][\/vc_row][vc_row css=&#8220;.vc_custom_1510219028299{padding-top: 45px !important;background-color: #f4f4f4 !important;}&#8220;][vc_column][vc_column_text css=&#8220;.vc_custom_1743963526332{padding-right: 50px !important;padding-bottom: 50px !important;padding-left: 50px !important;}&#8220;] Handball bedrucken lassen und werbewirksam Spielfreude schenken M\u00f6chten Sie bei Ihren k\u00fcnftigen Werbema\u00dfnahmen etablierte Sportarten einbeziehen, sind unsere Werbeb\u00e4lle mehr als hilfreich. Lassen Sie sich von uns einen&#8230;<\/p>\n","protected":false},"author":1,"featured_media":0,"parent":2060,"menu_order":0,"comment_status":"closed","ping_status":"closed","template":"full-width.php","meta":{"footnotes":""},"class_list":["post-4526","page","type-page","status-publish","hentry"],"_links":{"self":[{"href":"https:\/\/www.sportpaint.de\/de\/wp-json\/wp\/v2\/pages\/4526","targetHints":{"allow":["GET"]}}],"collection":[{"href":"https:\/\/www.sportpaint.de\/de\/wp-json\/wp\/v2\/pages"}],"about":[{"href":"https:\/\/www.sportpaint.de\/de\/wp-json\/wp\/v2\/types\/page"}],"author":[{"embeddable":true,"href":"https:\/\/www.sportpaint.de\/de\/wp-json\/wp\/v2\/users\/1"}],"replies":[{"embeddable":true,"href":"https:\/\/www.sportpaint.de\/de\/wp-json\/wp\/v2\/comments?post=4526"}],"version-history":[{"count":19,"href":"https:\/\/www.sportpaint.de\/de\/wp-json\/wp\/v2\/pages\/4526\/revisions"}],"predecessor-version":[{"id":9762,"href":"https:\/\/www.sportpaint.de\/de\/wp-json\/wp\/v2\/pages\/4526\/revisions\/9762"}],"up":[{"embeddable":true,"href":"https:\/\/www.sportpaint.de\/de\/wp-json\/wp\/v2\/pages\/2060"}],"wp:attachment":[{"href":"https:\/\/www.sportpaint.de\/de\/wp-json\/wp\/v2\/media?parent=4526"}],"curies":[{"name":"wp","href":"https:\/\/api.w.org\/{rel}","templated":true}]}}