{"id":4489,"date":"2016-08-30T22:56:25","date_gmt":"2016-08-30T20:56:25","guid":{"rendered":"http:\/\/relaunch.sportpaint.de\/?page_id=4489"},"modified":"2025-04-06T20:40:37","modified_gmt":"2025-04-06T18:40:37","slug":"volleybaelle","status":"publish","type":"page","link":"https:\/\/www.sportpaint.de\/de\/werbebaelle\/volleybaelle\/","title":{"rendered":"Volleyb\u00e4lle"},"content":{"rendered":"<p>[vc_row][vc_column][vc_single_image image=&#8220;6788&#8243; img_size=&#8220;full&#8220;][vc_empty_space height=&#8220;30px&#8220;][\/vc_column][\/vc_row][vc_row el_class=&#8220;product-list&#8220;][vc_column]<div class=\"qodef-product-list-holder\"><div class=\"woocommerce columns-4 \"><div class=\"products standard \"><div class=\"post-5470 product type-product status-publish has-post-thumbnail product_cat-minibaelle product_cat-volleybaelle first instock featured shipping-taxable purchasable product-type-variable\">\n    <div class=\"qodef-product-standard-image-holder\">\n        <a href=\"https:\/\/www.sportpaint.de\/de\/produkt\/mini-volleyball\/\" class=\"woocommerce-LoopProduct-link woocommerce-loop-product__link\">        <span class=\"qodef-original-image\">\n\t\t\t\t\t<img loading=\"lazy\" decoding=\"async\" width=\"600\" height=\"600\" src=\"https:\/\/www.sportpaint.de\/wp-content\/uploads\/2016\/12\/Volleyball-001-600x600.jpg\" class=\"attachment-woocommerce_thumbnail size-woocommerce_thumbnail\" alt=\"Mini-Volleyball\" srcset=\"https:\/\/www.sportpaint.de\/wp-content\/uploads\/2016\/12\/Volleyball-001-600x600.jpg 600w, https:\/\/www.sportpaint.de\/wp-content\/uploads\/2016\/12\/Volleyball-001-300x300.jpg 300w, https:\/\/www.sportpaint.de\/wp-content\/uploads\/2016\/12\/Volleyball-001-1024x1024.jpg 1024w, https:\/\/www.sportpaint.de\/wp-content\/uploads\/2016\/12\/Volleyball-001-768x768.jpg 768w, https:\/\/www.sportpaint.de\/wp-content\/uploads\/2016\/12\/Volleyball-001-550x550.jpg 550w, https:\/\/www.sportpaint.de\/wp-content\/uploads\/2016\/12\/Volleyball-001-1000x1000.jpg 1000w, https:\/\/www.sportpaint.de\/wp-content\/uploads\/2016\/12\/Volleyball-001-100x100.jpg 100w, https:\/\/www.sportpaint.de\/wp-content\/uploads\/2016\/12\/Volleyball-001.jpg 1100w\" sizes=\"auto, (max-width: 600px) 100vw, 600px\" \/>\t\t\t\t\t<\/span>\n\t\t\t\t\t<span class=\"qodef-hover-image\">\n\t\t\t\t\t<img loading=\"lazy\" decoding=\"async\" width=\"600\" height=\"600\" src=\"https:\/\/www.sportpaint.de\/wp-content\/uploads\/2016\/11\/Volleyball-SKETCH-BALL-600x600.jpg\" class=\"attachment-shop_catalog size-shop_catalog\" alt=\"\" srcset=\"https:\/\/www.sportpaint.de\/wp-content\/uploads\/2016\/11\/Volleyball-SKETCH-BALL-600x600.jpg 600w, https:\/\/www.sportpaint.de\/wp-content\/uploads\/2016\/11\/Volleyball-SKETCH-BALL-100x100.jpg 100w, https:\/\/www.sportpaint.de\/wp-content\/uploads\/2016\/11\/Volleyball-SKETCH-BALL.jpg 1100w, https:\/\/www.sportpaint.de\/wp-content\/uploads\/2016\/11\/Volleyball-SKETCH-BALL-300x300.jpg 300w, https:\/\/www.sportpaint.de\/wp-content\/uploads\/2016\/11\/Volleyball-SKETCH-BALL-768x768.jpg 768w, https:\/\/www.sportpaint.de\/wp-content\/uploads\/2016\/11\/Volleyball-SKETCH-BALL-1024x1024.jpg 1024w, https:\/\/www.sportpaint.de\/wp-content\/uploads\/2016\/11\/Volleyball-SKETCH-BALL-550x550.jpg 550w, https:\/\/www.sportpaint.de\/wp-content\/uploads\/2016\/11\/Volleyball-SKETCH-BALL-1000x1000.jpg 1000w\" sizes=\"auto, (max-width: 600px) 100vw, 600px\" \/>\t\t\t\t\t<\/span>\n        <\/a>\n        <div class=\"qodef-product-standard-button-holder\">\n\n            <a href=\"https:\/\/www.sportpaint.de\/de\/produkt\/mini-volleyball\/\" target=\"_self\"  class=\"qodef-btn qodef-btn-medium qodef-btn-solid qodef-btn-icon add_to_cart_button   product_type_variable\"  rel=\"nofollow\" data-product_id=\"5470\"  data-quantity=\"1\">    <span  class=\"qodef-btn-text\">Options<\/span>    <i class=\"qodef-icon-linear-icon lnr lnr-list \" ><\/i><\/a>\t<span id=\"woocommerce_loop_add_to_cart_link_describedby_5470\" class=\"screen-reader-text\">\n\t\tDieses Produkt weist mehrere Varianten auf. Die Optionen k\u00f6nnen auf der Produktseite gew\u00e4hlt werden\t<\/span>\n        <\/div>\n    <\/div>\n    <div class=\"qodef-product-standard-info-top\">\n        <div class=\"qodef-product-list-categories\"><a href=\"https:\/\/www.sportpaint.de\/de\/kategorie\/minibaelle\/\" rel=\"tag\">Minib\u00e4lle<\/a>, <a href=\"https:\/\/www.sportpaint.de\/de\/kategorie\/volleybaelle\/\" rel=\"tag\">Volleyb\u00e4lle<\/a><\/div><a href=\"https:\/\/www.sportpaint.de\/de\/produkt\/mini-volleyball\/\" class=\"woocommerce-LoopProduct-link woocommerce-loop-product__link\"><h6 class=\"qodef-product-list-product-title\">Mini-Volleyball<\/h6><\/a>\n\t<span class=\"price\"><span class=\"woocommerce-Price-amount amount\"><bdi><span class=\"woocommerce-Price-currencySymbol\">&euro;<\/span>0,00<\/bdi><\/span><\/span>\n    <\/div>\n<\/div><div class=\"post-5355 product type-product status-publish has-post-thumbnail product_cat-volleybaelle  instock featured shipping-taxable purchasable product-type-variable\">\n    <div class=\"qodef-product-standard-image-holder\">\n        <a href=\"https:\/\/www.sportpaint.de\/de\/produkt\/volleyball\/\" class=\"woocommerce-LoopProduct-link woocommerce-loop-product__link\">        <span class=\"qodef-original-image\">\n\t\t\t\t\t<img loading=\"lazy\" decoding=\"async\" width=\"600\" height=\"600\" src=\"https:\/\/www.sportpaint.de\/wp-content\/uploads\/2016\/11\/Volleyball-001-600x600.jpg\" class=\"attachment-woocommerce_thumbnail size-woocommerce_thumbnail\" alt=\"Volleyball\" srcset=\"https:\/\/www.sportpaint.de\/wp-content\/uploads\/2016\/11\/Volleyball-001-600x600.jpg 600w, https:\/\/www.sportpaint.de\/wp-content\/uploads\/2016\/11\/Volleyball-001-100x100.jpg 100w, https:\/\/www.sportpaint.de\/wp-content\/uploads\/2016\/11\/Volleyball-001.jpg 1100w, https:\/\/www.sportpaint.de\/wp-content\/uploads\/2016\/11\/Volleyball-001-300x300.jpg 300w, https:\/\/www.sportpaint.de\/wp-content\/uploads\/2016\/11\/Volleyball-001-768x768.jpg 768w, https:\/\/www.sportpaint.de\/wp-content\/uploads\/2016\/11\/Volleyball-001-1024x1024.jpg 1024w, https:\/\/www.sportpaint.de\/wp-content\/uploads\/2016\/11\/Volleyball-001-550x550.jpg 550w, https:\/\/www.sportpaint.de\/wp-content\/uploads\/2016\/11\/Volleyball-001-1000x1000.jpg 1000w\" sizes=\"auto, (max-width: 600px) 100vw, 600px\" \/>\t\t\t\t\t<\/span>\n\t\t\t\t\t<span class=\"qodef-hover-image\">\n\t\t\t\t\t<img loading=\"lazy\" decoding=\"async\" width=\"600\" height=\"600\" src=\"https:\/\/www.sportpaint.de\/wp-content\/uploads\/2016\/11\/Volleyball-SKETCH-BALL-600x600.jpg\" class=\"attachment-shop_catalog size-shop_catalog\" alt=\"\" srcset=\"https:\/\/www.sportpaint.de\/wp-content\/uploads\/2016\/11\/Volleyball-SKETCH-BALL-600x600.jpg 600w, https:\/\/www.sportpaint.de\/wp-content\/uploads\/2016\/11\/Volleyball-SKETCH-BALL-100x100.jpg 100w, https:\/\/www.sportpaint.de\/wp-content\/uploads\/2016\/11\/Volleyball-SKETCH-BALL.jpg 1100w, https:\/\/www.sportpaint.de\/wp-content\/uploads\/2016\/11\/Volleyball-SKETCH-BALL-300x300.jpg 300w, https:\/\/www.sportpaint.de\/wp-content\/uploads\/2016\/11\/Volleyball-SKETCH-BALL-768x768.jpg 768w, https:\/\/www.sportpaint.de\/wp-content\/uploads\/2016\/11\/Volleyball-SKETCH-BALL-1024x1024.jpg 1024w, https:\/\/www.sportpaint.de\/wp-content\/uploads\/2016\/11\/Volleyball-SKETCH-BALL-550x550.jpg 550w, https:\/\/www.sportpaint.de\/wp-content\/uploads\/2016\/11\/Volleyball-SKETCH-BALL-1000x1000.jpg 1000w\" sizes=\"auto, (max-width: 600px) 100vw, 600px\" \/>\t\t\t\t\t<\/span>\n        <\/a>\n        <div class=\"qodef-product-standard-button-holder\">\n\n            <a href=\"https:\/\/www.sportpaint.de\/de\/produkt\/volleyball\/\" target=\"_self\"  class=\"qodef-btn qodef-btn-medium qodef-btn-solid qodef-btn-icon add_to_cart_button   product_type_variable\"  rel=\"nofollow\" data-product_id=\"5355\"  data-quantity=\"1\">    <span  class=\"qodef-btn-text\">Options<\/span>    <i class=\"qodef-icon-linear-icon lnr lnr-list \" ><\/i><\/a>\t<span id=\"woocommerce_loop_add_to_cart_link_describedby_5355\" class=\"screen-reader-text\">\n\t\tDieses Produkt weist mehrere Varianten auf. Die Optionen k\u00f6nnen auf der Produktseite gew\u00e4hlt werden\t<\/span>\n        <\/div>\n    <\/div>\n    <div class=\"qodef-product-standard-info-top\">\n        <div class=\"qodef-product-list-categories\"><a href=\"https:\/\/www.sportpaint.de\/de\/kategorie\/volleybaelle\/\" rel=\"tag\">Volleyb\u00e4lle<\/a><\/div><a href=\"https:\/\/www.sportpaint.de\/de\/produkt\/volleyball\/\" class=\"woocommerce-LoopProduct-link woocommerce-loop-product__link\"><h6 class=\"qodef-product-list-product-title\">Volleyball<\/h6><\/a>\n\t<span class=\"price\"><span class=\"woocommerce-Price-amount amount\"><bdi><span class=\"woocommerce-Price-currencySymbol\">&euro;<\/span>0,00<\/bdi><\/span><\/span>\n    <\/div>\n<\/div><\/div><\/div><\/div>[\/vc_column][\/vc_row][vc_row css=&#8220;.vc_custom_1476294137967{padding-top: 45px !important;padding-bottom: 0px !important;background-color: #f4f4f4 !important;}&#8220;][vc_column][vc_column_text css=&#8220;.vc_custom_1743964831428{padding-right: 50px !important;padding-bottom: 50px !important;padding-left: 50px !important;}&#8220;]<\/p>\n<div id=\"infotext\" style=\"padding-bottom: 30px;\">\n<p class=\"\" data-start=\"79\" data-end=\"133\"><strong data-start=\"79\" data-end=\"133\">Einen Volleyball bedrucken wir nach Ihren W\u00fcnschen<\/strong><\/p>\n<p class=\"\" data-start=\"135\" data-end=\"680\">Die Qualit\u00e4tsb\u00e4lle von Sportpaint werden nicht nur h\u00f6chsten sportlichen Anforderungen gerecht, sie stellen auch ein exzellentes Werbemittel dar. Ob Jung oder Alt \u2013 mit einem Werbeball hantiert einfach jeder gerne herum, der sportlich interessiert ist. Wenn Sie sich \u00fcberlegt haben, unter anderem einen <a href=\"https:\/\/www.sportpaint.de\/werbebaelle\/volleybaelle\/\">Volleyball<\/a> bedrucken zu lassen, sind Sie bei Sportpaint am Ziel. Zum Bedrucken stehen Ihnen in unserem Programm ein Volleyball in Normalgr\u00f6\u00dfe und in der <a href=\"https:\/\/www.sportpaint.de\/produkt\/mini-volleyball\/\">Mini-Ausf\u00fchrung<\/a> zur Verf\u00fcgung. Beide Ballgr\u00f6\u00dfen eignen sich perfekt als Werbegeschenk!<\/p>\n<p class=\"\" data-start=\"682\" data-end=\"737\"><strong data-start=\"682\" data-end=\"737\">Ihren Wunsch-Volleyball bedrucken wir professionell<\/strong><\/p>\n<p class=\"\" data-start=\"739\" data-end=\"1683\">Ein Logo oder ein Werbeslogan auf einem Ball verewigen, den man gerne beispielsweise mit in den Park nimmt und der dadurch auch von anderen Sportbegeisterten wahrgenommen wird, hat einen bleibenden Werbeeffekt. Lassen Sie einen <a href=\"https:\/\/www.sportpaint.de\/werbebaelle\/volleybaelle\/\">Volleyball<\/a> bedrucken, befindet sich Ihre Werbebotschaft also durchgehend im Fokus aller Beteiligten. Wenn Sie sich auch weitere Sportb\u00e4lle als Werbetr\u00e4ger vorstellen k\u00f6nnen, sind wir auch daf\u00fcr zu haben, wenn es darum geht, <a href=\"https:\/\/www.sportpaint.de\/produkt\/tennis-ball\/\">Tennisb\u00e4lle zu bedrucken<\/a>.<\/p>\n<p class=\"\" data-start=\"1685\" data-end=\"1747\"><strong data-start=\"1685\" data-end=\"1747\">Die Qualit\u00e4ten unserer werbenden Volleyb\u00e4lle im \u00dcberblick:<\/strong><\/p>\n<ul data-start=\"1749\" data-end=\"1918\">\n<li class=\"\" data-start=\"1749\" data-end=\"1767\">\n<p class=\"\" data-start=\"1751\" data-end=\"1767\">stabile Flugbahn<\/p>\n<\/li>\n<li class=\"\" data-start=\"1768\" data-end=\"1802\">\n<p class=\"\" data-start=\"1770\" data-end=\"1802\">Druckfl\u00e4che von 10\u00d73 Zentimetern<\/p>\n<\/li>\n<li class=\"\" data-start=\"1803\" data-end=\"1833\">\n<p class=\"\" data-start=\"1805\" data-end=\"1833\">ein- oder mehrfarbiger Druck<\/p>\n<\/li>\n<li class=\"\" data-start=\"1834\" data-end=\"1885\">\n<p class=\"\" data-start=\"1836\" data-end=\"1885\">Umsetzung als Beach-, PU- oder Neopren-Volleyball<\/p>\n<\/li>\n<li class=\"\" data-start=\"1886\" data-end=\"1918\">\n<p class=\"\" data-start=\"1888\" data-end=\"1918\">auch als Minib\u00e4lle erh\u00e4ltlich.<\/p>\n<\/li>\n<\/ul>\n<p class=\"\" data-start=\"1920\" data-end=\"1973\"><strong data-start=\"1920\" data-end=\"1973\">Bedruckte Volleyb\u00e4lle f\u00fcr Unternehmen und Vereine<\/strong><\/p>\n<p class=\"\" data-start=\"1975\" data-end=\"2312\">Bestellen Sie noch heute Ihren neuen <a href=\"https:\/\/www.sportpaint.de\/werbebaelle\/volleybaelle\/\">Qualit\u00e4ts-Volleyball<\/a> bei Sportpaint! Auch Ihr Vereinslogo bringen wir gerne auf die Balloberfl\u00e4che auf. Wir garantieren Ihnen, dass unsere bedruckten Volleyb\u00e4lle nicht nur optimale Flugeigenschaften mitbringen, sondern dass der Aufdruck auch nach dem hei\u00dfesten Match noch deutlich zu sehen sein wird!<\/p>\n<p class=\"\" data-start=\"2314\" data-end=\"2544\">Ihre Werbebotschaft auf einem Volleyball \u2013 die perfekte Gelegenheit, Ihr Angebot oder Ihren Namen vielen Menschen n\u00e4herzubringen. Also warten Sie nicht l\u00e4nger, sondern lassen Sie noch heute einen hochwertigen Volleyball bedrucken!<\/p>\n<\/div>\n<p>[\/vc_column_text][\/vc_column][\/vc_row]<\/p>\n","protected":false},"excerpt":{"rendered":"<p>[vc_row][vc_column][vc_single_image image=&#8220;6788&#8243; img_size=&#8220;full&#8220;][vc_empty_space height=&#8220;30px&#8220;][\/vc_column][\/vc_row][vc_row el_class=&#8220;product-list&#8220;][vc_column][\/vc_column][\/vc_row][vc_row css=&#8220;.vc_custom_1476294137967{padding-top: 45px !important;padding-bottom: 0px !important;background-color: #f4f4f4 !important;}&#8220;][vc_column][vc_column_text css=&#8220;.vc_custom_1743964831428{padding-right: 50px !important;padding-bottom: 50px !important;padding-left: 50px !important;}&#8220;] Einen Volleyball bedrucken wir nach Ihren W\u00fcnschen Die Qualit\u00e4tsb\u00e4lle von Sportpaint werden nicht nur h\u00f6chsten sportlichen Anforderungen gerecht, sie stellen auch ein exzellentes Werbemittel dar. Ob&#8230;<\/p>\n","protected":false},"author":1,"featured_media":0,"parent":2060,"menu_order":0,"comment_status":"closed","ping_status":"closed","template":"full-width.php","meta":{"footnotes":""},"class_list":["post-4489","page","type-page","status-publish","hentry"],"_links":{"self":[{"href":"https:\/\/www.sportpaint.de\/de\/wp-json\/wp\/v2\/pages\/4489","targetHints":{"allow":["GET"]}}],"collection":[{"href":"https:\/\/www.sportpaint.de\/de\/wp-json\/wp\/v2\/pages"}],"about":[{"href":"https:\/\/www.sportpaint.de\/de\/wp-json\/wp\/v2\/types\/page"}],"author":[{"embeddable":true,"href":"https:\/\/www.sportpaint.de\/de\/wp-json\/wp\/v2\/users\/1"}],"replies":[{"embeddable":true,"href":"https:\/\/www.sportpaint.de\/de\/wp-json\/wp\/v2\/comments?post=4489"}],"version-history":[{"count":15,"href":"https:\/\/www.sportpaint.de\/de\/wp-json\/wp\/v2\/pages\/4489\/revisions"}],"predecessor-version":[{"id":9764,"href":"https:\/\/www.sportpaint.de\/de\/wp-json\/wp\/v2\/pages\/4489\/revisions\/9764"}],"up":[{"embeddable":true,"href":"https:\/\/www.sportpaint.de\/de\/wp-json\/wp\/v2\/pages\/2060"}],"wp:attachment":[{"href":"https:\/\/www.sportpaint.de\/de\/wp-json\/wp\/v2\/media?parent=4489"}],"curies":[{"name":"wp","href":"https:\/\/api.w.org\/{rel}","templated":true}]}}