{"id":4485,"date":"2016-08-30T22:55:13","date_gmt":"2016-08-30T20:55:13","guid":{"rendered":"http:\/\/relaunch.sportpaint.de\/?page_id=4485"},"modified":"2025-04-07T16:06:55","modified_gmt":"2025-04-07T14:06:55","slug":"soft-und-squeezebaelle","status":"publish","type":"page","link":"https:\/\/www.sportpaint.de\/de\/werbebaelle\/soft-und-squeezebaelle\/","title":{"rendered":"Soft- und Squeezeb\u00e4lle"},"content":{"rendered":"<p>[vc_row][vc_column][vc_single_image image=&#8220;6787&#8243; img_size=&#8220;full&#8220;][vc_empty_space height=&#8220;30px&#8220;][\/vc_column][\/vc_row][vc_row el_class=&#8220;product-list&#8220;][vc_column]<div class=\"qodef-product-list-holder\"><div class=\"woocommerce columns-4 \"><div class=\"products standard \"><div class=\"post-5594 product type-product status-publish has-post-thumbnail product_cat-soft-und-squeezebaelle first instock featured shipping-taxable purchasable product-type-variable\">\n    <div class=\"qodef-product-standard-image-holder\">\n        <a href=\"https:\/\/www.sportpaint.de\/de\/produkt\/soft-schaumstoffbaelle\/\" class=\"woocommerce-LoopProduct-link woocommerce-loop-product__link\">        <span class=\"qodef-original-image\">\n\t\t\t\t\t<img loading=\"lazy\" decoding=\"async\" width=\"600\" height=\"600\" src=\"https:\/\/www.sportpaint.de\/wp-content\/uploads\/2016\/12\/Unbeschichteter-PU-Soft-Schaumstoffball-II-002-600x600.jpg\" class=\"attachment-woocommerce_thumbnail size-woocommerce_thumbnail\" alt=\"Antistress- \/ PU-Schaumstoffb\u00e4lle\" srcset=\"https:\/\/www.sportpaint.de\/wp-content\/uploads\/2016\/12\/Unbeschichteter-PU-Soft-Schaumstoffball-II-002-600x600.jpg 600w, https:\/\/www.sportpaint.de\/wp-content\/uploads\/2016\/12\/Unbeschichteter-PU-Soft-Schaumstoffball-II-002-100x100.jpg 100w, https:\/\/www.sportpaint.de\/wp-content\/uploads\/2016\/12\/Unbeschichteter-PU-Soft-Schaumstoffball-II-002.jpg 1100w, https:\/\/www.sportpaint.de\/wp-content\/uploads\/2016\/12\/Unbeschichteter-PU-Soft-Schaumstoffball-II-002-300x300.jpg 300w, https:\/\/www.sportpaint.de\/wp-content\/uploads\/2016\/12\/Unbeschichteter-PU-Soft-Schaumstoffball-II-002-768x768.jpg 768w, https:\/\/www.sportpaint.de\/wp-content\/uploads\/2016\/12\/Unbeschichteter-PU-Soft-Schaumstoffball-II-002-1024x1024.jpg 1024w, https:\/\/www.sportpaint.de\/wp-content\/uploads\/2016\/12\/Unbeschichteter-PU-Soft-Schaumstoffball-II-002-550x550.jpg 550w, https:\/\/www.sportpaint.de\/wp-content\/uploads\/2016\/12\/Unbeschichteter-PU-Soft-Schaumstoffball-II-002-1000x1000.jpg 1000w\" sizes=\"auto, (max-width: 600px) 100vw, 600px\" \/>\t\t\t\t\t<\/span>\n\t\t\t\t\t<span class=\"qodef-hover-image\">\n\t\t\t\t\t<img loading=\"lazy\" decoding=\"async\" width=\"600\" height=\"600\" src=\"https:\/\/www.sportpaint.de\/wp-content\/uploads\/2016\/12\/Unbeschichteter-PU-Soft-Schaumstoffball-V-003-600x600.jpg\" class=\"attachment-shop_catalog size-shop_catalog\" alt=\"\" srcset=\"https:\/\/www.sportpaint.de\/wp-content\/uploads\/2016\/12\/Unbeschichteter-PU-Soft-Schaumstoffball-V-003-600x600.jpg 600w, https:\/\/www.sportpaint.de\/wp-content\/uploads\/2016\/12\/Unbeschichteter-PU-Soft-Schaumstoffball-V-003-100x100.jpg 100w, https:\/\/www.sportpaint.de\/wp-content\/uploads\/2016\/12\/Unbeschichteter-PU-Soft-Schaumstoffball-V-003.jpg 1100w, https:\/\/www.sportpaint.de\/wp-content\/uploads\/2016\/12\/Unbeschichteter-PU-Soft-Schaumstoffball-V-003-300x300.jpg 300w, https:\/\/www.sportpaint.de\/wp-content\/uploads\/2016\/12\/Unbeschichteter-PU-Soft-Schaumstoffball-V-003-768x768.jpg 768w, https:\/\/www.sportpaint.de\/wp-content\/uploads\/2016\/12\/Unbeschichteter-PU-Soft-Schaumstoffball-V-003-1024x1024.jpg 1024w, https:\/\/www.sportpaint.de\/wp-content\/uploads\/2016\/12\/Unbeschichteter-PU-Soft-Schaumstoffball-V-003-550x550.jpg 550w, https:\/\/www.sportpaint.de\/wp-content\/uploads\/2016\/12\/Unbeschichteter-PU-Soft-Schaumstoffball-V-003-1000x1000.jpg 1000w\" sizes=\"auto, (max-width: 600px) 100vw, 600px\" \/>\t\t\t\t\t<\/span>\n        <\/a>\n        <div class=\"qodef-product-standard-button-holder\">\n\n            <a href=\"https:\/\/www.sportpaint.de\/de\/produkt\/soft-schaumstoffbaelle\/\" target=\"_self\"  class=\"qodef-btn qodef-btn-medium qodef-btn-solid qodef-btn-icon add_to_cart_button   product_type_variable\"  rel=\"nofollow\" data-product_id=\"5594\"  data-quantity=\"1\">    <span  class=\"qodef-btn-text\">Options<\/span>    <i class=\"qodef-icon-linear-icon lnr lnr-list \" ><\/i><\/a>\t<span id=\"woocommerce_loop_add_to_cart_link_describedby_5594\" class=\"screen-reader-text\">\n\t\tDieses Produkt weist mehrere Varianten auf. Die Optionen k\u00f6nnen auf der Produktseite gew\u00e4hlt werden\t<\/span>\n        <\/div>\n    <\/div>\n    <div class=\"qodef-product-standard-info-top\">\n        <div class=\"qodef-product-list-categories\"><a href=\"https:\/\/www.sportpaint.de\/de\/kategorie\/soft-und-squeezebaelle\/\" rel=\"tag\">Soft- und Squeezeb\u00e4lle<\/a><\/div><a href=\"https:\/\/www.sportpaint.de\/de\/produkt\/soft-schaumstoffbaelle\/\" class=\"woocommerce-LoopProduct-link woocommerce-loop-product__link\"><h6 class=\"qodef-product-list-product-title\">Antistress- \/ PU-Schaumstoffb\u00e4lle<\/h6><\/a>\n\t<span class=\"price\"><span class=\"woocommerce-Price-amount amount\"><bdi><span class=\"woocommerce-Price-currencySymbol\">&euro;<\/span>0,00<\/bdi><\/span><\/span>\n    <\/div>\n<\/div><div class=\"post-5492 product type-product status-publish has-post-thumbnail product_cat-soft-und-squeezebaelle  instock featured shipping-taxable purchasable product-type-variable\">\n    <div class=\"qodef-product-standard-image-holder\">\n        <a href=\"https:\/\/www.sportpaint.de\/de\/produkt\/pu-schaumstoff-frisbee\/\" class=\"woocommerce-LoopProduct-link woocommerce-loop-product__link\">        <span class=\"qodef-original-image\">\n\t\t\t\t\t<img loading=\"lazy\" decoding=\"async\" width=\"600\" height=\"600\" src=\"https:\/\/www.sportpaint.de\/wp-content\/uploads\/2017\/01\/PU-Schaumstoff-Frisbee-002-600x600.jpg\" class=\"attachment-woocommerce_thumbnail size-woocommerce_thumbnail\" alt=\"PU-Schaumstoff-Frisbee\" srcset=\"https:\/\/www.sportpaint.de\/wp-content\/uploads\/2017\/01\/PU-Schaumstoff-Frisbee-002-600x600.jpg 600w, https:\/\/www.sportpaint.de\/wp-content\/uploads\/2017\/01\/PU-Schaumstoff-Frisbee-002-100x100.jpg 100w, https:\/\/www.sportpaint.de\/wp-content\/uploads\/2017\/01\/PU-Schaumstoff-Frisbee-002.jpg 1100w, https:\/\/www.sportpaint.de\/wp-content\/uploads\/2017\/01\/PU-Schaumstoff-Frisbee-002-300x300.jpg 300w, https:\/\/www.sportpaint.de\/wp-content\/uploads\/2017\/01\/PU-Schaumstoff-Frisbee-002-768x768.jpg 768w, https:\/\/www.sportpaint.de\/wp-content\/uploads\/2017\/01\/PU-Schaumstoff-Frisbee-002-1024x1024.jpg 1024w, https:\/\/www.sportpaint.de\/wp-content\/uploads\/2017\/01\/PU-Schaumstoff-Frisbee-002-550x550.jpg 550w, https:\/\/www.sportpaint.de\/wp-content\/uploads\/2017\/01\/PU-Schaumstoff-Frisbee-002-1000x1000.jpg 1000w, https:\/\/www.sportpaint.de\/wp-content\/uploads\/2017\/01\/PU-Schaumstoff-Frisbee-002-270x270.jpg 270w\" sizes=\"auto, (max-width: 600px) 100vw, 600px\" \/>\t\t\t\t\t<\/span>\n\t\t\t\t\t<span class=\"qodef-hover-image\">\n\t\t\t\t\t<img loading=\"lazy\" decoding=\"async\" width=\"600\" height=\"600\" src=\"https:\/\/www.sportpaint.de\/wp-content\/uploads\/2017\/01\/PU-Schaumstoff-Frisbee-001-600x600.jpg\" class=\"attachment-shop_catalog size-shop_catalog\" alt=\"\" srcset=\"https:\/\/www.sportpaint.de\/wp-content\/uploads\/2017\/01\/PU-Schaumstoff-Frisbee-001-600x600.jpg 600w, https:\/\/www.sportpaint.de\/wp-content\/uploads\/2017\/01\/PU-Schaumstoff-Frisbee-001-100x100.jpg 100w, https:\/\/www.sportpaint.de\/wp-content\/uploads\/2017\/01\/PU-Schaumstoff-Frisbee-001.jpg 1100w, https:\/\/www.sportpaint.de\/wp-content\/uploads\/2017\/01\/PU-Schaumstoff-Frisbee-001-300x300.jpg 300w, https:\/\/www.sportpaint.de\/wp-content\/uploads\/2017\/01\/PU-Schaumstoff-Frisbee-001-768x768.jpg 768w, https:\/\/www.sportpaint.de\/wp-content\/uploads\/2017\/01\/PU-Schaumstoff-Frisbee-001-1024x1024.jpg 1024w, https:\/\/www.sportpaint.de\/wp-content\/uploads\/2017\/01\/PU-Schaumstoff-Frisbee-001-550x550.jpg 550w, https:\/\/www.sportpaint.de\/wp-content\/uploads\/2017\/01\/PU-Schaumstoff-Frisbee-001-1000x1000.jpg 1000w, https:\/\/www.sportpaint.de\/wp-content\/uploads\/2017\/01\/PU-Schaumstoff-Frisbee-001-270x270.jpg 270w\" sizes=\"auto, (max-width: 600px) 100vw, 600px\" \/>\t\t\t\t\t<\/span>\n        <\/a>\n        <div class=\"qodef-product-standard-button-holder\">\n\n            <a href=\"https:\/\/www.sportpaint.de\/de\/produkt\/pu-schaumstoff-frisbee\/\" target=\"_self\"  class=\"qodef-btn qodef-btn-medium qodef-btn-solid qodef-btn-icon add_to_cart_button   product_type_variable\"  rel=\"nofollow\" data-product_id=\"5492\"  data-quantity=\"1\">    <span  class=\"qodef-btn-text\">Options<\/span>    <i class=\"qodef-icon-linear-icon lnr lnr-list \" ><\/i><\/a>\t<span id=\"woocommerce_loop_add_to_cart_link_describedby_5492\" class=\"screen-reader-text\">\n\t\tDieses Produkt weist mehrere Varianten auf. Die Optionen k\u00f6nnen auf der Produktseite gew\u00e4hlt werden\t<\/span>\n        <\/div>\n    <\/div>\n    <div class=\"qodef-product-standard-info-top\">\n        <div class=\"qodef-product-list-categories\"><a href=\"https:\/\/www.sportpaint.de\/de\/kategorie\/soft-und-squeezebaelle\/\" rel=\"tag\">Soft- und Squeezeb\u00e4lle<\/a><\/div><a href=\"https:\/\/www.sportpaint.de\/de\/produkt\/pu-schaumstoff-frisbee\/\" class=\"woocommerce-LoopProduct-link woocommerce-loop-product__link\"><h6 class=\"qodef-product-list-product-title\">PU-Schaumstoff-Frisbee<\/h6><\/a>\n\t<span class=\"price\"><span class=\"woocommerce-Price-amount amount\"><bdi><span class=\"woocommerce-Price-currencySymbol\">&euro;<\/span>0,00<\/bdi><\/span><\/span>\n    <\/div>\n<\/div><div class=\"post-5324 product type-product status-publish has-post-thumbnail product_cat-soft-und-squeezebaelle  instock featured shipping-taxable purchasable product-type-variable\">\n    <div class=\"qodef-product-standard-image-holder\">\n        <a href=\"https:\/\/www.sportpaint.de\/de\/produkt\/squeeze-ball\/\" class=\"woocommerce-LoopProduct-link woocommerce-loop-product__link\">        <span class=\"qodef-original-image\">\n\t\t\t\t\t<img loading=\"lazy\" decoding=\"async\" width=\"600\" height=\"600\" src=\"https:\/\/www.sportpaint.de\/wp-content\/uploads\/2016\/11\/Squeeze_005-600x600.jpg\" class=\"attachment-woocommerce_thumbnail size-woocommerce_thumbnail\" alt=\"Squeeze Ball\" srcset=\"https:\/\/www.sportpaint.de\/wp-content\/uploads\/2016\/11\/Squeeze_005-600x600.jpg 600w, https:\/\/www.sportpaint.de\/wp-content\/uploads\/2016\/11\/Squeeze_005-100x100.jpg 100w, https:\/\/www.sportpaint.de\/wp-content\/uploads\/2016\/11\/Squeeze_005.jpg 1100w, https:\/\/www.sportpaint.de\/wp-content\/uploads\/2016\/11\/Squeeze_005-300x300.jpg 300w, https:\/\/www.sportpaint.de\/wp-content\/uploads\/2016\/11\/Squeeze_005-768x768.jpg 768w, https:\/\/www.sportpaint.de\/wp-content\/uploads\/2016\/11\/Squeeze_005-1024x1024.jpg 1024w, https:\/\/www.sportpaint.de\/wp-content\/uploads\/2016\/11\/Squeeze_005-550x550.jpg 550w, https:\/\/www.sportpaint.de\/wp-content\/uploads\/2016\/11\/Squeeze_005-1000x1000.jpg 1000w\" sizes=\"auto, (max-width: 600px) 100vw, 600px\" \/>\t\t\t\t\t<\/span>\n\t\t\t\t\t<span class=\"qodef-hover-image\">\n\t\t\t\t\t<img loading=\"lazy\" decoding=\"async\" width=\"600\" height=\"600\" src=\"https:\/\/www.sportpaint.de\/wp-content\/uploads\/2016\/11\/32-Panel-Miniball-Ball-Sketch-600x600.jpg\" class=\"attachment-shop_catalog size-shop_catalog\" alt=\"\" srcset=\"https:\/\/www.sportpaint.de\/wp-content\/uploads\/2016\/11\/32-Panel-Miniball-Ball-Sketch-600x600.jpg 600w, https:\/\/www.sportpaint.de\/wp-content\/uploads\/2016\/11\/32-Panel-Miniball-Ball-Sketch-100x100.jpg 100w, https:\/\/www.sportpaint.de\/wp-content\/uploads\/2016\/11\/32-Panel-Miniball-Ball-Sketch.jpg 1100w, https:\/\/www.sportpaint.de\/wp-content\/uploads\/2016\/11\/32-Panel-Miniball-Ball-Sketch-300x300.jpg 300w, https:\/\/www.sportpaint.de\/wp-content\/uploads\/2016\/11\/32-Panel-Miniball-Ball-Sketch-768x768.jpg 768w, https:\/\/www.sportpaint.de\/wp-content\/uploads\/2016\/11\/32-Panel-Miniball-Ball-Sketch-1024x1024.jpg 1024w, https:\/\/www.sportpaint.de\/wp-content\/uploads\/2016\/11\/32-Panel-Miniball-Ball-Sketch-550x550.jpg 550w, https:\/\/www.sportpaint.de\/wp-content\/uploads\/2016\/11\/32-Panel-Miniball-Ball-Sketch-1000x1000.jpg 1000w\" sizes=\"auto, (max-width: 600px) 100vw, 600px\" \/>\t\t\t\t\t<\/span>\n        <\/a>\n        <div class=\"qodef-product-standard-button-holder\">\n\n            <a href=\"https:\/\/www.sportpaint.de\/de\/produkt\/squeeze-ball\/\" target=\"_self\"  class=\"qodef-btn qodef-btn-medium qodef-btn-solid qodef-btn-icon add_to_cart_button   product_type_variable\"  rel=\"nofollow\" data-product_id=\"5324\"  data-quantity=\"1\">    <span  class=\"qodef-btn-text\">Options<\/span>    <i class=\"qodef-icon-linear-icon lnr lnr-list \" ><\/i><\/a>\t<span id=\"woocommerce_loop_add_to_cart_link_describedby_5324\" class=\"screen-reader-text\">\n\t\tDieses Produkt weist mehrere Varianten auf. Die Optionen k\u00f6nnen auf der Produktseite gew\u00e4hlt werden\t<\/span>\n        <\/div>\n    <\/div>\n    <div class=\"qodef-product-standard-info-top\">\n        <div class=\"qodef-product-list-categories\"><a href=\"https:\/\/www.sportpaint.de\/de\/kategorie\/soft-und-squeezebaelle\/\" rel=\"tag\">Soft- und Squeezeb\u00e4lle<\/a><\/div><a href=\"https:\/\/www.sportpaint.de\/de\/produkt\/squeeze-ball\/\" class=\"woocommerce-LoopProduct-link woocommerce-loop-product__link\"><h6 class=\"qodef-product-list-product-title\">Squeeze Ball<\/h6><\/a>\n\t<span class=\"price\"><span class=\"woocommerce-Price-amount amount\"><bdi><span class=\"woocommerce-Price-currencySymbol\">&euro;<\/span>0,00<\/bdi><\/span><\/span>\n    <\/div>\n<\/div><\/div><\/div><\/div>[\/vc_column][\/vc_row][vc_row css=&#8220;.vc_custom_1510218747016{padding-top: 45px !important;background-color: #f4f4f4 !important;}&#8220;][vc_column][vc_column_text css=&#8220;.vc_custom_1744034812531{padding-right: 50px !important;padding-bottom: 50px !important;padding-left: 50px !important;}&#8220;]<\/p>\n<p class=\"\" data-start=\"84\" data-end=\"133\"><strong data-start=\"84\" data-end=\"133\">Schaumstoffb\u00e4lle bringen Ihre Werbung in Form<\/strong><\/p>\n<p class=\"\" data-start=\"135\" data-end=\"345\"><a href=\"https:\/\/www.sportpaint.de\/werbebaelle\/soft-und-squeezebaelle\/\">Schaumstoffb\u00e4lle<\/a> d\u00fcrften den meisten noch vom Sportunterricht her vertraut sein: weiche, flexible B\u00e4lle, die sich f\u00fcr nahezu jede Ballsportart eignen. Und das Beste: Die gesamte Oberfl\u00e4che kann bedruckt werden.<\/p>\n<p class=\"\" data-start=\"347\" data-end=\"702\">Wenden Sie sich an Sportpaint, um Ihre Werbung gekonnt abzurunden: Wir \u00fcbertragen Ihre W\u00fcnsche und Ideen gerne auf Schaumstoffb\u00e4lle, um ebenso individuelle wie augenf\u00e4llige Werbemittel zu kreieren. Dabei bieten wir Ihnen sowohl hinsichtlich des Drucks als auch der B\u00e4lle selbst \u00fcberlegene Qualit\u00e4t, die sich ebenfalls bei der sportlichen Handhabung zeigt.<\/p>\n<p class=\"\" data-start=\"704\" data-end=\"790\"><strong data-start=\"704\" data-end=\"790\">In unserem Sortiment finden Sie unter anderem folgende Schaumstoffb\u00e4lle:<\/strong><\/p>\n<ul data-start=\"792\" data-end=\"919\">\n<li class=\"\" data-start=\"792\" data-end=\"823\">\n<p class=\"\" data-start=\"794\" data-end=\"823\">beschichtete Schaumstoffb\u00e4lle<\/p>\n<\/li>\n<li class=\"\" data-start=\"824\" data-end=\"846\">\n<p class=\"\" data-start=\"826\" data-end=\"846\">Schaumstoff-Fu\u00dfb\u00e4lle<\/p>\n<\/li>\n<li class=\"\" data-start=\"847\" data-end=\"870\">\n<p class=\"\" data-start=\"849\" data-end=\"870\">Mini-Schaumstoffb\u00e4lle<\/p>\n<\/li>\n<li class=\"\" data-start=\"871\" data-end=\"895\">\n<p class=\"\" data-start=\"873\" data-end=\"895\">Schaumstoff-Rugbyb\u00e4lle<\/p>\n<\/li>\n<li class=\"\" data-start=\"896\" data-end=\"919\">\n<p class=\"\" data-start=\"898\" data-end=\"919\">Schaumstoff-Frisbees.<\/p>\n<\/li>\n<\/ul>\n<p class=\"\" data-start=\"921\" data-end=\"958\"><strong data-start=\"921\" data-end=\"958\">Schaumstoffb\u00e4lle mit Knautschzone<\/strong><\/p>\n<p class=\"\" data-start=\"960\" data-end=\"1328\">Unsere <a href=\"https:\/\/www.sportpaint.de\/werbebaelle\/soft-und-squeezebaelle\/\">Schaumstoffb\u00e4lle<\/a> sind mit einer robusten H\u00fclle aus Kunststoff bezogen \u2013 man kann sie verformen und dr\u00fccken, so viel man will, und dennoch kehren sie immer wieder in ihre urspr\u00fcngliche Form zur\u00fcck. Die H\u00fclle sorgt au\u00dferdem daf\u00fcr, dass der Schaumstoffkern nicht verschlei\u00dft, sodass diese B\u00e4lle auch bei intensiver Benutzung durch eine lange Lebensdauer bestechen.<\/p>\n<p class=\"\" data-start=\"1330\" data-end=\"1355\"><strong data-start=\"1330\" data-end=\"1355\">Geballte Werbewirkung<\/strong><\/p>\n<p class=\"\" data-start=\"1357\" data-end=\"1697\">Wir verwirklichen Schriftz\u00fcge und Botschaften aller Art auf der wandlungsf\u00e4higen Oberfl\u00e4che unserer Schaumstoffb\u00e4lle. Dabei bringen wir den Druck nicht blo\u00df auf, sondern setzen moderne Drucktechniken ein, um ihn zu einem Teil der H\u00fclle zu machen. Daher reibt sich der Aufdruck nicht ab, sondern hat ebenso lange Bestand wie der Ball selbst.<\/p>\n<p class=\"\" data-start=\"1699\" data-end=\"1737\"><strong data-start=\"1699\" data-end=\"1737\">Werbeb\u00e4lle f\u00fcr Sport und Marketing<\/strong><\/p>\n<p class=\"\" data-start=\"1739\" data-end=\"1998\">Interessieren Sie sich f\u00fcr B\u00e4lle, die sowohl als Sportger\u00e4te als auch als Werbemittel effektiv sind? Bei Sportpaint finden Sie stets eine umfassende Auswahl an Modellen aller Art, die wir gerne in Ihrem Auftrag bedrucken \u2013 ob Fu\u00df-, Hand- oder Schaumstoffb\u00e4lle!<\/p>\n<p>[\/vc_column_text][\/vc_column][\/vc_row]<\/p>\n","protected":false},"excerpt":{"rendered":"<p>[vc_row][vc_column][vc_single_image image=&#8220;6787&#8243; img_size=&#8220;full&#8220;][vc_empty_space height=&#8220;30px&#8220;][\/vc_column][\/vc_row][vc_row el_class=&#8220;product-list&#8220;][vc_column][\/vc_column][\/vc_row][vc_row css=&#8220;.vc_custom_1510218747016{padding-top: 45px !important;background-color: #f4f4f4 !important;}&#8220;][vc_column][vc_column_text css=&#8220;.vc_custom_1744034812531{padding-right: 50px !important;padding-bottom: 50px !important;padding-left: 50px !important;}&#8220;] Schaumstoffb\u00e4lle bringen Ihre Werbung in Form Schaumstoffb\u00e4lle d\u00fcrften den meisten noch vom Sportunterricht her vertraut sein: weiche, flexible B\u00e4lle, die sich f\u00fcr nahezu jede Ballsportart eignen. Und das&#8230;<\/p>\n","protected":false},"author":1,"featured_media":0,"parent":2060,"menu_order":0,"comment_status":"closed","ping_status":"closed","template":"full-width.php","meta":{"footnotes":""},"class_list":["post-4485","page","type-page","status-publish","hentry"],"_links":{"self":[{"href":"https:\/\/www.sportpaint.de\/de\/wp-json\/wp\/v2\/pages\/4485","targetHints":{"allow":["GET"]}}],"collection":[{"href":"https:\/\/www.sportpaint.de\/de\/wp-json\/wp\/v2\/pages"}],"about":[{"href":"https:\/\/www.sportpaint.de\/de\/wp-json\/wp\/v2\/types\/page"}],"author":[{"embeddable":true,"href":"https:\/\/www.sportpaint.de\/de\/wp-json\/wp\/v2\/users\/1"}],"replies":[{"embeddable":true,"href":"https:\/\/www.sportpaint.de\/de\/wp-json\/wp\/v2\/comments?post=4485"}],"version-history":[{"count":16,"href":"https:\/\/www.sportpaint.de\/de\/wp-json\/wp\/v2\/pages\/4485\/revisions"}],"predecessor-version":[{"id":9780,"href":"https:\/\/www.sportpaint.de\/de\/wp-json\/wp\/v2\/pages\/4485\/revisions\/9780"}],"up":[{"embeddable":true,"href":"https:\/\/www.sportpaint.de\/de\/wp-json\/wp\/v2\/pages\/2060"}],"wp:attachment":[{"href":"https:\/\/www.sportpaint.de\/de\/wp-json\/wp\/v2\/media?parent=4485"}],"curies":[{"name":"wp","href":"https:\/\/api.w.org\/{rel}","templated":true}]}}