{"id":4483,"date":"2016-08-30T22:55:45","date_gmt":"2016-08-30T20:55:45","guid":{"rendered":"http:\/\/relaunch.sportpaint.de\/?page_id=4483"},"modified":"2025-04-06T20:27:05","modified_gmt":"2025-04-06T18:27:05","slug":"basketbaelle","status":"publish","type":"page","link":"https:\/\/www.sportpaint.de\/de\/werbebaelle\/basketbaelle\/","title":{"rendered":"Basketb\u00e4lle"},"content":{"rendered":"<p>[vc_row][vc_column][vc_single_image image=&#8220;6780&#8243; img_size=&#8220;full&#8220;][vc_empty_space height=&#8220;30px&#8220;][\/vc_column][\/vc_row][vc_row el_class=&#8220;product-list&#8220;][vc_column]<div class=\"qodef-product-list-holder\"><div class=\"woocommerce columns-4 \"><div class=\"products standard \"><div class=\"post-5351 product type-product status-publish has-post-thumbnail product_cat-basketbaelle first instock featured shipping-taxable purchasable product-type-variable\">\n    <div class=\"qodef-product-standard-image-holder\">\n        <a href=\"https:\/\/www.sportpaint.de\/de\/produkt\/basketball\/\" class=\"woocommerce-LoopProduct-link woocommerce-loop-product__link\">        <span class=\"qodef-original-image\">\n\t\t\t\t\t<img loading=\"lazy\" decoding=\"async\" width=\"600\" height=\"600\" src=\"https:\/\/www.sportpaint.de\/wp-content\/uploads\/2016\/11\/normal-Basketball_001-600x600.jpg\" class=\"attachment-woocommerce_thumbnail size-woocommerce_thumbnail\" alt=\"Basketball\" srcset=\"https:\/\/www.sportpaint.de\/wp-content\/uploads\/2016\/11\/normal-Basketball_001-600x600.jpg 600w, https:\/\/www.sportpaint.de\/wp-content\/uploads\/2016\/11\/normal-Basketball_001-300x300.jpg 300w, https:\/\/www.sportpaint.de\/wp-content\/uploads\/2016\/11\/normal-Basketball_001-1024x1024.jpg 1024w, https:\/\/www.sportpaint.de\/wp-content\/uploads\/2016\/11\/normal-Basketball_001-768x768.jpg 768w, https:\/\/www.sportpaint.de\/wp-content\/uploads\/2016\/11\/normal-Basketball_001-550x550.jpg 550w, https:\/\/www.sportpaint.de\/wp-content\/uploads\/2016\/11\/normal-Basketball_001-1000x1000.jpg 1000w, https:\/\/www.sportpaint.de\/wp-content\/uploads\/2016\/11\/normal-Basketball_001-100x100.jpg 100w, https:\/\/www.sportpaint.de\/wp-content\/uploads\/2016\/11\/normal-Basketball_001.jpg 1100w\" sizes=\"auto, (max-width: 600px) 100vw, 600px\" \/>\t\t\t\t\t<\/span>\n\t\t\t\t\t<span class=\"qodef-hover-image\">\n\t\t\t\t\t<img loading=\"lazy\" decoding=\"async\" width=\"600\" height=\"600\" src=\"https:\/\/www.sportpaint.de\/wp-content\/uploads\/2016\/11\/Basketball-002-600x600.jpg\" class=\"attachment-shop_catalog size-shop_catalog\" alt=\"\" srcset=\"https:\/\/www.sportpaint.de\/wp-content\/uploads\/2016\/11\/Basketball-002-600x600.jpg 600w, https:\/\/www.sportpaint.de\/wp-content\/uploads\/2016\/11\/Basketball-002-100x100.jpg 100w, https:\/\/www.sportpaint.de\/wp-content\/uploads\/2016\/11\/Basketball-002.jpg 1100w, https:\/\/www.sportpaint.de\/wp-content\/uploads\/2016\/11\/Basketball-002-300x300.jpg 300w, https:\/\/www.sportpaint.de\/wp-content\/uploads\/2016\/11\/Basketball-002-768x768.jpg 768w, https:\/\/www.sportpaint.de\/wp-content\/uploads\/2016\/11\/Basketball-002-1024x1024.jpg 1024w, https:\/\/www.sportpaint.de\/wp-content\/uploads\/2016\/11\/Basketball-002-550x550.jpg 550w, https:\/\/www.sportpaint.de\/wp-content\/uploads\/2016\/11\/Basketball-002-1000x1000.jpg 1000w\" sizes=\"auto, (max-width: 600px) 100vw, 600px\" \/>\t\t\t\t\t<\/span>\n        <\/a>\n        <div class=\"qodef-product-standard-button-holder\">\n\n            <a href=\"https:\/\/www.sportpaint.de\/de\/produkt\/basketball\/\" target=\"_self\"  class=\"qodef-btn qodef-btn-medium qodef-btn-solid qodef-btn-icon add_to_cart_button   product_type_variable\"  rel=\"nofollow\" data-product_id=\"5351\"  data-quantity=\"1\">    <span  class=\"qodef-btn-text\">Options<\/span>    <i class=\"qodef-icon-linear-icon lnr lnr-list \" ><\/i><\/a>\t<span id=\"woocommerce_loop_add_to_cart_link_describedby_5351\" class=\"screen-reader-text\">\n\t\tDieses Produkt weist mehrere Varianten auf. Die Optionen k\u00f6nnen auf der Produktseite gew\u00e4hlt werden\t<\/span>\n        <\/div>\n    <\/div>\n    <div class=\"qodef-product-standard-info-top\">\n        <div class=\"qodef-product-list-categories\"><a href=\"https:\/\/www.sportpaint.de\/de\/kategorie\/basketbaelle\/\" rel=\"tag\">Basketb\u00e4lle<\/a><\/div><a href=\"https:\/\/www.sportpaint.de\/de\/produkt\/basketball\/\" class=\"woocommerce-LoopProduct-link woocommerce-loop-product__link\"><h6 class=\"qodef-product-list-product-title\">Basketball<\/h6><\/a>\n\t<span class=\"price\"><span class=\"woocommerce-Price-amount amount\"><bdi><span class=\"woocommerce-Price-currencySymbol\">&euro;<\/span>0,00<\/bdi><\/span><\/span>\n    <\/div>\n<\/div><div class=\"post-5468 product type-product status-publish has-post-thumbnail product_cat-basketbaelle product_cat-minibaelle  instock featured shipping-taxable purchasable product-type-variable\">\n    <div class=\"qodef-product-standard-image-holder\">\n        <a href=\"https:\/\/www.sportpaint.de\/de\/produkt\/mini-basketball\/\" class=\"woocommerce-LoopProduct-link woocommerce-loop-product__link\">        <span class=\"qodef-original-image\">\n\t\t\t\t\t<img loading=\"lazy\" decoding=\"async\" width=\"600\" height=\"600\" src=\"https:\/\/www.sportpaint.de\/wp-content\/uploads\/2016\/12\/MINI_002-600x600.jpg\" class=\"attachment-woocommerce_thumbnail size-woocommerce_thumbnail\" alt=\"Mini-Basketball\" srcset=\"https:\/\/www.sportpaint.de\/wp-content\/uploads\/2016\/12\/MINI_002-600x600.jpg 600w, https:\/\/www.sportpaint.de\/wp-content\/uploads\/2016\/12\/MINI_002-100x100.jpg 100w, https:\/\/www.sportpaint.de\/wp-content\/uploads\/2016\/12\/MINI_002.jpg 1100w, https:\/\/www.sportpaint.de\/wp-content\/uploads\/2016\/12\/MINI_002-300x300.jpg 300w, https:\/\/www.sportpaint.de\/wp-content\/uploads\/2016\/12\/MINI_002-768x768.jpg 768w, https:\/\/www.sportpaint.de\/wp-content\/uploads\/2016\/12\/MINI_002-1024x1024.jpg 1024w, https:\/\/www.sportpaint.de\/wp-content\/uploads\/2016\/12\/MINI_002-550x550.jpg 550w, https:\/\/www.sportpaint.de\/wp-content\/uploads\/2016\/12\/MINI_002-1000x1000.jpg 1000w\" sizes=\"auto, (max-width: 600px) 100vw, 600px\" \/>\t\t\t\t\t<\/span>\n\t\t\t\t\t<span class=\"qodef-hover-image\">\n\t\t\t\t\t<img loading=\"lazy\" decoding=\"async\" width=\"600\" height=\"600\" src=\"https:\/\/www.sportpaint.de\/wp-content\/uploads\/2016\/11\/Basketball-002-600x600.jpg\" class=\"attachment-shop_catalog size-shop_catalog\" alt=\"\" srcset=\"https:\/\/www.sportpaint.de\/wp-content\/uploads\/2016\/11\/Basketball-002-600x600.jpg 600w, https:\/\/www.sportpaint.de\/wp-content\/uploads\/2016\/11\/Basketball-002-100x100.jpg 100w, https:\/\/www.sportpaint.de\/wp-content\/uploads\/2016\/11\/Basketball-002.jpg 1100w, https:\/\/www.sportpaint.de\/wp-content\/uploads\/2016\/11\/Basketball-002-300x300.jpg 300w, https:\/\/www.sportpaint.de\/wp-content\/uploads\/2016\/11\/Basketball-002-768x768.jpg 768w, https:\/\/www.sportpaint.de\/wp-content\/uploads\/2016\/11\/Basketball-002-1024x1024.jpg 1024w, https:\/\/www.sportpaint.de\/wp-content\/uploads\/2016\/11\/Basketball-002-550x550.jpg 550w, https:\/\/www.sportpaint.de\/wp-content\/uploads\/2016\/11\/Basketball-002-1000x1000.jpg 1000w\" sizes=\"auto, (max-width: 600px) 100vw, 600px\" \/>\t\t\t\t\t<\/span>\n        <\/a>\n        <div class=\"qodef-product-standard-button-holder\">\n\n            <a href=\"https:\/\/www.sportpaint.de\/de\/produkt\/mini-basketball\/\" target=\"_self\"  class=\"qodef-btn qodef-btn-medium qodef-btn-solid qodef-btn-icon add_to_cart_button   product_type_variable\"  rel=\"nofollow\" data-product_id=\"5468\"  data-quantity=\"1\">    <span  class=\"qodef-btn-text\">Options<\/span>    <i class=\"qodef-icon-linear-icon lnr lnr-list \" ><\/i><\/a>\t<span id=\"woocommerce_loop_add_to_cart_link_describedby_5468\" class=\"screen-reader-text\">\n\t\tDieses Produkt weist mehrere Varianten auf. Die Optionen k\u00f6nnen auf der Produktseite gew\u00e4hlt werden\t<\/span>\n        <\/div>\n    <\/div>\n    <div class=\"qodef-product-standard-info-top\">\n        <div class=\"qodef-product-list-categories\"><a href=\"https:\/\/www.sportpaint.de\/de\/kategorie\/basketbaelle\/\" rel=\"tag\">Basketb\u00e4lle<\/a>, <a href=\"https:\/\/www.sportpaint.de\/de\/kategorie\/minibaelle\/\" rel=\"tag\">Minib\u00e4lle<\/a><\/div><a href=\"https:\/\/www.sportpaint.de\/de\/produkt\/mini-basketball\/\" class=\"woocommerce-LoopProduct-link woocommerce-loop-product__link\"><h6 class=\"qodef-product-list-product-title\">Mini-Basketball<\/h6><\/a>\n\t<span class=\"price\"><span class=\"woocommerce-Price-amount amount\"><bdi><span class=\"woocommerce-Price-currencySymbol\">&euro;<\/span>0,00<\/bdi><\/span><\/span>\n    <\/div>\n<\/div><\/div><\/div><\/div>[\/vc_column][\/vc_row][vc_row][vc_column][vc_column_text]<\/p>\n<div id=\"infotext\" style=\"padding-bottom: 15px;\">\n<p class=\"\" data-start=\"79\" data-end=\"134\"><strong data-start=\"79\" data-end=\"134\">Basketball individuell bedrucken lassen \u2013 vom Profi<\/strong><\/p>\n<p class=\"\" data-start=\"136\" data-end=\"609\">Sie suchen nach einer Werbem\u00f6glichkeit, die ins Auge f\u00e4llt, aber nicht aufdringlich wirkt? Dann sind wir Ihr perfekter Ansprechpartner! Bei Sportpaint k\u00f6nnen Sie zahlreiche B\u00e4lle diverser Sportarten mit Ihrem Logo, Slogan oder sonstigen Aufdruck versehen, um damit spielend zu werben. Hier k\u00f6nnen Sie Ihren ganz pers\u00f6nlichen <a href=\"https:\/\/www.sportpaint.de\/werbebaelle\/basketbaelle\/\">Basketball<\/a> entwerfen: Diesen bedrucken wir nicht nur mit Ihrem Wunschmotiv, sondern passen auf Wunsch auch die Grundfarbe an Ihre Werbestrategie an.<\/p>\n<p class=\"\" data-start=\"611\" data-end=\"670\"><strong data-start=\"611\" data-end=\"670\">Basketball als Werbemittel \u2013 Erfolg f\u00fcr Ihr Unternehmen<\/strong><\/p>\n<p class=\"\" data-start=\"672\" data-end=\"1555\">Wenn Sie einen <a href=\"https:\/\/www.sportpaint.de\/werbebaelle\/basketbaelle\/\">Basketball<\/a> bei uns bedrucken lassen, um ihn anschlie\u00dfend als Werbemittel zu verwenden, profitieren davon gleich zwei Seiten: Sie gewinnen potenzielle Neukunden hinzu, die sich wiederum \u00fcber Ihre Unterst\u00fctzung in Form von neuem Trainingsequipment freuen. Aus diesem Grund handelt es sich bei unseren Basketb\u00e4llen ausschlie\u00dflich um qualitativ hochwertige Exemplare, denn schlie\u00dflich soll Ihr Ball gut aussehen und zum Erfolg sowie Spa\u00df beim K\u00f6rbe werfen beitragen. Unser PRO-GRIP Trainings- und Streetball ist strapazierf\u00e4hig und langlebig, sodass Sie bzw. Ihre Kunden, Gesch\u00e4ftspartner und die von Ihnen gesponserten Mannschaften \u00fcber mehrere Saisons ihre Freude daran haben werden. Dar\u00fcber hinaus k\u00f6nnen Sie zwischen zwei verschiedenen Materialien w\u00e4hlen: Neben dem laut internationalem Reglement offiziellen Rubber-Ball bieten wir Ihnen auch eine PU-Soft-Variante an.<\/p>\n<p class=\"\" data-start=\"1557\" data-end=\"1641\"><strong data-start=\"1557\" data-end=\"1641\">Kreative Basketball-Werbung als attraktive Alternative zu klassischen Give-aways<\/strong><\/p>\n<p class=\"\" data-start=\"1643\" data-end=\"2270\">Coole Basketball-Werbung ist vielf\u00e4ltig einsetzbar: Als Gegenst\u00fcck zu Kugelschreibern, Schl\u00fcsselanh\u00e4ngern und Co. sind die abwechslungsreichen Give-aways bei Gro\u00df und Klein sowie Sportlern und Sportlerinnen beliebt. Daher finden Sie in unserem Sortiment verschiedene Gr\u00f6\u00dfen (7, 6, 5, 3) f\u00fcr Herren, Damen und Jugendspieler. Um aber auch die j\u00fcngsten Nachwuchstalente und Korbleger-Spezialisten zu f\u00f6rdern, f\u00fchren wir spezielle <a href=\"https:\/\/www.sportpaint.de\/produkt\/mini-basketball\/\">Mini-Basketb\u00e4lle<\/a> der Gr\u00f6\u00dfe 1. Ob einfarbig, mehrfarbig, mit gro\u00dffl\u00e4chigem Bild, aussagekr\u00e4ftigem Schriftzug oder schlichtem Logo \u2013 wir erf\u00fcllen jeden Wunsch und setzen Ihrer Kreativit\u00e4t keine Grenzen!<\/p>\n<p class=\"\" data-start=\"2272\" data-end=\"2341\"><strong data-start=\"2272\" data-end=\"2341\">Basketball mit Logo bedrucken \u2013 kreative Gestaltungsm\u00f6glichkeiten<\/strong><\/p>\n<p class=\"\" data-start=\"2343\" data-end=\"2608\">Sie m\u00f6chten einen <a href=\"https:\/\/www.sportpaint.de\/werbebaelle\/basketbaelle\/\">Basketball<\/a> bei uns bedrucken lassen, haben aber noch keine Ideen? Gerne helfen wir Ihnen dabei, das f\u00fcr Sie passende Produkt zu erstellen. Rufen Sie uns einfach unter +49 (0) 40\/2104018-0 an oder schicken Sie uns eine E-Mail an <a rel=\"noopener\" data-start=\"2589\" data-end=\"2607\">info@sportpaint.de<\/a><\/p>\n<\/div>\n<p>[\/vc_column_text][\/vc_column][\/vc_row]<\/p>\n","protected":false},"excerpt":{"rendered":"<p>[vc_row][vc_column][vc_single_image image=&#8220;6780&#8243; img_size=&#8220;full&#8220;][vc_empty_space height=&#8220;30px&#8220;][\/vc_column][\/vc_row][vc_row el_class=&#8220;product-list&#8220;][vc_column][\/vc_column][\/vc_row][vc_row][vc_column][vc_column_text] Basketball individuell bedrucken lassen \u2013 vom Profi Sie suchen nach einer Werbem\u00f6glichkeit, die ins Auge f\u00e4llt, aber nicht aufdringlich wirkt? Dann sind wir Ihr perfekter Ansprechpartner! Bei Sportpaint k\u00f6nnen Sie zahlreiche B\u00e4lle diverser Sportarten mit Ihrem Logo, Slogan oder sonstigen&#8230;<\/p>\n","protected":false},"author":1,"featured_media":0,"parent":2060,"menu_order":0,"comment_status":"closed","ping_status":"closed","template":"full-width.php","meta":{"footnotes":""},"class_list":["post-4483","page","type-page","status-publish","hentry"],"_links":{"self":[{"href":"https:\/\/www.sportpaint.de\/de\/wp-json\/wp\/v2\/pages\/4483","targetHints":{"allow":["GET"]}}],"collection":[{"href":"https:\/\/www.sportpaint.de\/de\/wp-json\/wp\/v2\/pages"}],"about":[{"href":"https:\/\/www.sportpaint.de\/de\/wp-json\/wp\/v2\/types\/page"}],"author":[{"embeddable":true,"href":"https:\/\/www.sportpaint.de\/de\/wp-json\/wp\/v2\/users\/1"}],"replies":[{"embeddable":true,"href":"https:\/\/www.sportpaint.de\/de\/wp-json\/wp\/v2\/comments?post=4483"}],"version-history":[{"count":12,"href":"https:\/\/www.sportpaint.de\/de\/wp-json\/wp\/v2\/pages\/4483\/revisions"}],"predecessor-version":[{"id":9763,"href":"https:\/\/www.sportpaint.de\/de\/wp-json\/wp\/v2\/pages\/4483\/revisions\/9763"}],"up":[{"embeddable":true,"href":"https:\/\/www.sportpaint.de\/de\/wp-json\/wp\/v2\/pages\/2060"}],"wp:attachment":[{"href":"https:\/\/www.sportpaint.de\/de\/wp-json\/wp\/v2\/media?parent=4483"}],"curies":[{"name":"wp","href":"https:\/\/api.w.org\/{rel}","templated":true}]}}